{"id":1259732,"date":"2021-03-18T13:13:10","date_gmt":"2021-03-18T12:13:10","guid":{"rendered":"https:\/\/devstage.fournell.de\/planung\/"},"modified":"2024-05-22T12:35:27","modified_gmt":"2024-05-22T11:35:27","slug":"planung","status":"publish","type":"page","link":"https:\/\/devstage.fournell.de\/en\/planung\/","title":{"rendered":"Planning"},"content":{"rendered":"<div class=\"container position-relative\">\r\n    <div class=\"row position-relative overflow-y-hidden\">\r\n        <div class=\"col-12 px-0 margin-top \">\r\n            <div class=\"text-box \">\r\n                <div class=\"text-box__wrap left\">\r\n                                            <div class=\"text-box__heading-container\">\r\n                            <h1 class=\"text-box__heading\">We turn concrete into perfect<\/h1>\r\n                        <\/div>\r\n                                            <div class=\"text-box__description\">\r\n                        <p>Virtual or reality? Somehow: both. Once the brainstorming is complete and project planning is underway, our CAD specialists set about planning everything with millimetre precision. If you wish, we can visualize the entire setup &#8211; as precisely as if you were already at your event.<\/p>\n                    <\/div>\r\n                                    <\/div>\r\n            <\/div>\r\n        <\/div>\r\n        <picture class=\"special-sign special-sign__subpage\">\n                        <source\n                            srcset=\"https:\/\/devstage.fournell.de\/wp-content\/themes\/hp-theme-child\/assets\/img\/subpage_mobile.svg\"\n                            media=\"(max-width: 575px)\"\n                        >\n                        <img decoding=\"async\" src=\"https:\/\/devstage.fournell.de\/wp-content\/themes\/hp-theme-child\/assets\/img\/subpage.svg\" alt=\"Logo\">\n                        <\/picture><\/div><div class=\"special-sign__circle subpage\">\n                <h1 class=\"special-sign__circle-heading\">Planning<\/h1>\n            <\/div>               \r\n<\/div>\n\n\r\n<div class=\"section content-section\">\r\n    <div class=\"container position-relative\">\r\n        <div class=\"row position-relative overflow-y-hidden \">\r\n            <div class=\"col-12 d-flex flex-wrap justify-content-center justify-content-md-start flex-md-nowrap px-0 text-image \">\r\n                <div class=\"text-image-column px-0 col-12 col-md-6 \">\r\n                                                    <div class=\"text-image__img first  \" style=\"background-image: url('https:\/\/devstage.fournell.de\/wp-content\/uploads\/2021\/04\/IWIS-100-Jahre-16-0255-01-1024x683.jpg')\"><\/div>\r\n                                                <\/div>\r\n                <div class=\"text-image-column px-0 col-12 col-md-6 ordered\">\r\n                                                    <div class=\"text-image__img second  \" style=\"background-image: url('https:\/\/devstage.fournell.de\/wp-content\/uploads\/2021\/04\/20-0975-AUDI-etron-GT-Medienworkshop-Muenchen02-scaled.jpg')\"><\/div>\r\n                                                <\/div>\r\n            <\/div>\r\n        <\/div>\r\n    <\/div>         \r\n<\/div>\n\n<div class=\"container position-relative\">\r\n    <div class=\"row position-relative overflow-y-hidden\">\r\n        <div class=\"col-12 px-0  \">\r\n            <div class=\"text-box \">\r\n                <div class=\"text-box__wrap center\">\r\n                                            <div class=\"text-box__heading-container\">\r\n                            <h1 class=\"text-box__heading\">Already know what others don&#8217;t even know about.<\/h1>\r\n                        <\/div>\r\n                                            <div class=\"text-box__description\">\r\n                        <p style=\"text-align: center;\">The fact that we are fast, competent and flexible is primarily due to the many years of experience of our project planners &#8211; they already know today what will be current tomorrow and implement it for you immediately. They are also closely connected to our technology team, who know what is currently in development, what is coming and what we need to implement immediately.<\/p>\n<p style=\"text-align: center;\">And: We are also happy to support you with the conception and technical implementation of your event.<\/p>\n                    <\/div>\r\n                                            <div class=\"text-box__buttons\">\r\n                                                            <a href=\"https:\/\/devstage.fournell.de\/en\/beratung\/\" target=\"\" class=\"button btn\">Consulting<\/a>\r\n                                                                <a href=\"https:\/\/devstage.fournell.de\/en\/technik\/\" target=\"\" class=\"button btn\">Technic<\/a>\r\n                                                        <\/div>\r\n                                        <\/div>\r\n            <\/div>\r\n        <\/div>\r\n        <\/div>               \r\n<\/div>\n\n\r\n<div class=\"section content-section\">\r\n    <div class=\"container position-relative\">\r\n        <div class=\"row position-relative overflow-y-hidden \">\r\n            <div class=\"col-12 d-flex flex-wrap justify-content-center justify-content-md-start flex-md-nowrap px-0 text-image \">\r\n                <div class=\"text-image-column px-0 col-12 col-md-6 \">\r\n                                                <div class=\"text-image__text-wrap\">\r\n                                <div class=\"text-image__text  -1\">\r\n                                    <h2 class=\"big-headline__headline \" style=\"text-align: right;\">EXPECT MORE.<br \/>\nGET MORE.<\/h2>\n                                                                    <\/div>\r\n                            <\/div>\r\n                                            <\/div>\r\n                <div class=\"text-image-column px-0 col-12 col-md-6 ordered\">\r\n                                                    <div class=\"text-image__img second  \" style=\"background-image: url('https:\/\/devstage.fournell.de\/wp-content\/uploads\/2021\/04\/jael-vallee-uq7Ld3rNd1Y-unsplash-scaled.jpg')\"><\/div>\r\n                                                <\/div>\r\n            <\/div>\r\n        <\/div>\r\n    <\/div>         \r\n<\/div>","protected":false},"excerpt":{"rendered":"","protected":false},"author":1,"featured_media":0,"parent":0,"menu_order":0,"comment_status":"closed","ping_status":"closed","template":"","meta":{"_acf_changed":false,"footnotes":""},"acf":[],"yoast_head":"<!-- This site is optimized with the Yoast SEO plugin v22.5 - https:\/\/yoast.com\/wordpress\/plugins\/seo\/ -->\n<title>Planning - das A und O f\u00fcr Ihr Event!<\/title>\n<meta name=\"description\" content=\"Gerne \u00fcbernehmen wir - speziell nach Ihren W\u00fcnschen - die technische Planung f\u00fcr Ihr Event! Unsere Experten freuen sich auf Sie.\" \/>\n<meta name=\"robots\" content=\"index, follow, max-snippet:-1, max-image-preview:large, max-video-preview:-1\" \/>\n<link rel=\"canonical\" href=\"https:\/\/devstage.fournell.de\/en\/planung\/\" \/>\n<meta property=\"og:locale\" content=\"en_US\" \/>\n<meta property=\"og:type\" content=\"article\" \/>\n<meta property=\"og:title\" content=\"Planning - das A und O f\u00fcr Ihr Event!\" \/>\n<meta property=\"og:description\" content=\"Gerne \u00fcbernehmen wir - speziell nach Ihren W\u00fcnschen - die technische Planung f\u00fcr Ihr Event! Unsere Experten freuen sich auf Sie.\" \/>\n<meta property=\"og:url\" content=\"https:\/\/devstage.fournell.de\/en\/planung\/\" \/>\n<meta property=\"og:site_name\" content=\"fournell showtechnik\" \/>\n<meta property=\"article:publisher\" content=\"https:\/\/de-de.facebook.com\/fournellshowtechnik\/\" \/>\n<meta property=\"article:modified_time\" content=\"2024-05-22T11:35:27+00:00\" \/>\n<meta name=\"twitter:card\" content=\"summary_large_image\" \/>\n<script type=\"application\/ld+json\" class=\"yoast-schema-graph\">{\"@context\":\"https:\/\/schema.org\",\"@graph\":[{\"@type\":\"WebPage\",\"@id\":\"https:\/\/devstage.fournell.de\/en\/planung\/\",\"url\":\"https:\/\/devstage.fournell.de\/en\/planung\/\",\"name\":\"Planning - das A und O f\u00fcr Ihr Event!\",\"isPartOf\":{\"@id\":\"https:\/\/devstage.fournell.de\/en\/#website\"},\"datePublished\":\"2021-03-18T12:13:10+00:00\",\"dateModified\":\"2024-05-22T11:35:27+00:00\",\"description\":\"Gerne \u00fcbernehmen wir - speziell nach Ihren W\u00fcnschen - die technische Planung f\u00fcr Ihr Event! Unsere Experten freuen sich auf Sie.\",\"breadcrumb\":{\"@id\":\"https:\/\/devstage.fournell.de\/en\/planung\/#breadcrumb\"},\"inLanguage\":\"en-US\",\"potentialAction\":[{\"@type\":\"ReadAction\",\"target\":[\"https:\/\/devstage.fournell.de\/en\/planung\/\"]}]},{\"@type\":\"BreadcrumbList\",\"@id\":\"https:\/\/devstage.fournell.de\/en\/planung\/#breadcrumb\",\"itemListElement\":[{\"@type\":\"ListItem\",\"position\":1,\"name\":\"Home\",\"item\":\"https:\/\/devstage.fournell.de\/en\/\"},{\"@type\":\"ListItem\",\"position\":2,\"name\":\"Planning\"}]},{\"@type\":\"WebSite\",\"@id\":\"https:\/\/devstage.fournell.de\/en\/#website\",\"url\":\"https:\/\/devstage.fournell.de\/en\/\",\"name\":\"fournell showtechnik\",\"description\":\"\",\"publisher\":{\"@id\":\"https:\/\/devstage.fournell.de\/en\/#organization\"},\"potentialAction\":[{\"@type\":\"SearchAction\",\"target\":{\"@type\":\"EntryPoint\",\"urlTemplate\":\"https:\/\/devstage.fournell.de\/en\/?s={search_term_string}\"},\"query-input\":\"required name=search_term_string\"}],\"inLanguage\":\"en-US\"},{\"@type\":\"Organization\",\"@id\":\"https:\/\/devstage.fournell.de\/en\/#organization\",\"name\":\"fournell Showtechnik\",\"url\":\"https:\/\/devstage.fournell.de\/en\/\",\"logo\":{\"@type\":\"ImageObject\",\"inLanguage\":\"en-US\",\"@id\":\"https:\/\/devstage.fournell.de\/en\/#\/schema\/logo\/image\/\",\"url\":\"https:\/\/devstage.fournell.de\/wp-content\/uploads\/2021\/03\/bulb.png\",\"contentUrl\":\"https:\/\/devstage.fournell.de\/wp-content\/uploads\/2021\/03\/bulb.png\",\"width\":112,\"height\":103,\"caption\":\"fournell Showtechnik\"},\"image\":{\"@id\":\"https:\/\/devstage.fournell.de\/en\/#\/schema\/logo\/image\/\"},\"sameAs\":[\"https:\/\/de-de.facebook.com\/fournellshowtechnik\/\",\"https:\/\/www.instagram.com\/fournellshowtechnik\/?hl=de\",\"https:\/\/www.linkedin.com\/company\/fournell\/?originalSubdomain=de\"]}]}<\/script>\n<!-- \/ Yoast SEO plugin. -->","yoast_head_json":{"title":"Planning - das A und O f\u00fcr Ihr Event!","description":"Gerne \u00fcbernehmen wir - speziell nach Ihren W\u00fcnschen - die technische Planung f\u00fcr Ihr Event! Unsere Experten freuen sich auf Sie.","robots":{"index":"index","follow":"follow","max-snippet":"max-snippet:-1","max-image-preview":"max-image-preview:large","max-video-preview":"max-video-preview:-1"},"canonical":"https:\/\/devstage.fournell.de\/en\/planung\/","og_locale":"en_US","og_type":"article","og_title":"Planning - das A und O f\u00fcr Ihr Event!","og_description":"Gerne \u00fcbernehmen wir - speziell nach Ihren W\u00fcnschen - die technische Planung f\u00fcr Ihr Event! Unsere Experten freuen sich auf Sie.","og_url":"https:\/\/devstage.fournell.de\/en\/planung\/","og_site_name":"fournell showtechnik","article_publisher":"https:\/\/de-de.facebook.com\/fournellshowtechnik\/","article_modified_time":"2024-05-22T11:35:27+00:00","twitter_card":"summary_large_image","schema":{"@context":"https:\/\/schema.org","@graph":[{"@type":"WebPage","@id":"https:\/\/devstage.fournell.de\/en\/planung\/","url":"https:\/\/devstage.fournell.de\/en\/planung\/","name":"Planning - das A und O f\u00fcr Ihr Event!","isPartOf":{"@id":"https:\/\/devstage.fournell.de\/en\/#website"},"datePublished":"2021-03-18T12:13:10+00:00","dateModified":"2024-05-22T11:35:27+00:00","description":"Gerne \u00fcbernehmen wir - speziell nach Ihren W\u00fcnschen - die technische Planung f\u00fcr Ihr Event! Unsere Experten freuen sich auf Sie.","breadcrumb":{"@id":"https:\/\/devstage.fournell.de\/en\/planung\/#breadcrumb"},"inLanguage":"en-US","potentialAction":[{"@type":"ReadAction","target":["https:\/\/devstage.fournell.de\/en\/planung\/"]}]},{"@type":"BreadcrumbList","@id":"https:\/\/devstage.fournell.de\/en\/planung\/#breadcrumb","itemListElement":[{"@type":"ListItem","position":1,"name":"Home","item":"https:\/\/devstage.fournell.de\/en\/"},{"@type":"ListItem","position":2,"name":"Planning"}]},{"@type":"WebSite","@id":"https:\/\/devstage.fournell.de\/en\/#website","url":"https:\/\/devstage.fournell.de\/en\/","name":"fournell showtechnik","description":"","publisher":{"@id":"https:\/\/devstage.fournell.de\/en\/#organization"},"potentialAction":[{"@type":"SearchAction","target":{"@type":"EntryPoint","urlTemplate":"https:\/\/devstage.fournell.de\/en\/?s={search_term_string}"},"query-input":"required name=search_term_string"}],"inLanguage":"en-US"},{"@type":"Organization","@id":"https:\/\/devstage.fournell.de\/en\/#organization","name":"fournell Showtechnik","url":"https:\/\/devstage.fournell.de\/en\/","logo":{"@type":"ImageObject","inLanguage":"en-US","@id":"https:\/\/devstage.fournell.de\/en\/#\/schema\/logo\/image\/","url":"https:\/\/devstage.fournell.de\/wp-content\/uploads\/2021\/03\/bulb.png","contentUrl":"https:\/\/devstage.fournell.de\/wp-content\/uploads\/2021\/03\/bulb.png","width":112,"height":103,"caption":"fournell Showtechnik"},"image":{"@id":"https:\/\/devstage.fournell.de\/en\/#\/schema\/logo\/image\/"},"sameAs":["https:\/\/de-de.facebook.com\/fournellshowtechnik\/","https:\/\/www.instagram.com\/fournellshowtechnik\/?hl=de","https:\/\/www.linkedin.com\/company\/fournell\/?originalSubdomain=de"]}]}},"_links":{"self":[{"href":"https:\/\/devstage.fournell.de\/en\/wp-json\/wp\/v2\/pages\/1259732"}],"collection":[{"href":"https:\/\/devstage.fournell.de\/en\/wp-json\/wp\/v2\/pages"}],"about":[{"href":"https:\/\/devstage.fournell.de\/en\/wp-json\/wp\/v2\/types\/page"}],"author":[{"embeddable":true,"href":"https:\/\/devstage.fournell.de\/en\/wp-json\/wp\/v2\/users\/1"}],"replies":[{"embeddable":true,"href":"https:\/\/devstage.fournell.de\/en\/wp-json\/wp\/v2\/comments?post=1259732"}],"version-history":[{"count":4,"href":"https:\/\/devstage.fournell.de\/en\/wp-json\/wp\/v2\/pages\/1259732\/revisions"}],"predecessor-version":[{"id":1259808,"href":"https:\/\/devstage.fournell.de\/en\/wp-json\/wp\/v2\/pages\/1259732\/revisions\/1259808"}],"wp:attachment":[{"href":"https:\/\/devstage.fournell.de\/en\/wp-json\/wp\/v2\/media?parent=1259732"}],"curies":[{"name":"wp","href":"https:\/\/api.w.org\/{rel}","templated":true}]}}