{"id":130623,"date":"2021-04-22T16:46:40","date_gmt":"2021-04-22T15:46:40","guid":{"rendered":"https:\/\/devstage.fournell.de\/product\/stumpfl-monoclip-projektionsleinwand-aufpro-rueckpro-diverse-groessen\/"},"modified":"2024-04-23T01:00:51","modified_gmt":"2024-04-23T00:00:51","slug":"stumpfl-monoclip-projektionsleinwand-aufpro-rueckpro-diverse-groessen","status":"publish","type":"product","link":"https:\/\/devstage.fournell.de\/en\/produkt\/stumpfl-monoclip-projektionsleinwand-aufpro-rueckpro-diverse-groessen\/","title":{"rendered":"STUMPFL MonoClip Projektionsleinwand 16:9 (Aufpro\/R\u00fcckpro); diverse Gr\u00f6\u00dfen;"},"content":{"rendered":"<p>verschiedene Bildbreiten verf\u00fcgbar (ca. 2,0-6,5m); Breitbild-Format; FlexWhite-CI (Aufprojektion); FlexRear-CI (R\u00fcckprojektion; umlaufender, schwarzer Rand (ca. 10cm); schwarzer, klappbarer Aluminiumrahmen; selbststehend oder h\u00e4ngend<\/p>\n","protected":false},"excerpt":{"rendered":"<p>verschiedene Bildbreiten verf\u00fcgbar (ca. 2,0-6,5m); Breitbild-Format; FlexWhite-CI (Aufprojektion); FlexRear-CI (R\u00fcckprojektion; umlaufender, schwarzer Rand (ca. 10cm); schwarzer, klappbarer Aluminiumrahmen; selbststehend oder h\u00e4ngend<\/p>\n","protected":false},"featured_media":1258331,"template":"","meta":{"_acf_changed":false},"product_cat":[480],"product_tag":[720,721,979,722],"acf":[],"yoast_head":"<!-- This site is optimized with the Yoast SEO plugin v22.5 - https:\/\/yoast.com\/wordpress\/plugins\/seo\/ -->\n<title>STUMPFL MonoClip Projektionsleinwand 16:9 (Aufpro\/R\u00fcckpro); diverse Gr\u00f6\u00dfen; - fournell showtechnik<\/title>\n<meta name=\"robots\" content=\"index, follow, max-snippet:-1, max-image-preview:large, max-video-preview:-1\" \/>\n<link rel=\"canonical\" href=\"https:\/\/devstage.fournell.de\/en\/produkt\/stumpfl-monoclip-projektionsleinwand-aufpro-rueckpro-diverse-groessen\/\" \/>\n<meta property=\"og:locale\" content=\"en_US\" \/>\n<meta property=\"og:type\" content=\"article\" \/>\n<meta property=\"og:title\" content=\"STUMPFL MonoClip Projektionsleinwand 16:9 (Aufpro\/R\u00fcckpro); diverse Gr\u00f6\u00dfen; - fournell showtechnik\" \/>\n<meta property=\"og:description\" content=\"verschiedene Bildbreiten verf\u00fcgbar (ca. 2,0-6,5m); Breitbild-Format; FlexWhite-CI (Aufprojektion); FlexRear-CI (R\u00fcckprojektion; umlaufender, schwarzer Rand (ca. 10cm); schwarzer, klappbarer Aluminiumrahmen; selbststehend oder h\u00e4ngend\" \/>\n<meta property=\"og:url\" content=\"https:\/\/devstage.fournell.de\/en\/produkt\/stumpfl-monoclip-projektionsleinwand-aufpro-rueckpro-diverse-groessen\/\" \/>\n<meta property=\"og:site_name\" content=\"fournell showtechnik\" \/>\n<meta property=\"article:publisher\" content=\"https:\/\/de-de.facebook.com\/fournellshowtechnik\/\" \/>\n<meta property=\"article:modified_time\" content=\"2024-04-23T00:00:51+00:00\" \/>\n<meta property=\"og:image\" content=\"https:\/\/devstage.fournell.de\/wp-content\/uploads\/2021\/04\/stumpfl-leinwaende-11.jpg\" \/>\n\t<meta property=\"og:image:width\" content=\"1024\" \/>\n\t<meta property=\"og:image:height\" content=\"768\" \/>\n\t<meta property=\"og:image:type\" content=\"image\/jpeg\" \/>\n<meta name=\"twitter:card\" content=\"summary_large_image\" \/>\n<script type=\"application\/ld+json\" class=\"yoast-schema-graph\">{\"@context\":\"https:\/\/schema.org\",\"@graph\":[{\"@type\":\"WebPage\",\"@id\":\"https:\/\/devstage.fournell.de\/en\/produkt\/stumpfl-monoclip-projektionsleinwand-aufpro-rueckpro-diverse-groessen\/\",\"url\":\"https:\/\/devstage.fournell.de\/en\/produkt\/stumpfl-monoclip-projektionsleinwand-aufpro-rueckpro-diverse-groessen\/\",\"name\":\"STUMPFL MonoClip Projektionsleinwand 16:9 (Aufpro\/R\u00fcckpro); diverse Gr\u00f6\u00dfen; - fournell showtechnik\",\"isPartOf\":{\"@id\":\"https:\/\/devstage.fournell.de\/en\/#website\"},\"primaryImageOfPage\":{\"@id\":\"https:\/\/devstage.fournell.de\/en\/produkt\/stumpfl-monoclip-projektionsleinwand-aufpro-rueckpro-diverse-groessen\/#primaryimage\"},\"image\":{\"@id\":\"https:\/\/devstage.fournell.de\/en\/produkt\/stumpfl-monoclip-projektionsleinwand-aufpro-rueckpro-diverse-groessen\/#primaryimage\"},\"thumbnailUrl\":\"https:\/\/devstage.fournell.de\/wp-content\/uploads\/2021\/04\/stumpfl-leinwaende-2.jpg\",\"datePublished\":\"2021-04-22T15:46:40+00:00\",\"dateModified\":\"2024-04-23T00:00:51+00:00\",\"breadcrumb\":{\"@id\":\"https:\/\/devstage.fournell.de\/en\/produkt\/stumpfl-monoclip-projektionsleinwand-aufpro-rueckpro-diverse-groessen\/#breadcrumb\"},\"inLanguage\":\"en-US\",\"potentialAction\":[{\"@type\":\"ReadAction\",\"target\":[\"https:\/\/devstage.fournell.de\/en\/produkt\/stumpfl-monoclip-projektionsleinwand-aufpro-rueckpro-diverse-groessen\/\"]}]},{\"@type\":\"ImageObject\",\"inLanguage\":\"en-US\",\"@id\":\"https:\/\/devstage.fournell.de\/en\/produkt\/stumpfl-monoclip-projektionsleinwand-aufpro-rueckpro-diverse-groessen\/#primaryimage\",\"url\":\"https:\/\/devstage.fournell.de\/wp-content\/uploads\/2021\/04\/stumpfl-leinwaende-2.jpg\",\"contentUrl\":\"https:\/\/devstage.fournell.de\/wp-content\/uploads\/2021\/04\/stumpfl-leinwaende-2.jpg\",\"width\":1024,\"height\":768},{\"@type\":\"BreadcrumbList\",\"@id\":\"https:\/\/devstage.fournell.de\/en\/produkt\/stumpfl-monoclip-projektionsleinwand-aufpro-rueckpro-diverse-groessen\/#breadcrumb\",\"itemListElement\":[{\"@type\":\"ListItem\",\"position\":1,\"name\":\"Home\",\"item\":\"https:\/\/devstage.fournell.de\/en\/\"},{\"@type\":\"ListItem\",\"position\":2,\"name\":\"Dry Hire\",\"item\":\"https:\/\/devstage.fournell.de\/en\/dry-hire\/\"},{\"@type\":\"ListItem\",\"position\":3,\"name\":\"STUMPFL MonoClip Projektionsleinwand 16:9 (Aufpro\/R\u00fcckpro); diverse Gr\u00f6\u00dfen;\"}]},{\"@type\":\"WebSite\",\"@id\":\"https:\/\/devstage.fournell.de\/en\/#website\",\"url\":\"https:\/\/devstage.fournell.de\/en\/\",\"name\":\"fournell showtechnik\",\"description\":\"\",\"publisher\":{\"@id\":\"https:\/\/devstage.fournell.de\/en\/#organization\"},\"potentialAction\":[{\"@type\":\"SearchAction\",\"target\":{\"@type\":\"EntryPoint\",\"urlTemplate\":\"https:\/\/devstage.fournell.de\/en\/?s={search_term_string}\"},\"query-input\":\"required name=search_term_string\"}],\"inLanguage\":\"en-US\"},{\"@type\":\"Organization\",\"@id\":\"https:\/\/devstage.fournell.de\/en\/#organization\",\"name\":\"fournell Showtechnik\",\"url\":\"https:\/\/devstage.fournell.de\/en\/\",\"logo\":{\"@type\":\"ImageObject\",\"inLanguage\":\"en-US\",\"@id\":\"https:\/\/devstage.fournell.de\/en\/#\/schema\/logo\/image\/\",\"url\":\"https:\/\/devstage.fournell.de\/wp-content\/uploads\/2021\/03\/bulb.png\",\"contentUrl\":\"https:\/\/devstage.fournell.de\/wp-content\/uploads\/2021\/03\/bulb.png\",\"width\":112,\"height\":103,\"caption\":\"fournell Showtechnik\"},\"image\":{\"@id\":\"https:\/\/devstage.fournell.de\/en\/#\/schema\/logo\/image\/\"},\"sameAs\":[\"https:\/\/de-de.facebook.com\/fournellshowtechnik\/\",\"https:\/\/www.instagram.com\/fournellshowtechnik\/?hl=de\",\"https:\/\/www.linkedin.com\/company\/fournell\/?originalSubdomain=de\"]}]}<\/script>\n<!-- \/ Yoast SEO plugin. -->","yoast_head_json":{"title":"STUMPFL MonoClip Projektionsleinwand 16:9 (Aufpro\/R\u00fcckpro); diverse Gr\u00f6\u00dfen; - fournell showtechnik","robots":{"index":"index","follow":"follow","max-snippet":"max-snippet:-1","max-image-preview":"max-image-preview:large","max-video-preview":"max-video-preview:-1"},"canonical":"https:\/\/devstage.fournell.de\/en\/produkt\/stumpfl-monoclip-projektionsleinwand-aufpro-rueckpro-diverse-groessen\/","og_locale":"en_US","og_type":"article","og_title":"STUMPFL MonoClip Projektionsleinwand 16:9 (Aufpro\/R\u00fcckpro); diverse Gr\u00f6\u00dfen; - fournell showtechnik","og_description":"verschiedene Bildbreiten verf\u00fcgbar (ca. 2,0-6,5m); Breitbild-Format; FlexWhite-CI (Aufprojektion); FlexRear-CI (R\u00fcckprojektion; umlaufender, schwarzer Rand (ca. 10cm); schwarzer, klappbarer Aluminiumrahmen; selbststehend oder h\u00e4ngend","og_url":"https:\/\/devstage.fournell.de\/en\/produkt\/stumpfl-monoclip-projektionsleinwand-aufpro-rueckpro-diverse-groessen\/","og_site_name":"fournell showtechnik","article_publisher":"https:\/\/de-de.facebook.com\/fournellshowtechnik\/","article_modified_time":"2024-04-23T00:00:51+00:00","og_image":[{"width":1024,"height":768,"url":"https:\/\/devstage.fournell.de\/wp-content\/uploads\/2021\/04\/stumpfl-leinwaende-11.jpg","type":"image\/jpeg"}],"twitter_card":"summary_large_image","schema":{"@context":"https:\/\/schema.org","@graph":[{"@type":"WebPage","@id":"https:\/\/devstage.fournell.de\/en\/produkt\/stumpfl-monoclip-projektionsleinwand-aufpro-rueckpro-diverse-groessen\/","url":"https:\/\/devstage.fournell.de\/en\/produkt\/stumpfl-monoclip-projektionsleinwand-aufpro-rueckpro-diverse-groessen\/","name":"STUMPFL MonoClip Projektionsleinwand 16:9 (Aufpro\/R\u00fcckpro); diverse Gr\u00f6\u00dfen; - fournell showtechnik","isPartOf":{"@id":"https:\/\/devstage.fournell.de\/en\/#website"},"primaryImageOfPage":{"@id":"https:\/\/devstage.fournell.de\/en\/produkt\/stumpfl-monoclip-projektionsleinwand-aufpro-rueckpro-diverse-groessen\/#primaryimage"},"image":{"@id":"https:\/\/devstage.fournell.de\/en\/produkt\/stumpfl-monoclip-projektionsleinwand-aufpro-rueckpro-diverse-groessen\/#primaryimage"},"thumbnailUrl":"https:\/\/devstage.fournell.de\/wp-content\/uploads\/2021\/04\/stumpfl-leinwaende-2.jpg","datePublished":"2021-04-22T15:46:40+00:00","dateModified":"2024-04-23T00:00:51+00:00","breadcrumb":{"@id":"https:\/\/devstage.fournell.de\/en\/produkt\/stumpfl-monoclip-projektionsleinwand-aufpro-rueckpro-diverse-groessen\/#breadcrumb"},"inLanguage":"en-US","potentialAction":[{"@type":"ReadAction","target":["https:\/\/devstage.fournell.de\/en\/produkt\/stumpfl-monoclip-projektionsleinwand-aufpro-rueckpro-diverse-groessen\/"]}]},{"@type":"ImageObject","inLanguage":"en-US","@id":"https:\/\/devstage.fournell.de\/en\/produkt\/stumpfl-monoclip-projektionsleinwand-aufpro-rueckpro-diverse-groessen\/#primaryimage","url":"https:\/\/devstage.fournell.de\/wp-content\/uploads\/2021\/04\/stumpfl-leinwaende-2.jpg","contentUrl":"https:\/\/devstage.fournell.de\/wp-content\/uploads\/2021\/04\/stumpfl-leinwaende-2.jpg","width":1024,"height":768},{"@type":"BreadcrumbList","@id":"https:\/\/devstage.fournell.de\/en\/produkt\/stumpfl-monoclip-projektionsleinwand-aufpro-rueckpro-diverse-groessen\/#breadcrumb","itemListElement":[{"@type":"ListItem","position":1,"name":"Home","item":"https:\/\/devstage.fournell.de\/en\/"},{"@type":"ListItem","position":2,"name":"Dry Hire","item":"https:\/\/devstage.fournell.de\/en\/dry-hire\/"},{"@type":"ListItem","position":3,"name":"STUMPFL MonoClip Projektionsleinwand 16:9 (Aufpro\/R\u00fcckpro); diverse Gr\u00f6\u00dfen;"}]},{"@type":"WebSite","@id":"https:\/\/devstage.fournell.de\/en\/#website","url":"https:\/\/devstage.fournell.de\/en\/","name":"fournell showtechnik","description":"","publisher":{"@id":"https:\/\/devstage.fournell.de\/en\/#organization"},"potentialAction":[{"@type":"SearchAction","target":{"@type":"EntryPoint","urlTemplate":"https:\/\/devstage.fournell.de\/en\/?s={search_term_string}"},"query-input":"required name=search_term_string"}],"inLanguage":"en-US"},{"@type":"Organization","@id":"https:\/\/devstage.fournell.de\/en\/#organization","name":"fournell Showtechnik","url":"https:\/\/devstage.fournell.de\/en\/","logo":{"@type":"ImageObject","inLanguage":"en-US","@id":"https:\/\/devstage.fournell.de\/en\/#\/schema\/logo\/image\/","url":"https:\/\/devstage.fournell.de\/wp-content\/uploads\/2021\/03\/bulb.png","contentUrl":"https:\/\/devstage.fournell.de\/wp-content\/uploads\/2021\/03\/bulb.png","width":112,"height":103,"caption":"fournell Showtechnik"},"image":{"@id":"https:\/\/devstage.fournell.de\/en\/#\/schema\/logo\/image\/"},"sameAs":["https:\/\/de-de.facebook.com\/fournellshowtechnik\/","https:\/\/www.instagram.com\/fournellshowtechnik\/?hl=de","https:\/\/www.linkedin.com\/company\/fournell\/?originalSubdomain=de"]}]}},"_links":{"self":[{"href":"https:\/\/devstage.fournell.de\/en\/wp-json\/wp\/v2\/product\/130623"}],"collection":[{"href":"https:\/\/devstage.fournell.de\/en\/wp-json\/wp\/v2\/product"}],"about":[{"href":"https:\/\/devstage.fournell.de\/en\/wp-json\/wp\/v2\/types\/product"}],"wp:featuredmedia":[{"embeddable":true,"href":"https:\/\/devstage.fournell.de\/en\/wp-json\/wp\/v2\/media\/1258331"}],"wp:attachment":[{"href":"https:\/\/devstage.fournell.de\/en\/wp-json\/wp\/v2\/media?parent=130623"}],"wp:term":[{"taxonomy":"product_cat","embeddable":true,"href":"https:\/\/devstage.fournell.de\/en\/wp-json\/wp\/v2\/product_cat?post=130623"},{"taxonomy":"product_tag","embeddable":true,"href":"https:\/\/devstage.fournell.de\/en\/wp-json\/wp\/v2\/product_tag?post=130623"}],"curies":[{"name":"wp","href":"https:\/\/api.w.org\/{rel}","templated":true}]}}