{"id":181052,"date":"2021-05-11T13:25:51","date_gmt":"2021-05-11T12:25:51","guid":{"rendered":"https:\/\/devstage.fournell.de\/product\/brightsign-ho523-hd-multimedia-player-ops-mit-netzwerkfunktionen\/"},"modified":"2024-04-23T01:03:40","modified_gmt":"2024-04-23T00:03:40","slug":"brightsign-ho523-hd-multimedia-player-ops-mit-netzwerkfunktionen","status":"publish","type":"product","link":"https:\/\/devstage.fournell.de\/en\/produkt\/brightsign-ho523-hd-multimedia-player-ops-mit-netzwerkfunktionen\/","title":{"rendered":"BRIGHTSIGN HO523 HD-MultiMedia-Player (OPS) mit Netzwerkfunktionen;"},"content":{"rendered":"<p>Einbauger\u00e4t f\u00fcr OPS-Slot an entsprechenden Displays; Wiedergabe von Videos, Bildern, Webseiten HTML5 (Mainstream) und Audiodateien in mehrere Bildbereichen oder als Endloswiedergabe von Playlisten; Management von Inhalten \u00fcber Netzwerk via BrightAuthor oder EaseScreen; Aufrufen einzelner Sequenzen \u00fcber GPIO, RS232, USB, USB Touchdisplays; Ger\u00e4te via Netzwerk synchronisierbar; Terminierung von Abspielsequenzen, Online Reports, Textticker, RSS-Feed; Ausgangsaufl\u00f6sungen bis zu 1920&#215;1080\/60Hz; Videoformate: H.265, H.264 (MPEG-4, Part 10), MPEG-2, MPEG-1;  Bildformate: BMP, JPEG, PNG; Audio: MP2, MP3, AAC, FLAC, OGG, WAV (AC3 pass trough); Eingang: 1x Micro-SDHX Laufwerk (bis 2TB), USB; Ausg\u00e4nge: 1x 3,5mm Klinke Audio-Buchse (analog &#038; digital); Steuerungsm\u00f6glichkeit: Netzwerk (Gbit), CEC, USB, RS232, 4x GPIO<\/p>\n","protected":false},"excerpt":{"rendered":"<p>Einbauger\u00e4t f\u00fcr OPS-Slot an entsprechenden Displays; Wiedergabe von Videos, Bildern, Webseiten HTML5 (Mainstream) und Audiodateien in mehrere Bildbereichen oder als Endloswiedergabe von Playlisten; Management von Inhalten \u00fcber Netzwerk via BrightAuthor oder EaseScreen; Aufrufen einzelner Sequenzen \u00fcber GPIO, RS232, USB, USB Touchdisplays; Ger\u00e4te via Netzwerk synchronisierbar; Terminierung von Abspielsequenzen, Online Reports, Textticker, RSS-Feed; Ausgangsaufl\u00f6sungen bis zu [&hellip;]<\/p>\n","protected":false},"featured_media":1258395,"template":"","meta":{"_acf_changed":false},"product_cat":[485],"product_tag":[700,699,771,772],"acf":[],"yoast_head":"<!-- This site is optimized with the Yoast SEO plugin v22.5 - https:\/\/yoast.com\/wordpress\/plugins\/seo\/ -->\n<title>BRIGHTSIGN HO523 HD-MultiMedia-Player (OPS) mit Netzwerkfunktionen; - fournell showtechnik<\/title>\n<meta name=\"robots\" content=\"index, follow, max-snippet:-1, max-image-preview:large, max-video-preview:-1\" \/>\n<link rel=\"canonical\" href=\"https:\/\/devstage.fournell.de\/en\/produkt\/brightsign-ho523-hd-multimedia-player-ops-mit-netzwerkfunktionen\/\" \/>\n<meta property=\"og:locale\" content=\"en_US\" \/>\n<meta property=\"og:type\" content=\"article\" \/>\n<meta property=\"og:title\" content=\"BRIGHTSIGN HO523 HD-MultiMedia-Player (OPS) mit Netzwerkfunktionen; - fournell showtechnik\" \/>\n<meta property=\"og:description\" content=\"Einbauger\u00e4t f\u00fcr OPS-Slot an entsprechenden Displays; Wiedergabe von Videos, Bildern, Webseiten HTML5 (Mainstream) und Audiodateien in mehrere Bildbereichen oder als Endloswiedergabe von Playlisten; Management von Inhalten \u00fcber Netzwerk via BrightAuthor oder EaseScreen; Aufrufen einzelner Sequenzen \u00fcber GPIO, RS232, USB, USB Touchdisplays; Ger\u00e4te via Netzwerk synchronisierbar; Terminierung von Abspielsequenzen, Online Reports, Textticker, RSS-Feed; Ausgangsaufl\u00f6sungen bis zu [&hellip;]\" \/>\n<meta property=\"og:url\" content=\"https:\/\/devstage.fournell.de\/en\/produkt\/brightsign-ho523-hd-multimedia-player-ops-mit-netzwerkfunktionen\/\" \/>\n<meta property=\"og:site_name\" content=\"fournell showtechnik\" \/>\n<meta property=\"article:publisher\" content=\"https:\/\/de-de.facebook.com\/fournellshowtechnik\/\" \/>\n<meta property=\"article:modified_time\" content=\"2024-04-23T00:03:40+00:00\" \/>\n<meta property=\"og:image\" content=\"https:\/\/devstage.fournell.de\/wp-content\/uploads\/2021\/05\/Brightsign-HO523_neu.jpg\" \/>\n\t<meta property=\"og:image:width\" content=\"1024\" \/>\n\t<meta property=\"og:image:height\" content=\"768\" \/>\n\t<meta property=\"og:image:type\" content=\"image\/jpeg\" \/>\n<meta name=\"twitter:card\" content=\"summary_large_image\" \/>\n<meta name=\"twitter:label1\" content=\"Est. reading time\" \/>\n\t<meta name=\"twitter:data1\" content=\"1 minute\" \/>\n<script type=\"application\/ld+json\" class=\"yoast-schema-graph\">{\"@context\":\"https:\/\/schema.org\",\"@graph\":[{\"@type\":\"WebPage\",\"@id\":\"https:\/\/devstage.fournell.de\/en\/produkt\/brightsign-ho523-hd-multimedia-player-ops-mit-netzwerkfunktionen\/\",\"url\":\"https:\/\/devstage.fournell.de\/en\/produkt\/brightsign-ho523-hd-multimedia-player-ops-mit-netzwerkfunktionen\/\",\"name\":\"BRIGHTSIGN HO523 HD-MultiMedia-Player (OPS) mit Netzwerkfunktionen; - fournell showtechnik\",\"isPartOf\":{\"@id\":\"https:\/\/devstage.fournell.de\/en\/#website\"},\"primaryImageOfPage\":{\"@id\":\"https:\/\/devstage.fournell.de\/en\/produkt\/brightsign-ho523-hd-multimedia-player-ops-mit-netzwerkfunktionen\/#primaryimage\"},\"image\":{\"@id\":\"https:\/\/devstage.fournell.de\/en\/produkt\/brightsign-ho523-hd-multimedia-player-ops-mit-netzwerkfunktionen\/#primaryimage\"},\"thumbnailUrl\":\"https:\/\/devstage.fournell.de\/wp-content\/uploads\/2021\/05\/Brightsign-HO523_neu-1.jpg\",\"datePublished\":\"2021-05-11T12:25:51+00:00\",\"dateModified\":\"2024-04-23T00:03:40+00:00\",\"breadcrumb\":{\"@id\":\"https:\/\/devstage.fournell.de\/en\/produkt\/brightsign-ho523-hd-multimedia-player-ops-mit-netzwerkfunktionen\/#breadcrumb\"},\"inLanguage\":\"en-US\",\"potentialAction\":[{\"@type\":\"ReadAction\",\"target\":[\"https:\/\/devstage.fournell.de\/en\/produkt\/brightsign-ho523-hd-multimedia-player-ops-mit-netzwerkfunktionen\/\"]}]},{\"@type\":\"ImageObject\",\"inLanguage\":\"en-US\",\"@id\":\"https:\/\/devstage.fournell.de\/en\/produkt\/brightsign-ho523-hd-multimedia-player-ops-mit-netzwerkfunktionen\/#primaryimage\",\"url\":\"https:\/\/devstage.fournell.de\/wp-content\/uploads\/2021\/05\/Brightsign-HO523_neu-1.jpg\",\"contentUrl\":\"https:\/\/devstage.fournell.de\/wp-content\/uploads\/2021\/05\/Brightsign-HO523_neu-1.jpg\",\"width\":1024,\"height\":768},{\"@type\":\"BreadcrumbList\",\"@id\":\"https:\/\/devstage.fournell.de\/en\/produkt\/brightsign-ho523-hd-multimedia-player-ops-mit-netzwerkfunktionen\/#breadcrumb\",\"itemListElement\":[{\"@type\":\"ListItem\",\"position\":1,\"name\":\"Home\",\"item\":\"https:\/\/devstage.fournell.de\/en\/\"},{\"@type\":\"ListItem\",\"position\":2,\"name\":\"Dry Hire\",\"item\":\"https:\/\/devstage.fournell.de\/en\/dry-hire\/\"},{\"@type\":\"ListItem\",\"position\":3,\"name\":\"BRIGHTSIGN HO523 HD-MultiMedia-Player (OPS) mit Netzwerkfunktionen;\"}]},{\"@type\":\"WebSite\",\"@id\":\"https:\/\/devstage.fournell.de\/en\/#website\",\"url\":\"https:\/\/devstage.fournell.de\/en\/\",\"name\":\"fournell showtechnik\",\"description\":\"\",\"publisher\":{\"@id\":\"https:\/\/devstage.fournell.de\/en\/#organization\"},\"potentialAction\":[{\"@type\":\"SearchAction\",\"target\":{\"@type\":\"EntryPoint\",\"urlTemplate\":\"https:\/\/devstage.fournell.de\/en\/?s={search_term_string}\"},\"query-input\":\"required name=search_term_string\"}],\"inLanguage\":\"en-US\"},{\"@type\":\"Organization\",\"@id\":\"https:\/\/devstage.fournell.de\/en\/#organization\",\"name\":\"fournell Showtechnik\",\"url\":\"https:\/\/devstage.fournell.de\/en\/\",\"logo\":{\"@type\":\"ImageObject\",\"inLanguage\":\"en-US\",\"@id\":\"https:\/\/devstage.fournell.de\/en\/#\/schema\/logo\/image\/\",\"url\":\"https:\/\/devstage.fournell.de\/wp-content\/uploads\/2021\/03\/bulb.png\",\"contentUrl\":\"https:\/\/devstage.fournell.de\/wp-content\/uploads\/2021\/03\/bulb.png\",\"width\":112,\"height\":103,\"caption\":\"fournell Showtechnik\"},\"image\":{\"@id\":\"https:\/\/devstage.fournell.de\/en\/#\/schema\/logo\/image\/\"},\"sameAs\":[\"https:\/\/de-de.facebook.com\/fournellshowtechnik\/\",\"https:\/\/www.instagram.com\/fournellshowtechnik\/?hl=de\",\"https:\/\/www.linkedin.com\/company\/fournell\/?originalSubdomain=de\"]}]}<\/script>\n<!-- \/ Yoast SEO plugin. -->","yoast_head_json":{"title":"BRIGHTSIGN HO523 HD-MultiMedia-Player (OPS) mit Netzwerkfunktionen; - fournell showtechnik","robots":{"index":"index","follow":"follow","max-snippet":"max-snippet:-1","max-image-preview":"max-image-preview:large","max-video-preview":"max-video-preview:-1"},"canonical":"https:\/\/devstage.fournell.de\/en\/produkt\/brightsign-ho523-hd-multimedia-player-ops-mit-netzwerkfunktionen\/","og_locale":"en_US","og_type":"article","og_title":"BRIGHTSIGN HO523 HD-MultiMedia-Player (OPS) mit Netzwerkfunktionen; - fournell showtechnik","og_description":"Einbauger\u00e4t f\u00fcr OPS-Slot an entsprechenden Displays; Wiedergabe von Videos, Bildern, Webseiten HTML5 (Mainstream) und Audiodateien in mehrere Bildbereichen oder als Endloswiedergabe von Playlisten; Management von Inhalten \u00fcber Netzwerk via BrightAuthor oder EaseScreen; Aufrufen einzelner Sequenzen \u00fcber GPIO, RS232, USB, USB Touchdisplays; Ger\u00e4te via Netzwerk synchronisierbar; Terminierung von Abspielsequenzen, Online Reports, Textticker, RSS-Feed; Ausgangsaufl\u00f6sungen bis zu [&hellip;]","og_url":"https:\/\/devstage.fournell.de\/en\/produkt\/brightsign-ho523-hd-multimedia-player-ops-mit-netzwerkfunktionen\/","og_site_name":"fournell showtechnik","article_publisher":"https:\/\/de-de.facebook.com\/fournellshowtechnik\/","article_modified_time":"2024-04-23T00:03:40+00:00","og_image":[{"width":1024,"height":768,"url":"https:\/\/devstage.fournell.de\/wp-content\/uploads\/2021\/05\/Brightsign-HO523_neu.jpg","type":"image\/jpeg"}],"twitter_card":"summary_large_image","twitter_misc":{"Est. reading time":"1 minute"},"schema":{"@context":"https:\/\/schema.org","@graph":[{"@type":"WebPage","@id":"https:\/\/devstage.fournell.de\/en\/produkt\/brightsign-ho523-hd-multimedia-player-ops-mit-netzwerkfunktionen\/","url":"https:\/\/devstage.fournell.de\/en\/produkt\/brightsign-ho523-hd-multimedia-player-ops-mit-netzwerkfunktionen\/","name":"BRIGHTSIGN HO523 HD-MultiMedia-Player (OPS) mit Netzwerkfunktionen; - fournell showtechnik","isPartOf":{"@id":"https:\/\/devstage.fournell.de\/en\/#website"},"primaryImageOfPage":{"@id":"https:\/\/devstage.fournell.de\/en\/produkt\/brightsign-ho523-hd-multimedia-player-ops-mit-netzwerkfunktionen\/#primaryimage"},"image":{"@id":"https:\/\/devstage.fournell.de\/en\/produkt\/brightsign-ho523-hd-multimedia-player-ops-mit-netzwerkfunktionen\/#primaryimage"},"thumbnailUrl":"https:\/\/devstage.fournell.de\/wp-content\/uploads\/2021\/05\/Brightsign-HO523_neu-1.jpg","datePublished":"2021-05-11T12:25:51+00:00","dateModified":"2024-04-23T00:03:40+00:00","breadcrumb":{"@id":"https:\/\/devstage.fournell.de\/en\/produkt\/brightsign-ho523-hd-multimedia-player-ops-mit-netzwerkfunktionen\/#breadcrumb"},"inLanguage":"en-US","potentialAction":[{"@type":"ReadAction","target":["https:\/\/devstage.fournell.de\/en\/produkt\/brightsign-ho523-hd-multimedia-player-ops-mit-netzwerkfunktionen\/"]}]},{"@type":"ImageObject","inLanguage":"en-US","@id":"https:\/\/devstage.fournell.de\/en\/produkt\/brightsign-ho523-hd-multimedia-player-ops-mit-netzwerkfunktionen\/#primaryimage","url":"https:\/\/devstage.fournell.de\/wp-content\/uploads\/2021\/05\/Brightsign-HO523_neu-1.jpg","contentUrl":"https:\/\/devstage.fournell.de\/wp-content\/uploads\/2021\/05\/Brightsign-HO523_neu-1.jpg","width":1024,"height":768},{"@type":"BreadcrumbList","@id":"https:\/\/devstage.fournell.de\/en\/produkt\/brightsign-ho523-hd-multimedia-player-ops-mit-netzwerkfunktionen\/#breadcrumb","itemListElement":[{"@type":"ListItem","position":1,"name":"Home","item":"https:\/\/devstage.fournell.de\/en\/"},{"@type":"ListItem","position":2,"name":"Dry Hire","item":"https:\/\/devstage.fournell.de\/en\/dry-hire\/"},{"@type":"ListItem","position":3,"name":"BRIGHTSIGN HO523 HD-MultiMedia-Player (OPS) mit Netzwerkfunktionen;"}]},{"@type":"WebSite","@id":"https:\/\/devstage.fournell.de\/en\/#website","url":"https:\/\/devstage.fournell.de\/en\/","name":"fournell showtechnik","description":"","publisher":{"@id":"https:\/\/devstage.fournell.de\/en\/#organization"},"potentialAction":[{"@type":"SearchAction","target":{"@type":"EntryPoint","urlTemplate":"https:\/\/devstage.fournell.de\/en\/?s={search_term_string}"},"query-input":"required name=search_term_string"}],"inLanguage":"en-US"},{"@type":"Organization","@id":"https:\/\/devstage.fournell.de\/en\/#organization","name":"fournell Showtechnik","url":"https:\/\/devstage.fournell.de\/en\/","logo":{"@type":"ImageObject","inLanguage":"en-US","@id":"https:\/\/devstage.fournell.de\/en\/#\/schema\/logo\/image\/","url":"https:\/\/devstage.fournell.de\/wp-content\/uploads\/2021\/03\/bulb.png","contentUrl":"https:\/\/devstage.fournell.de\/wp-content\/uploads\/2021\/03\/bulb.png","width":112,"height":103,"caption":"fournell Showtechnik"},"image":{"@id":"https:\/\/devstage.fournell.de\/en\/#\/schema\/logo\/image\/"},"sameAs":["https:\/\/de-de.facebook.com\/fournellshowtechnik\/","https:\/\/www.instagram.com\/fournellshowtechnik\/?hl=de","https:\/\/www.linkedin.com\/company\/fournell\/?originalSubdomain=de"]}]}},"_links":{"self":[{"href":"https:\/\/devstage.fournell.de\/en\/wp-json\/wp\/v2\/product\/181052"}],"collection":[{"href":"https:\/\/devstage.fournell.de\/en\/wp-json\/wp\/v2\/product"}],"about":[{"href":"https:\/\/devstage.fournell.de\/en\/wp-json\/wp\/v2\/types\/product"}],"wp:featuredmedia":[{"embeddable":true,"href":"https:\/\/devstage.fournell.de\/en\/wp-json\/wp\/v2\/media\/1258395"}],"wp:attachment":[{"href":"https:\/\/devstage.fournell.de\/en\/wp-json\/wp\/v2\/media?parent=181052"}],"wp:term":[{"taxonomy":"product_cat","embeddable":true,"href":"https:\/\/devstage.fournell.de\/en\/wp-json\/wp\/v2\/product_cat?post=181052"},{"taxonomy":"product_tag","embeddable":true,"href":"https:\/\/devstage.fournell.de\/en\/wp-json\/wp\/v2\/product_tag?post=181052"}],"curies":[{"name":"wp","href":"https:\/\/api.w.org\/{rel}","templated":true}]}}