{"id":181053,"date":"2021-05-11T13:25:54","date_gmt":"2021-05-11T12:25:54","guid":{"rendered":"https:\/\/devstage.fournell.de\/product\/brightsign-xt1144-uhd-multimedia-player-mit-netzwerkfunktionen-sd-card-w-lan\/"},"modified":"2024-04-23T01:03:41","modified_gmt":"2024-04-23T00:03:41","slug":"brightsign-xt1144-uhd-multimedia-player-mit-netzwerkfunktionen-sd-card-w-lan","status":"publish","type":"product","link":"https:\/\/devstage.fournell.de\/en\/produkt\/brightsign-xt1144-uhd-multimedia-player-mit-netzwerkfunktionen-sd-card-w-lan\/","title":{"rendered":"BRIGHTSIGN XT1144 UHD-MultiMedia-Player mit Netzwerkfunktionen (SD-Card \/ W-LAN);"},"content":{"rendered":"<p>MultiDisplay-Zonen; Synchronisation via Netzwerk; UDP-Control; Wiedergabe von Videos mit Dolby-Vision und HDR10+ (bis 1 Video mit UHD + 1 Video mit 1080p), HDMI Eingang, Bilder, Webseiten HTML5 (Enterprise) Audiodateien in Gesamtbild oder mehrere Bildbereiche; Endloswiedergabe von Playlisten; Textticker m\u00f6glich; Ausgangsaufl\u00f6sungen bis 3840&#215;2160 HDMI; Videoformate: H265 (4K), H264 (MPEG-4\/part10), MPEG-2, MPEG-1; Bildformate: BMP, JPEG, PNG; Audio: MP2, MP3 , WAV, AAC, FLAC, OGG; Laufwerk f\u00fcr microSDXC (bis 2TB); Eingang: HDMI; Ausg\u00e4nge: HDMI, Audio 3,5mm Klinke (analog + digital); Steuerungsm\u00f6glichkeit: Netzwerk (Gbit, PoE+), WLAN (802.11a\/b\/g\/n), CEC, 2x USB-A-\/C, RS232, 8x GPIO bi-directional, IR (In\/Out)<\/p>\n","protected":false},"excerpt":{"rendered":"<p>MultiDisplay-Zonen; Synchronisation via Netzwerk; UDP-Control; Wiedergabe von Videos mit Dolby-Vision und HDR10+ (bis 1 Video mit UHD + 1 Video mit 1080p), HDMI Eingang, Bilder, Webseiten HTML5 (Enterprise) Audiodateien in Gesamtbild oder mehrere Bildbereiche; Endloswiedergabe von Playlisten; Textticker m\u00f6glich; Ausgangsaufl\u00f6sungen bis 3840&#215;2160 HDMI; Videoformate: H265 (4K), H264 (MPEG-4\/part10), MPEG-2, MPEG-1; Bildformate: BMP, JPEG, PNG; Audio: [&hellip;]<\/p>\n","protected":false},"featured_media":1258396,"template":"","meta":{"_acf_changed":false},"product_cat":[485],"product_tag":[700,699,771,772],"acf":[],"yoast_head":"<!-- This site is optimized with the Yoast SEO plugin v22.5 - https:\/\/yoast.com\/wordpress\/plugins\/seo\/ -->\n<title>BRIGHTSIGN XT1144 UHD-MultiMedia-Player mit Netzwerkfunktionen (SD-Card \/ W-LAN); - fournell showtechnik<\/title>\n<meta name=\"robots\" content=\"index, follow, max-snippet:-1, max-image-preview:large, max-video-preview:-1\" \/>\n<link rel=\"canonical\" href=\"https:\/\/devstage.fournell.de\/en\/produkt\/brightsign-xt1144-uhd-multimedia-player-mit-netzwerkfunktionen-sd-card-w-lan\/\" \/>\n<meta property=\"og:locale\" content=\"en_US\" \/>\n<meta property=\"og:type\" content=\"article\" \/>\n<meta property=\"og:title\" content=\"BRIGHTSIGN XT1144 UHD-MultiMedia-Player mit Netzwerkfunktionen (SD-Card \/ W-LAN); - fournell showtechnik\" \/>\n<meta property=\"og:description\" content=\"MultiDisplay-Zonen; Synchronisation via Netzwerk; UDP-Control; Wiedergabe von Videos mit Dolby-Vision und HDR10+ (bis 1 Video mit UHD + 1 Video mit 1080p), HDMI Eingang, Bilder, Webseiten HTML5 (Enterprise) Audiodateien in Gesamtbild oder mehrere Bildbereiche; Endloswiedergabe von Playlisten; Textticker m\u00f6glich; Ausgangsaufl\u00f6sungen bis 3840&#215;2160 HDMI; Videoformate: H265 (4K), H264 (MPEG-4\/part10), MPEG-2, MPEG-1; Bildformate: BMP, JPEG, PNG; Audio: [&hellip;]\" \/>\n<meta property=\"og:url\" content=\"https:\/\/devstage.fournell.de\/en\/produkt\/brightsign-xt1144-uhd-multimedia-player-mit-netzwerkfunktionen-sd-card-w-lan\/\" \/>\n<meta property=\"og:site_name\" content=\"fournell showtechnik\" \/>\n<meta property=\"article:publisher\" content=\"https:\/\/de-de.facebook.com\/fournellshowtechnik\/\" \/>\n<meta property=\"article:modified_time\" content=\"2024-04-23T00:03:41+00:00\" \/>\n<meta property=\"og:image\" content=\"https:\/\/devstage.fournell.de\/wp-content\/uploads\/2021\/05\/Brightsign-XT1144.jpg\" \/>\n\t<meta property=\"og:image:width\" content=\"1024\" \/>\n\t<meta property=\"og:image:height\" content=\"768\" \/>\n\t<meta property=\"og:image:type\" content=\"image\/jpeg\" \/>\n<meta name=\"twitter:card\" content=\"summary_large_image\" \/>\n<script type=\"application\/ld+json\" class=\"yoast-schema-graph\">{\"@context\":\"https:\/\/schema.org\",\"@graph\":[{\"@type\":\"WebPage\",\"@id\":\"https:\/\/devstage.fournell.de\/en\/produkt\/brightsign-xt1144-uhd-multimedia-player-mit-netzwerkfunktionen-sd-card-w-lan\/\",\"url\":\"https:\/\/devstage.fournell.de\/en\/produkt\/brightsign-xt1144-uhd-multimedia-player-mit-netzwerkfunktionen-sd-card-w-lan\/\",\"name\":\"BRIGHTSIGN XT1144 UHD-MultiMedia-Player mit Netzwerkfunktionen (SD-Card \/ W-LAN); - fournell showtechnik\",\"isPartOf\":{\"@id\":\"https:\/\/devstage.fournell.de\/en\/#website\"},\"primaryImageOfPage\":{\"@id\":\"https:\/\/devstage.fournell.de\/en\/produkt\/brightsign-xt1144-uhd-multimedia-player-mit-netzwerkfunktionen-sd-card-w-lan\/#primaryimage\"},\"image\":{\"@id\":\"https:\/\/devstage.fournell.de\/en\/produkt\/brightsign-xt1144-uhd-multimedia-player-mit-netzwerkfunktionen-sd-card-w-lan\/#primaryimage\"},\"thumbnailUrl\":\"https:\/\/devstage.fournell.de\/wp-content\/uploads\/2021\/05\/Brightsign-XT1144-1.jpg\",\"datePublished\":\"2021-05-11T12:25:54+00:00\",\"dateModified\":\"2024-04-23T00:03:41+00:00\",\"breadcrumb\":{\"@id\":\"https:\/\/devstage.fournell.de\/en\/produkt\/brightsign-xt1144-uhd-multimedia-player-mit-netzwerkfunktionen-sd-card-w-lan\/#breadcrumb\"},\"inLanguage\":\"en-US\",\"potentialAction\":[{\"@type\":\"ReadAction\",\"target\":[\"https:\/\/devstage.fournell.de\/en\/produkt\/brightsign-xt1144-uhd-multimedia-player-mit-netzwerkfunktionen-sd-card-w-lan\/\"]}]},{\"@type\":\"ImageObject\",\"inLanguage\":\"en-US\",\"@id\":\"https:\/\/devstage.fournell.de\/en\/produkt\/brightsign-xt1144-uhd-multimedia-player-mit-netzwerkfunktionen-sd-card-w-lan\/#primaryimage\",\"url\":\"https:\/\/devstage.fournell.de\/wp-content\/uploads\/2021\/05\/Brightsign-XT1144-1.jpg\",\"contentUrl\":\"https:\/\/devstage.fournell.de\/wp-content\/uploads\/2021\/05\/Brightsign-XT1144-1.jpg\",\"width\":1024,\"height\":768},{\"@type\":\"BreadcrumbList\",\"@id\":\"https:\/\/devstage.fournell.de\/en\/produkt\/brightsign-xt1144-uhd-multimedia-player-mit-netzwerkfunktionen-sd-card-w-lan\/#breadcrumb\",\"itemListElement\":[{\"@type\":\"ListItem\",\"position\":1,\"name\":\"Home\",\"item\":\"https:\/\/devstage.fournell.de\/en\/\"},{\"@type\":\"ListItem\",\"position\":2,\"name\":\"Dry Hire\",\"item\":\"https:\/\/devstage.fournell.de\/en\/dry-hire\/\"},{\"@type\":\"ListItem\",\"position\":3,\"name\":\"BRIGHTSIGN XT1144 UHD-MultiMedia-Player mit Netzwerkfunktionen (SD-Card \/ W-LAN);\"}]},{\"@type\":\"WebSite\",\"@id\":\"https:\/\/devstage.fournell.de\/en\/#website\",\"url\":\"https:\/\/devstage.fournell.de\/en\/\",\"name\":\"fournell showtechnik\",\"description\":\"\",\"publisher\":{\"@id\":\"https:\/\/devstage.fournell.de\/en\/#organization\"},\"potentialAction\":[{\"@type\":\"SearchAction\",\"target\":{\"@type\":\"EntryPoint\",\"urlTemplate\":\"https:\/\/devstage.fournell.de\/en\/?s={search_term_string}\"},\"query-input\":\"required name=search_term_string\"}],\"inLanguage\":\"en-US\"},{\"@type\":\"Organization\",\"@id\":\"https:\/\/devstage.fournell.de\/en\/#organization\",\"name\":\"fournell Showtechnik\",\"url\":\"https:\/\/devstage.fournell.de\/en\/\",\"logo\":{\"@type\":\"ImageObject\",\"inLanguage\":\"en-US\",\"@id\":\"https:\/\/devstage.fournell.de\/en\/#\/schema\/logo\/image\/\",\"url\":\"https:\/\/devstage.fournell.de\/wp-content\/uploads\/2021\/03\/bulb.png\",\"contentUrl\":\"https:\/\/devstage.fournell.de\/wp-content\/uploads\/2021\/03\/bulb.png\",\"width\":112,\"height\":103,\"caption\":\"fournell Showtechnik\"},\"image\":{\"@id\":\"https:\/\/devstage.fournell.de\/en\/#\/schema\/logo\/image\/\"},\"sameAs\":[\"https:\/\/de-de.facebook.com\/fournellshowtechnik\/\",\"https:\/\/www.instagram.com\/fournellshowtechnik\/?hl=de\",\"https:\/\/www.linkedin.com\/company\/fournell\/?originalSubdomain=de\"]}]}<\/script>\n<!-- \/ Yoast SEO plugin. -->","yoast_head_json":{"title":"BRIGHTSIGN XT1144 UHD-MultiMedia-Player mit Netzwerkfunktionen (SD-Card \/ W-LAN); - fournell showtechnik","robots":{"index":"index","follow":"follow","max-snippet":"max-snippet:-1","max-image-preview":"max-image-preview:large","max-video-preview":"max-video-preview:-1"},"canonical":"https:\/\/devstage.fournell.de\/en\/produkt\/brightsign-xt1144-uhd-multimedia-player-mit-netzwerkfunktionen-sd-card-w-lan\/","og_locale":"en_US","og_type":"article","og_title":"BRIGHTSIGN XT1144 UHD-MultiMedia-Player mit Netzwerkfunktionen (SD-Card \/ W-LAN); - fournell showtechnik","og_description":"MultiDisplay-Zonen; Synchronisation via Netzwerk; UDP-Control; Wiedergabe von Videos mit Dolby-Vision und HDR10+ (bis 1 Video mit UHD + 1 Video mit 1080p), HDMI Eingang, Bilder, Webseiten HTML5 (Enterprise) Audiodateien in Gesamtbild oder mehrere Bildbereiche; Endloswiedergabe von Playlisten; Textticker m\u00f6glich; Ausgangsaufl\u00f6sungen bis 3840&#215;2160 HDMI; Videoformate: H265 (4K), H264 (MPEG-4\/part10), MPEG-2, MPEG-1; Bildformate: BMP, JPEG, PNG; Audio: [&hellip;]","og_url":"https:\/\/devstage.fournell.de\/en\/produkt\/brightsign-xt1144-uhd-multimedia-player-mit-netzwerkfunktionen-sd-card-w-lan\/","og_site_name":"fournell showtechnik","article_publisher":"https:\/\/de-de.facebook.com\/fournellshowtechnik\/","article_modified_time":"2024-04-23T00:03:41+00:00","og_image":[{"width":1024,"height":768,"url":"https:\/\/devstage.fournell.de\/wp-content\/uploads\/2021\/05\/Brightsign-XT1144.jpg","type":"image\/jpeg"}],"twitter_card":"summary_large_image","schema":{"@context":"https:\/\/schema.org","@graph":[{"@type":"WebPage","@id":"https:\/\/devstage.fournell.de\/en\/produkt\/brightsign-xt1144-uhd-multimedia-player-mit-netzwerkfunktionen-sd-card-w-lan\/","url":"https:\/\/devstage.fournell.de\/en\/produkt\/brightsign-xt1144-uhd-multimedia-player-mit-netzwerkfunktionen-sd-card-w-lan\/","name":"BRIGHTSIGN XT1144 UHD-MultiMedia-Player mit Netzwerkfunktionen (SD-Card \/ W-LAN); - fournell showtechnik","isPartOf":{"@id":"https:\/\/devstage.fournell.de\/en\/#website"},"primaryImageOfPage":{"@id":"https:\/\/devstage.fournell.de\/en\/produkt\/brightsign-xt1144-uhd-multimedia-player-mit-netzwerkfunktionen-sd-card-w-lan\/#primaryimage"},"image":{"@id":"https:\/\/devstage.fournell.de\/en\/produkt\/brightsign-xt1144-uhd-multimedia-player-mit-netzwerkfunktionen-sd-card-w-lan\/#primaryimage"},"thumbnailUrl":"https:\/\/devstage.fournell.de\/wp-content\/uploads\/2021\/05\/Brightsign-XT1144-1.jpg","datePublished":"2021-05-11T12:25:54+00:00","dateModified":"2024-04-23T00:03:41+00:00","breadcrumb":{"@id":"https:\/\/devstage.fournell.de\/en\/produkt\/brightsign-xt1144-uhd-multimedia-player-mit-netzwerkfunktionen-sd-card-w-lan\/#breadcrumb"},"inLanguage":"en-US","potentialAction":[{"@type":"ReadAction","target":["https:\/\/devstage.fournell.de\/en\/produkt\/brightsign-xt1144-uhd-multimedia-player-mit-netzwerkfunktionen-sd-card-w-lan\/"]}]},{"@type":"ImageObject","inLanguage":"en-US","@id":"https:\/\/devstage.fournell.de\/en\/produkt\/brightsign-xt1144-uhd-multimedia-player-mit-netzwerkfunktionen-sd-card-w-lan\/#primaryimage","url":"https:\/\/devstage.fournell.de\/wp-content\/uploads\/2021\/05\/Brightsign-XT1144-1.jpg","contentUrl":"https:\/\/devstage.fournell.de\/wp-content\/uploads\/2021\/05\/Brightsign-XT1144-1.jpg","width":1024,"height":768},{"@type":"BreadcrumbList","@id":"https:\/\/devstage.fournell.de\/en\/produkt\/brightsign-xt1144-uhd-multimedia-player-mit-netzwerkfunktionen-sd-card-w-lan\/#breadcrumb","itemListElement":[{"@type":"ListItem","position":1,"name":"Home","item":"https:\/\/devstage.fournell.de\/en\/"},{"@type":"ListItem","position":2,"name":"Dry Hire","item":"https:\/\/devstage.fournell.de\/en\/dry-hire\/"},{"@type":"ListItem","position":3,"name":"BRIGHTSIGN XT1144 UHD-MultiMedia-Player mit Netzwerkfunktionen (SD-Card \/ W-LAN);"}]},{"@type":"WebSite","@id":"https:\/\/devstage.fournell.de\/en\/#website","url":"https:\/\/devstage.fournell.de\/en\/","name":"fournell showtechnik","description":"","publisher":{"@id":"https:\/\/devstage.fournell.de\/en\/#organization"},"potentialAction":[{"@type":"SearchAction","target":{"@type":"EntryPoint","urlTemplate":"https:\/\/devstage.fournell.de\/en\/?s={search_term_string}"},"query-input":"required name=search_term_string"}],"inLanguage":"en-US"},{"@type":"Organization","@id":"https:\/\/devstage.fournell.de\/en\/#organization","name":"fournell Showtechnik","url":"https:\/\/devstage.fournell.de\/en\/","logo":{"@type":"ImageObject","inLanguage":"en-US","@id":"https:\/\/devstage.fournell.de\/en\/#\/schema\/logo\/image\/","url":"https:\/\/devstage.fournell.de\/wp-content\/uploads\/2021\/03\/bulb.png","contentUrl":"https:\/\/devstage.fournell.de\/wp-content\/uploads\/2021\/03\/bulb.png","width":112,"height":103,"caption":"fournell Showtechnik"},"image":{"@id":"https:\/\/devstage.fournell.de\/en\/#\/schema\/logo\/image\/"},"sameAs":["https:\/\/de-de.facebook.com\/fournellshowtechnik\/","https:\/\/www.instagram.com\/fournellshowtechnik\/?hl=de","https:\/\/www.linkedin.com\/company\/fournell\/?originalSubdomain=de"]}]}},"_links":{"self":[{"href":"https:\/\/devstage.fournell.de\/en\/wp-json\/wp\/v2\/product\/181053"}],"collection":[{"href":"https:\/\/devstage.fournell.de\/en\/wp-json\/wp\/v2\/product"}],"about":[{"href":"https:\/\/devstage.fournell.de\/en\/wp-json\/wp\/v2\/types\/product"}],"wp:featuredmedia":[{"embeddable":true,"href":"https:\/\/devstage.fournell.de\/en\/wp-json\/wp\/v2\/media\/1258396"}],"wp:attachment":[{"href":"https:\/\/devstage.fournell.de\/en\/wp-json\/wp\/v2\/media?parent=181053"}],"wp:term":[{"taxonomy":"product_cat","embeddable":true,"href":"https:\/\/devstage.fournell.de\/en\/wp-json\/wp\/v2\/product_cat?post=181053"},{"taxonomy":"product_tag","embeddable":true,"href":"https:\/\/devstage.fournell.de\/en\/wp-json\/wp\/v2\/product_tag?post=181053"}],"curies":[{"name":"wp","href":"https:\/\/api.w.org\/{rel}","templated":true}]}}