{"id":233594,"date":"2021-10-13T11:34:45","date_gmt":"2021-10-13T10:34:45","guid":{"rendered":"https:\/\/devstage.fournell.de\/product\/bmd-ultrastudio-hd-mini-aufzeichnungs-wiedergabe-interface\/"},"modified":"2024-04-23T01:03:42","modified_gmt":"2024-04-23T00:03:42","slug":"bmd-ultrastudio-hd-mini-aufzeichnungs-wiedergabe-interface","status":"publish","type":"product","link":"https:\/\/devstage.fournell.de\/en\/produkt\/bmd-ultrastudio-hd-mini-aufzeichnungs-wiedergabe-interface\/","title":{"rendered":"BLACKMAGIC-DESIGN UltraStudio-HD\/Mini Aufzeichnungs-\/Wiedergabe-Interface;"},"content":{"rendered":"<p>Thunderbolt-3 (USB-C) Schnittstelle f\u00fcr Transferraten von bis zu 40 Gbit\/s; 1x 3G-SDI-Eingang; 2x 3G-SDI-Ausgang f\u00fcr Dual-Link-SDI- sowie F\u00fcll- und Key-Wiedergaben; unterst\u00fctzt Level A und Level B 3G-SDI; 1x HDMI-1.4a-Ausgang; 1x Y-, Cb-, Cr- und NTSC\/PAL-Eingang; 2x Klinkenbuchse f\u00fcr symmetrisches Analog Audio; 1x Tri-Sync- und Black-Burst-Referenzeingang; 1x RS-422-Anschlu\u00df f\u00fcr die Decksteuerung; unterst\u00fctzt 16 eingebettete Audiokan\u00e4le \u00fcber SDI und 2 Kan\u00e4le \u00fcber HDMI, alle SD- und HD-Formate bis 1080p\/60 und 2K DCI 25p f\u00fcr 10-Bit-YUV, alle SD- und HD-Formate bis 1080p\/30 f\u00fcr 12-Bit-RGB; unterst\u00fctzt das optionale Teranex Mini Smart Panel f\u00fcr Statusanzeigen<\/p>\n","protected":false},"excerpt":{"rendered":"<p>Thunderbolt-3 (USB-C) Schnittstelle f\u00fcr Transferraten von bis zu 40 Gbit\/s; 1x 3G-SDI-Eingang; 2x 3G-SDI-Ausgang f\u00fcr Dual-Link-SDI- sowie F\u00fcll- und Key-Wiedergaben; unterst\u00fctzt Level A und Level B 3G-SDI; 1x HDMI-1.4a-Ausgang; 1x Y-, Cb-, Cr- und NTSC\/PAL-Eingang; 2x Klinkenbuchse f\u00fcr symmetrisches Analog Audio; 1x Tri-Sync- und Black-Burst-Referenzeingang; 1x RS-422-Anschlu\u00df f\u00fcr die Decksteuerung; unterst\u00fctzt 16 eingebettete Audiokan\u00e4le \u00fcber [&hellip;]<\/p>\n","protected":false},"featured_media":1258408,"template":"","meta":{"_acf_changed":false},"product_cat":[486],"product_tag":[604,779,778,668],"acf":[],"yoast_head":"<!-- This site is optimized with the Yoast SEO plugin v22.5 - https:\/\/yoast.com\/wordpress\/plugins\/seo\/ -->\n<title>BLACKMAGIC-DESIGN UltraStudio-HD\/Mini Aufzeichnungs-\/Wiedergabe-Interface; - fournell showtechnik<\/title>\n<meta name=\"robots\" content=\"index, follow, max-snippet:-1, max-image-preview:large, max-video-preview:-1\" \/>\n<link rel=\"canonical\" href=\"https:\/\/devstage.fournell.de\/en\/produkt\/bmd-ultrastudio-hd-mini-aufzeichnungs-wiedergabe-interface\/\" \/>\n<meta property=\"og:locale\" content=\"en_US\" \/>\n<meta property=\"og:type\" content=\"article\" \/>\n<meta property=\"og:title\" content=\"BLACKMAGIC-DESIGN UltraStudio-HD\/Mini Aufzeichnungs-\/Wiedergabe-Interface; - fournell showtechnik\" \/>\n<meta property=\"og:description\" content=\"Thunderbolt-3 (USB-C) Schnittstelle f\u00fcr Transferraten von bis zu 40 Gbit\/s; 1x 3G-SDI-Eingang; 2x 3G-SDI-Ausgang f\u00fcr Dual-Link-SDI- sowie F\u00fcll- und Key-Wiedergaben; unterst\u00fctzt Level A und Level B 3G-SDI; 1x HDMI-1.4a-Ausgang; 1x Y-, Cb-, Cr- und NTSC\/PAL-Eingang; 2x Klinkenbuchse f\u00fcr symmetrisches Analog Audio; 1x Tri-Sync- und Black-Burst-Referenzeingang; 1x RS-422-Anschlu\u00df f\u00fcr die Decksteuerung; unterst\u00fctzt 16 eingebettete Audiokan\u00e4le \u00fcber [&hellip;]\" \/>\n<meta property=\"og:url\" content=\"https:\/\/devstage.fournell.de\/en\/produkt\/bmd-ultrastudio-hd-mini-aufzeichnungs-wiedergabe-interface\/\" \/>\n<meta property=\"og:site_name\" content=\"fournell showtechnik\" \/>\n<meta property=\"article:publisher\" content=\"https:\/\/de-de.facebook.com\/fournellshowtechnik\/\" \/>\n<meta property=\"article:modified_time\" content=\"2024-04-23T00:03:42+00:00\" \/>\n<meta property=\"og:image\" content=\"https:\/\/devstage.fournell.de\/wp-content\/uploads\/2021\/10\/Blackmagic-UltrastudioHDMini-1.jpg\" \/>\n\t<meta property=\"og:image:width\" content=\"1024\" \/>\n\t<meta property=\"og:image:height\" content=\"768\" \/>\n\t<meta property=\"og:image:type\" content=\"image\/jpeg\" \/>\n<meta name=\"twitter:card\" content=\"summary_large_image\" \/>\n<meta name=\"twitter:label1\" content=\"Est. reading time\" \/>\n\t<meta name=\"twitter:data1\" content=\"1 minute\" \/>\n<script type=\"application\/ld+json\" class=\"yoast-schema-graph\">{\"@context\":\"https:\/\/schema.org\",\"@graph\":[{\"@type\":\"WebPage\",\"@id\":\"https:\/\/devstage.fournell.de\/en\/produkt\/bmd-ultrastudio-hd-mini-aufzeichnungs-wiedergabe-interface\/\",\"url\":\"https:\/\/devstage.fournell.de\/en\/produkt\/bmd-ultrastudio-hd-mini-aufzeichnungs-wiedergabe-interface\/\",\"name\":\"BLACKMAGIC-DESIGN UltraStudio-HD\/Mini Aufzeichnungs-\/Wiedergabe-Interface; - fournell showtechnik\",\"isPartOf\":{\"@id\":\"https:\/\/devstage.fournell.de\/en\/#website\"},\"primaryImageOfPage\":{\"@id\":\"https:\/\/devstage.fournell.de\/en\/produkt\/bmd-ultrastudio-hd-mini-aufzeichnungs-wiedergabe-interface\/#primaryimage\"},\"image\":{\"@id\":\"https:\/\/devstage.fournell.de\/en\/produkt\/bmd-ultrastudio-hd-mini-aufzeichnungs-wiedergabe-interface\/#primaryimage\"},\"thumbnailUrl\":\"https:\/\/devstage.fournell.de\/wp-content\/uploads\/2021\/10\/Blackmagic-UltrastudioHDMini.jpg\",\"datePublished\":\"2021-10-13T10:34:45+00:00\",\"dateModified\":\"2024-04-23T00:03:42+00:00\",\"breadcrumb\":{\"@id\":\"https:\/\/devstage.fournell.de\/en\/produkt\/bmd-ultrastudio-hd-mini-aufzeichnungs-wiedergabe-interface\/#breadcrumb\"},\"inLanguage\":\"en-US\",\"potentialAction\":[{\"@type\":\"ReadAction\",\"target\":[\"https:\/\/devstage.fournell.de\/en\/produkt\/bmd-ultrastudio-hd-mini-aufzeichnungs-wiedergabe-interface\/\"]}]},{\"@type\":\"ImageObject\",\"inLanguage\":\"en-US\",\"@id\":\"https:\/\/devstage.fournell.de\/en\/produkt\/bmd-ultrastudio-hd-mini-aufzeichnungs-wiedergabe-interface\/#primaryimage\",\"url\":\"https:\/\/devstage.fournell.de\/wp-content\/uploads\/2021\/10\/Blackmagic-UltrastudioHDMini.jpg\",\"contentUrl\":\"https:\/\/devstage.fournell.de\/wp-content\/uploads\/2021\/10\/Blackmagic-UltrastudioHDMini.jpg\",\"width\":1024,\"height\":768},{\"@type\":\"BreadcrumbList\",\"@id\":\"https:\/\/devstage.fournell.de\/en\/produkt\/bmd-ultrastudio-hd-mini-aufzeichnungs-wiedergabe-interface\/#breadcrumb\",\"itemListElement\":[{\"@type\":\"ListItem\",\"position\":1,\"name\":\"Home\",\"item\":\"https:\/\/devstage.fournell.de\/en\/\"},{\"@type\":\"ListItem\",\"position\":2,\"name\":\"Dry Hire\",\"item\":\"https:\/\/devstage.fournell.de\/en\/dry-hire\/\"},{\"@type\":\"ListItem\",\"position\":3,\"name\":\"BLACKMAGIC-DESIGN UltraStudio-HD\/Mini Aufzeichnungs-\/Wiedergabe-Interface;\"}]},{\"@type\":\"WebSite\",\"@id\":\"https:\/\/devstage.fournell.de\/en\/#website\",\"url\":\"https:\/\/devstage.fournell.de\/en\/\",\"name\":\"fournell showtechnik\",\"description\":\"\",\"publisher\":{\"@id\":\"https:\/\/devstage.fournell.de\/en\/#organization\"},\"potentialAction\":[{\"@type\":\"SearchAction\",\"target\":{\"@type\":\"EntryPoint\",\"urlTemplate\":\"https:\/\/devstage.fournell.de\/en\/?s={search_term_string}\"},\"query-input\":\"required name=search_term_string\"}],\"inLanguage\":\"en-US\"},{\"@type\":\"Organization\",\"@id\":\"https:\/\/devstage.fournell.de\/en\/#organization\",\"name\":\"fournell Showtechnik\",\"url\":\"https:\/\/devstage.fournell.de\/en\/\",\"logo\":{\"@type\":\"ImageObject\",\"inLanguage\":\"en-US\",\"@id\":\"https:\/\/devstage.fournell.de\/en\/#\/schema\/logo\/image\/\",\"url\":\"https:\/\/devstage.fournell.de\/wp-content\/uploads\/2021\/03\/bulb.png\",\"contentUrl\":\"https:\/\/devstage.fournell.de\/wp-content\/uploads\/2021\/03\/bulb.png\",\"width\":112,\"height\":103,\"caption\":\"fournell Showtechnik\"},\"image\":{\"@id\":\"https:\/\/devstage.fournell.de\/en\/#\/schema\/logo\/image\/\"},\"sameAs\":[\"https:\/\/de-de.facebook.com\/fournellshowtechnik\/\",\"https:\/\/www.instagram.com\/fournellshowtechnik\/?hl=de\",\"https:\/\/www.linkedin.com\/company\/fournell\/?originalSubdomain=de\"]}]}<\/script>\n<!-- \/ Yoast SEO plugin. -->","yoast_head_json":{"title":"BLACKMAGIC-DESIGN UltraStudio-HD\/Mini Aufzeichnungs-\/Wiedergabe-Interface; - fournell showtechnik","robots":{"index":"index","follow":"follow","max-snippet":"max-snippet:-1","max-image-preview":"max-image-preview:large","max-video-preview":"max-video-preview:-1"},"canonical":"https:\/\/devstage.fournell.de\/en\/produkt\/bmd-ultrastudio-hd-mini-aufzeichnungs-wiedergabe-interface\/","og_locale":"en_US","og_type":"article","og_title":"BLACKMAGIC-DESIGN UltraStudio-HD\/Mini Aufzeichnungs-\/Wiedergabe-Interface; - fournell showtechnik","og_description":"Thunderbolt-3 (USB-C) Schnittstelle f\u00fcr Transferraten von bis zu 40 Gbit\/s; 1x 3G-SDI-Eingang; 2x 3G-SDI-Ausgang f\u00fcr Dual-Link-SDI- sowie F\u00fcll- und Key-Wiedergaben; unterst\u00fctzt Level A und Level B 3G-SDI; 1x HDMI-1.4a-Ausgang; 1x Y-, Cb-, Cr- und NTSC\/PAL-Eingang; 2x Klinkenbuchse f\u00fcr symmetrisches Analog Audio; 1x Tri-Sync- und Black-Burst-Referenzeingang; 1x RS-422-Anschlu\u00df f\u00fcr die Decksteuerung; unterst\u00fctzt 16 eingebettete Audiokan\u00e4le \u00fcber [&hellip;]","og_url":"https:\/\/devstage.fournell.de\/en\/produkt\/bmd-ultrastudio-hd-mini-aufzeichnungs-wiedergabe-interface\/","og_site_name":"fournell showtechnik","article_publisher":"https:\/\/de-de.facebook.com\/fournellshowtechnik\/","article_modified_time":"2024-04-23T00:03:42+00:00","og_image":[{"width":1024,"height":768,"url":"https:\/\/devstage.fournell.de\/wp-content\/uploads\/2021\/10\/Blackmagic-UltrastudioHDMini-1.jpg","type":"image\/jpeg"}],"twitter_card":"summary_large_image","twitter_misc":{"Est. reading time":"1 minute"},"schema":{"@context":"https:\/\/schema.org","@graph":[{"@type":"WebPage","@id":"https:\/\/devstage.fournell.de\/en\/produkt\/bmd-ultrastudio-hd-mini-aufzeichnungs-wiedergabe-interface\/","url":"https:\/\/devstage.fournell.de\/en\/produkt\/bmd-ultrastudio-hd-mini-aufzeichnungs-wiedergabe-interface\/","name":"BLACKMAGIC-DESIGN UltraStudio-HD\/Mini Aufzeichnungs-\/Wiedergabe-Interface; - fournell showtechnik","isPartOf":{"@id":"https:\/\/devstage.fournell.de\/en\/#website"},"primaryImageOfPage":{"@id":"https:\/\/devstage.fournell.de\/en\/produkt\/bmd-ultrastudio-hd-mini-aufzeichnungs-wiedergabe-interface\/#primaryimage"},"image":{"@id":"https:\/\/devstage.fournell.de\/en\/produkt\/bmd-ultrastudio-hd-mini-aufzeichnungs-wiedergabe-interface\/#primaryimage"},"thumbnailUrl":"https:\/\/devstage.fournell.de\/wp-content\/uploads\/2021\/10\/Blackmagic-UltrastudioHDMini.jpg","datePublished":"2021-10-13T10:34:45+00:00","dateModified":"2024-04-23T00:03:42+00:00","breadcrumb":{"@id":"https:\/\/devstage.fournell.de\/en\/produkt\/bmd-ultrastudio-hd-mini-aufzeichnungs-wiedergabe-interface\/#breadcrumb"},"inLanguage":"en-US","potentialAction":[{"@type":"ReadAction","target":["https:\/\/devstage.fournell.de\/en\/produkt\/bmd-ultrastudio-hd-mini-aufzeichnungs-wiedergabe-interface\/"]}]},{"@type":"ImageObject","inLanguage":"en-US","@id":"https:\/\/devstage.fournell.de\/en\/produkt\/bmd-ultrastudio-hd-mini-aufzeichnungs-wiedergabe-interface\/#primaryimage","url":"https:\/\/devstage.fournell.de\/wp-content\/uploads\/2021\/10\/Blackmagic-UltrastudioHDMini.jpg","contentUrl":"https:\/\/devstage.fournell.de\/wp-content\/uploads\/2021\/10\/Blackmagic-UltrastudioHDMini.jpg","width":1024,"height":768},{"@type":"BreadcrumbList","@id":"https:\/\/devstage.fournell.de\/en\/produkt\/bmd-ultrastudio-hd-mini-aufzeichnungs-wiedergabe-interface\/#breadcrumb","itemListElement":[{"@type":"ListItem","position":1,"name":"Home","item":"https:\/\/devstage.fournell.de\/en\/"},{"@type":"ListItem","position":2,"name":"Dry Hire","item":"https:\/\/devstage.fournell.de\/en\/dry-hire\/"},{"@type":"ListItem","position":3,"name":"BLACKMAGIC-DESIGN UltraStudio-HD\/Mini Aufzeichnungs-\/Wiedergabe-Interface;"}]},{"@type":"WebSite","@id":"https:\/\/devstage.fournell.de\/en\/#website","url":"https:\/\/devstage.fournell.de\/en\/","name":"fournell showtechnik","description":"","publisher":{"@id":"https:\/\/devstage.fournell.de\/en\/#organization"},"potentialAction":[{"@type":"SearchAction","target":{"@type":"EntryPoint","urlTemplate":"https:\/\/devstage.fournell.de\/en\/?s={search_term_string}"},"query-input":"required name=search_term_string"}],"inLanguage":"en-US"},{"@type":"Organization","@id":"https:\/\/devstage.fournell.de\/en\/#organization","name":"fournell Showtechnik","url":"https:\/\/devstage.fournell.de\/en\/","logo":{"@type":"ImageObject","inLanguage":"en-US","@id":"https:\/\/devstage.fournell.de\/en\/#\/schema\/logo\/image\/","url":"https:\/\/devstage.fournell.de\/wp-content\/uploads\/2021\/03\/bulb.png","contentUrl":"https:\/\/devstage.fournell.de\/wp-content\/uploads\/2021\/03\/bulb.png","width":112,"height":103,"caption":"fournell Showtechnik"},"image":{"@id":"https:\/\/devstage.fournell.de\/en\/#\/schema\/logo\/image\/"},"sameAs":["https:\/\/de-de.facebook.com\/fournellshowtechnik\/","https:\/\/www.instagram.com\/fournellshowtechnik\/?hl=de","https:\/\/www.linkedin.com\/company\/fournell\/?originalSubdomain=de"]}]}},"_links":{"self":[{"href":"https:\/\/devstage.fournell.de\/en\/wp-json\/wp\/v2\/product\/233594"}],"collection":[{"href":"https:\/\/devstage.fournell.de\/en\/wp-json\/wp\/v2\/product"}],"about":[{"href":"https:\/\/devstage.fournell.de\/en\/wp-json\/wp\/v2\/types\/product"}],"wp:featuredmedia":[{"embeddable":true,"href":"https:\/\/devstage.fournell.de\/en\/wp-json\/wp\/v2\/media\/1258408"}],"wp:attachment":[{"href":"https:\/\/devstage.fournell.de\/en\/wp-json\/wp\/v2\/media?parent=233594"}],"wp:term":[{"taxonomy":"product_cat","embeddable":true,"href":"https:\/\/devstage.fournell.de\/en\/wp-json\/wp\/v2\/product_cat?post=233594"},{"taxonomy":"product_tag","embeddable":true,"href":"https:\/\/devstage.fournell.de\/en\/wp-json\/wp\/v2\/product_tag?post=233594"}],"curies":[{"name":"wp","href":"https:\/\/api.w.org\/{rel}","templated":true}]}}