{"id":25881,"date":"2021-04-08T16:44:26","date_gmt":"2021-04-08T15:44:26","guid":{"rendered":"https:\/\/devstage.fournell.de\/product\/roe-ev4-system-controller-fuer-led-video-display\/"},"modified":"2024-04-23T01:00:49","modified_gmt":"2024-04-23T00:00:49","slug":"roe-ev4-system-controller-fuer-led-video-display","status":"publish","type":"product","link":"https:\/\/devstage.fournell.de\/en\/produkt\/roe-ev4-system-controller-fuer-led-video-display\/","title":{"rendered":"ROE EV4 System-Controller f\u00fcr LED-Video-Display;"},"content":{"rendered":"<p>High-Level LED-Controller (E-Vision) mit integr. Scaler und LCD-Display; Anbindung von bis zu 4x Fiber Distribution-Box (2x als Backup) zur Signal\u00fcbertragung \u00fcber gro\u00dfe Entfernungen; 4K\/60Hz; 10Bit Farbtiefe; HDR; integr. Prozessorredundanz; Videoformat-Wandlung; Input-Aufl\u00f6sung: bis 4.096&#215;2.160 (60Hz); Output-Aufl\u00f6sung (via EVX10): 8,3 Millionen Pixel mit 20 Ports (je max. 655.360 Pixel bei 60Hz\/8Bit); bis zu 8.192 Pixel Breite und 8.192 Pixel H\u00f6he; Input: 4x HD-SDI, 4x DVI, 1x HDMI 2.0, 1x DisplayPort 1.2; Output: 4x OpticalCon-Duo (Single-Mode); GenLock (in + loop); Steuerung: ArtNet (EtherCon), USB (A+B), RS232; ben\u00f6tigt mind. 1x EVX10 Fiber Distribution-Box (mit je 10x Output) zur Ansteuerung von LED-Modulen<\/p>\n","protected":false},"excerpt":{"rendered":"<p>High-Level LED-Controller (E-Vision) mit integr. Scaler und LCD-Display; Anbindung von bis zu 4x Fiber Distribution-Box (2x als Backup) zur Signal\u00fcbertragung \u00fcber gro\u00dfe Entfernungen; 4K\/60Hz; 10Bit Farbtiefe; HDR; integr. Prozessorredundanz; Videoformat-Wandlung; Input-Aufl\u00f6sung: bis 4.096&#215;2.160 (60Hz); Output-Aufl\u00f6sung (via EVX10): 8,3 Millionen Pixel mit 20 Ports (je max. 655.360 Pixel bei 60Hz\/8Bit); bis zu 8.192 Pixel Breite und [&hellip;]<\/p>\n","protected":false},"featured_media":1258306,"template":"","meta":{"_acf_changed":false},"product_cat":[599],"product_tag":[622,603,629],"acf":[],"yoast_head":"<!-- This site is optimized with the Yoast SEO plugin v22.5 - https:\/\/yoast.com\/wordpress\/plugins\/seo\/ -->\n<title>ROE EV4 System-Controller f\u00fcr LED-Video-Display; - fournell showtechnik<\/title>\n<meta name=\"robots\" content=\"index, follow, max-snippet:-1, max-image-preview:large, max-video-preview:-1\" \/>\n<link rel=\"canonical\" href=\"https:\/\/devstage.fournell.de\/en\/produkt\/roe-ev4-system-controller-fuer-led-video-display\/\" \/>\n<meta property=\"og:locale\" content=\"en_US\" \/>\n<meta property=\"og:type\" content=\"article\" \/>\n<meta property=\"og:title\" content=\"ROE EV4 System-Controller f\u00fcr LED-Video-Display; - fournell showtechnik\" \/>\n<meta property=\"og:description\" content=\"High-Level LED-Controller (E-Vision) mit integr. Scaler und LCD-Display; Anbindung von bis zu 4x Fiber Distribution-Box (2x als Backup) zur Signal\u00fcbertragung \u00fcber gro\u00dfe Entfernungen; 4K\/60Hz; 10Bit Farbtiefe; HDR; integr. Prozessorredundanz; Videoformat-Wandlung; Input-Aufl\u00f6sung: bis 4.096&#215;2.160 (60Hz); Output-Aufl\u00f6sung (via EVX10): 8,3 Millionen Pixel mit 20 Ports (je max. 655.360 Pixel bei 60Hz\/8Bit); bis zu 8.192 Pixel Breite und [&hellip;]\" \/>\n<meta property=\"og:url\" content=\"https:\/\/devstage.fournell.de\/en\/produkt\/roe-ev4-system-controller-fuer-led-video-display\/\" \/>\n<meta property=\"og:site_name\" content=\"fournell showtechnik\" \/>\n<meta property=\"article:publisher\" content=\"https:\/\/de-de.facebook.com\/fournellshowtechnik\/\" \/>\n<meta property=\"article:modified_time\" content=\"2024-04-23T00:00:49+00:00\" \/>\n<meta property=\"og:image\" content=\"https:\/\/devstage.fournell.de\/wp-content\/uploads\/2021\/04\/roe-ev4.jpg\" \/>\n\t<meta property=\"og:image:width\" content=\"1024\" \/>\n\t<meta property=\"og:image:height\" content=\"768\" \/>\n\t<meta property=\"og:image:type\" content=\"image\/jpeg\" \/>\n<meta name=\"twitter:card\" content=\"summary_large_image\" \/>\n<script type=\"application\/ld+json\" class=\"yoast-schema-graph\">{\"@context\":\"https:\/\/schema.org\",\"@graph\":[{\"@type\":\"WebPage\",\"@id\":\"https:\/\/devstage.fournell.de\/en\/produkt\/roe-ev4-system-controller-fuer-led-video-display\/\",\"url\":\"https:\/\/devstage.fournell.de\/en\/produkt\/roe-ev4-system-controller-fuer-led-video-display\/\",\"name\":\"ROE EV4 System-Controller f\u00fcr LED-Video-Display; - fournell showtechnik\",\"isPartOf\":{\"@id\":\"https:\/\/devstage.fournell.de\/en\/#website\"},\"primaryImageOfPage\":{\"@id\":\"https:\/\/devstage.fournell.de\/en\/produkt\/roe-ev4-system-controller-fuer-led-video-display\/#primaryimage\"},\"image\":{\"@id\":\"https:\/\/devstage.fournell.de\/en\/produkt\/roe-ev4-system-controller-fuer-led-video-display\/#primaryimage\"},\"thumbnailUrl\":\"https:\/\/devstage.fournell.de\/wp-content\/uploads\/2021\/04\/roe-ev4-1.jpg\",\"datePublished\":\"2021-04-08T15:44:26+00:00\",\"dateModified\":\"2024-04-23T00:00:49+00:00\",\"breadcrumb\":{\"@id\":\"https:\/\/devstage.fournell.de\/en\/produkt\/roe-ev4-system-controller-fuer-led-video-display\/#breadcrumb\"},\"inLanguage\":\"en-US\",\"potentialAction\":[{\"@type\":\"ReadAction\",\"target\":[\"https:\/\/devstage.fournell.de\/en\/produkt\/roe-ev4-system-controller-fuer-led-video-display\/\"]}]},{\"@type\":\"ImageObject\",\"inLanguage\":\"en-US\",\"@id\":\"https:\/\/devstage.fournell.de\/en\/produkt\/roe-ev4-system-controller-fuer-led-video-display\/#primaryimage\",\"url\":\"https:\/\/devstage.fournell.de\/wp-content\/uploads\/2021\/04\/roe-ev4-1.jpg\",\"contentUrl\":\"https:\/\/devstage.fournell.de\/wp-content\/uploads\/2021\/04\/roe-ev4-1.jpg\",\"width\":1024,\"height\":768},{\"@type\":\"BreadcrumbList\",\"@id\":\"https:\/\/devstage.fournell.de\/en\/produkt\/roe-ev4-system-controller-fuer-led-video-display\/#breadcrumb\",\"itemListElement\":[{\"@type\":\"ListItem\",\"position\":1,\"name\":\"Home\",\"item\":\"https:\/\/devstage.fournell.de\/en\/\"},{\"@type\":\"ListItem\",\"position\":2,\"name\":\"Dry Hire\",\"item\":\"https:\/\/devstage.fournell.de\/en\/dry-hire\/\"},{\"@type\":\"ListItem\",\"position\":3,\"name\":\"ROE EV4 System-Controller f\u00fcr LED-Video-Display;\"}]},{\"@type\":\"WebSite\",\"@id\":\"https:\/\/devstage.fournell.de\/en\/#website\",\"url\":\"https:\/\/devstage.fournell.de\/en\/\",\"name\":\"fournell showtechnik\",\"description\":\"\",\"publisher\":{\"@id\":\"https:\/\/devstage.fournell.de\/en\/#organization\"},\"potentialAction\":[{\"@type\":\"SearchAction\",\"target\":{\"@type\":\"EntryPoint\",\"urlTemplate\":\"https:\/\/devstage.fournell.de\/en\/?s={search_term_string}\"},\"query-input\":\"required name=search_term_string\"}],\"inLanguage\":\"en-US\"},{\"@type\":\"Organization\",\"@id\":\"https:\/\/devstage.fournell.de\/en\/#organization\",\"name\":\"fournell Showtechnik\",\"url\":\"https:\/\/devstage.fournell.de\/en\/\",\"logo\":{\"@type\":\"ImageObject\",\"inLanguage\":\"en-US\",\"@id\":\"https:\/\/devstage.fournell.de\/en\/#\/schema\/logo\/image\/\",\"url\":\"https:\/\/devstage.fournell.de\/wp-content\/uploads\/2021\/03\/bulb.png\",\"contentUrl\":\"https:\/\/devstage.fournell.de\/wp-content\/uploads\/2021\/03\/bulb.png\",\"width\":112,\"height\":103,\"caption\":\"fournell Showtechnik\"},\"image\":{\"@id\":\"https:\/\/devstage.fournell.de\/en\/#\/schema\/logo\/image\/\"},\"sameAs\":[\"https:\/\/de-de.facebook.com\/fournellshowtechnik\/\",\"https:\/\/www.instagram.com\/fournellshowtechnik\/?hl=de\",\"https:\/\/www.linkedin.com\/company\/fournell\/?originalSubdomain=de\"]}]}<\/script>\n<!-- \/ Yoast SEO plugin. -->","yoast_head_json":{"title":"ROE EV4 System-Controller f\u00fcr LED-Video-Display; - fournell showtechnik","robots":{"index":"index","follow":"follow","max-snippet":"max-snippet:-1","max-image-preview":"max-image-preview:large","max-video-preview":"max-video-preview:-1"},"canonical":"https:\/\/devstage.fournell.de\/en\/produkt\/roe-ev4-system-controller-fuer-led-video-display\/","og_locale":"en_US","og_type":"article","og_title":"ROE EV4 System-Controller f\u00fcr LED-Video-Display; - fournell showtechnik","og_description":"High-Level LED-Controller (E-Vision) mit integr. Scaler und LCD-Display; Anbindung von bis zu 4x Fiber Distribution-Box (2x als Backup) zur Signal\u00fcbertragung \u00fcber gro\u00dfe Entfernungen; 4K\/60Hz; 10Bit Farbtiefe; HDR; integr. Prozessorredundanz; Videoformat-Wandlung; Input-Aufl\u00f6sung: bis 4.096&#215;2.160 (60Hz); Output-Aufl\u00f6sung (via EVX10): 8,3 Millionen Pixel mit 20 Ports (je max. 655.360 Pixel bei 60Hz\/8Bit); bis zu 8.192 Pixel Breite und [&hellip;]","og_url":"https:\/\/devstage.fournell.de\/en\/produkt\/roe-ev4-system-controller-fuer-led-video-display\/","og_site_name":"fournell showtechnik","article_publisher":"https:\/\/de-de.facebook.com\/fournellshowtechnik\/","article_modified_time":"2024-04-23T00:00:49+00:00","og_image":[{"width":1024,"height":768,"url":"https:\/\/devstage.fournell.de\/wp-content\/uploads\/2021\/04\/roe-ev4.jpg","type":"image\/jpeg"}],"twitter_card":"summary_large_image","schema":{"@context":"https:\/\/schema.org","@graph":[{"@type":"WebPage","@id":"https:\/\/devstage.fournell.de\/en\/produkt\/roe-ev4-system-controller-fuer-led-video-display\/","url":"https:\/\/devstage.fournell.de\/en\/produkt\/roe-ev4-system-controller-fuer-led-video-display\/","name":"ROE EV4 System-Controller f\u00fcr LED-Video-Display; - fournell showtechnik","isPartOf":{"@id":"https:\/\/devstage.fournell.de\/en\/#website"},"primaryImageOfPage":{"@id":"https:\/\/devstage.fournell.de\/en\/produkt\/roe-ev4-system-controller-fuer-led-video-display\/#primaryimage"},"image":{"@id":"https:\/\/devstage.fournell.de\/en\/produkt\/roe-ev4-system-controller-fuer-led-video-display\/#primaryimage"},"thumbnailUrl":"https:\/\/devstage.fournell.de\/wp-content\/uploads\/2021\/04\/roe-ev4-1.jpg","datePublished":"2021-04-08T15:44:26+00:00","dateModified":"2024-04-23T00:00:49+00:00","breadcrumb":{"@id":"https:\/\/devstage.fournell.de\/en\/produkt\/roe-ev4-system-controller-fuer-led-video-display\/#breadcrumb"},"inLanguage":"en-US","potentialAction":[{"@type":"ReadAction","target":["https:\/\/devstage.fournell.de\/en\/produkt\/roe-ev4-system-controller-fuer-led-video-display\/"]}]},{"@type":"ImageObject","inLanguage":"en-US","@id":"https:\/\/devstage.fournell.de\/en\/produkt\/roe-ev4-system-controller-fuer-led-video-display\/#primaryimage","url":"https:\/\/devstage.fournell.de\/wp-content\/uploads\/2021\/04\/roe-ev4-1.jpg","contentUrl":"https:\/\/devstage.fournell.de\/wp-content\/uploads\/2021\/04\/roe-ev4-1.jpg","width":1024,"height":768},{"@type":"BreadcrumbList","@id":"https:\/\/devstage.fournell.de\/en\/produkt\/roe-ev4-system-controller-fuer-led-video-display\/#breadcrumb","itemListElement":[{"@type":"ListItem","position":1,"name":"Home","item":"https:\/\/devstage.fournell.de\/en\/"},{"@type":"ListItem","position":2,"name":"Dry Hire","item":"https:\/\/devstage.fournell.de\/en\/dry-hire\/"},{"@type":"ListItem","position":3,"name":"ROE EV4 System-Controller f\u00fcr LED-Video-Display;"}]},{"@type":"WebSite","@id":"https:\/\/devstage.fournell.de\/en\/#website","url":"https:\/\/devstage.fournell.de\/en\/","name":"fournell showtechnik","description":"","publisher":{"@id":"https:\/\/devstage.fournell.de\/en\/#organization"},"potentialAction":[{"@type":"SearchAction","target":{"@type":"EntryPoint","urlTemplate":"https:\/\/devstage.fournell.de\/en\/?s={search_term_string}"},"query-input":"required name=search_term_string"}],"inLanguage":"en-US"},{"@type":"Organization","@id":"https:\/\/devstage.fournell.de\/en\/#organization","name":"fournell Showtechnik","url":"https:\/\/devstage.fournell.de\/en\/","logo":{"@type":"ImageObject","inLanguage":"en-US","@id":"https:\/\/devstage.fournell.de\/en\/#\/schema\/logo\/image\/","url":"https:\/\/devstage.fournell.de\/wp-content\/uploads\/2021\/03\/bulb.png","contentUrl":"https:\/\/devstage.fournell.de\/wp-content\/uploads\/2021\/03\/bulb.png","width":112,"height":103,"caption":"fournell Showtechnik"},"image":{"@id":"https:\/\/devstage.fournell.de\/en\/#\/schema\/logo\/image\/"},"sameAs":["https:\/\/de-de.facebook.com\/fournellshowtechnik\/","https:\/\/www.instagram.com\/fournellshowtechnik\/?hl=de","https:\/\/www.linkedin.com\/company\/fournell\/?originalSubdomain=de"]}]}},"_links":{"self":[{"href":"https:\/\/devstage.fournell.de\/en\/wp-json\/wp\/v2\/product\/25881"}],"collection":[{"href":"https:\/\/devstage.fournell.de\/en\/wp-json\/wp\/v2\/product"}],"about":[{"href":"https:\/\/devstage.fournell.de\/en\/wp-json\/wp\/v2\/types\/product"}],"wp:featuredmedia":[{"embeddable":true,"href":"https:\/\/devstage.fournell.de\/en\/wp-json\/wp\/v2\/media\/1258306"}],"wp:attachment":[{"href":"https:\/\/devstage.fournell.de\/en\/wp-json\/wp\/v2\/media?parent=25881"}],"wp:term":[{"taxonomy":"product_cat","embeddable":true,"href":"https:\/\/devstage.fournell.de\/en\/wp-json\/wp\/v2\/product_cat?post=25881"},{"taxonomy":"product_tag","embeddable":true,"href":"https:\/\/devstage.fournell.de\/en\/wp-json\/wp\/v2\/product_tag?post=25881"}],"curies":[{"name":"wp","href":"https:\/\/api.w.org\/{rel}","templated":true}]}}