{"id":277703,"date":"2022-03-01T04:24:16","date_gmt":"2022-03-01T03:24:16","guid":{"rendered":"https:\/\/devstage.fournell.de\/product\/dpa-6066-oc-f-core-kondensator-nackenbuegelmikrofon-beige-kugel\/"},"modified":"2024-04-23T01:08:45","modified_gmt":"2024-04-23T00:08:45","slug":"dpa-6066-oc-f-core-kondensator-nackenbuegelmikrofon-beige-kugel","status":"publish","type":"product","link":"https:\/\/devstage.fournell.de\/en\/produkt\/dpa-6066-oc-f-core-kondensator-nackenbuegelmikrofon-beige-kugel\/","title":{"rendered":"DPA 6066-OC\/F CORE Kondensator-Nackenb\u00fcgelmikrofon (beige); Kugel;"},"content":{"rendered":"<p>Subminiatur-Mikrofon (3mm Kapsel); CORE-Technlogie; Refine-B\u00fcgel; inkl. Adapter f\u00fcr SHURE UHF-Taschensender (Bodypack)<\/p>\n","protected":false},"excerpt":{"rendered":"<p>Subminiatur-Mikrofon (3mm Kapsel); CORE-Technlogie; Refine-B\u00fcgel; inkl. Adapter f\u00fcr SHURE UHF-Taschensender (Bodypack)<\/p>\n","protected":false},"featured_media":1258539,"template":"","meta":{"_acf_changed":false},"product_cat":[500],"product_tag":[658,660,838,665],"acf":[],"yoast_head":"<!-- This site is optimized with the Yoast SEO plugin v22.5 - https:\/\/yoast.com\/wordpress\/plugins\/seo\/ -->\n<title>DPA 6066-OC\/F CORE Kondensator-Nackenb\u00fcgelmikrofon (beige); Kugel; - fournell showtechnik<\/title>\n<meta name=\"robots\" content=\"index, follow, max-snippet:-1, max-image-preview:large, max-video-preview:-1\" \/>\n<link rel=\"canonical\" href=\"https:\/\/devstage.fournell.de\/en\/produkt\/dpa-6066-oc-f-core-kondensator-nackenbuegelmikrofon-beige-kugel\/\" \/>\n<meta property=\"og:locale\" content=\"en_US\" \/>\n<meta property=\"og:type\" content=\"article\" \/>\n<meta property=\"og:title\" content=\"DPA 6066-OC\/F CORE Kondensator-Nackenb\u00fcgelmikrofon (beige); Kugel; - fournell showtechnik\" \/>\n<meta property=\"og:description\" content=\"Subminiatur-Mikrofon (3mm Kapsel); CORE-Technlogie; Refine-B\u00fcgel; inkl. Adapter f\u00fcr SHURE UHF-Taschensender (Bodypack)\" \/>\n<meta property=\"og:url\" content=\"https:\/\/devstage.fournell.de\/en\/produkt\/dpa-6066-oc-f-core-kondensator-nackenbuegelmikrofon-beige-kugel\/\" \/>\n<meta property=\"og:site_name\" content=\"fournell showtechnik\" \/>\n<meta property=\"article:publisher\" content=\"https:\/\/de-de.facebook.com\/fournellshowtechnik\/\" \/>\n<meta property=\"article:modified_time\" content=\"2024-04-23T00:08:45+00:00\" \/>\n<meta property=\"og:image\" content=\"https:\/\/devstage.fournell.de\/wp-content\/uploads\/2022\/03\/dpa-dpa-6066.jpg\" \/>\n\t<meta property=\"og:image:width\" content=\"1024\" \/>\n\t<meta property=\"og:image:height\" content=\"768\" \/>\n\t<meta property=\"og:image:type\" content=\"image\/jpeg\" \/>\n<meta name=\"twitter:card\" content=\"summary_large_image\" \/>\n<script type=\"application\/ld+json\" class=\"yoast-schema-graph\">{\"@context\":\"https:\/\/schema.org\",\"@graph\":[{\"@type\":\"WebPage\",\"@id\":\"https:\/\/devstage.fournell.de\/en\/produkt\/dpa-6066-oc-f-core-kondensator-nackenbuegelmikrofon-beige-kugel\/\",\"url\":\"https:\/\/devstage.fournell.de\/en\/produkt\/dpa-6066-oc-f-core-kondensator-nackenbuegelmikrofon-beige-kugel\/\",\"name\":\"DPA 6066-OC\/F CORE Kondensator-Nackenb\u00fcgelmikrofon (beige); Kugel; - fournell showtechnik\",\"isPartOf\":{\"@id\":\"https:\/\/devstage.fournell.de\/en\/#website\"},\"primaryImageOfPage\":{\"@id\":\"https:\/\/devstage.fournell.de\/en\/produkt\/dpa-6066-oc-f-core-kondensator-nackenbuegelmikrofon-beige-kugel\/#primaryimage\"},\"image\":{\"@id\":\"https:\/\/devstage.fournell.de\/en\/produkt\/dpa-6066-oc-f-core-kondensator-nackenbuegelmikrofon-beige-kugel\/#primaryimage\"},\"thumbnailUrl\":\"https:\/\/devstage.fournell.de\/wp-content\/uploads\/2022\/03\/dpa-dpa-6066-1.jpg\",\"datePublished\":\"2022-03-01T03:24:16+00:00\",\"dateModified\":\"2024-04-23T00:08:45+00:00\",\"breadcrumb\":{\"@id\":\"https:\/\/devstage.fournell.de\/en\/produkt\/dpa-6066-oc-f-core-kondensator-nackenbuegelmikrofon-beige-kugel\/#breadcrumb\"},\"inLanguage\":\"en-US\",\"potentialAction\":[{\"@type\":\"ReadAction\",\"target\":[\"https:\/\/devstage.fournell.de\/en\/produkt\/dpa-6066-oc-f-core-kondensator-nackenbuegelmikrofon-beige-kugel\/\"]}]},{\"@type\":\"ImageObject\",\"inLanguage\":\"en-US\",\"@id\":\"https:\/\/devstage.fournell.de\/en\/produkt\/dpa-6066-oc-f-core-kondensator-nackenbuegelmikrofon-beige-kugel\/#primaryimage\",\"url\":\"https:\/\/devstage.fournell.de\/wp-content\/uploads\/2022\/03\/dpa-dpa-6066-1.jpg\",\"contentUrl\":\"https:\/\/devstage.fournell.de\/wp-content\/uploads\/2022\/03\/dpa-dpa-6066-1.jpg\",\"width\":1024,\"height\":768},{\"@type\":\"BreadcrumbList\",\"@id\":\"https:\/\/devstage.fournell.de\/en\/produkt\/dpa-6066-oc-f-core-kondensator-nackenbuegelmikrofon-beige-kugel\/#breadcrumb\",\"itemListElement\":[{\"@type\":\"ListItem\",\"position\":1,\"name\":\"Home\",\"item\":\"https:\/\/devstage.fournell.de\/en\/\"},{\"@type\":\"ListItem\",\"position\":2,\"name\":\"Dry Hire\",\"item\":\"https:\/\/devstage.fournell.de\/en\/dry-hire\/\"},{\"@type\":\"ListItem\",\"position\":3,\"name\":\"DPA 6066-OC\/F CORE Kondensator-Nackenb\u00fcgelmikrofon (beige); Kugel;\"}]},{\"@type\":\"WebSite\",\"@id\":\"https:\/\/devstage.fournell.de\/en\/#website\",\"url\":\"https:\/\/devstage.fournell.de\/en\/\",\"name\":\"fournell showtechnik\",\"description\":\"\",\"publisher\":{\"@id\":\"https:\/\/devstage.fournell.de\/en\/#organization\"},\"potentialAction\":[{\"@type\":\"SearchAction\",\"target\":{\"@type\":\"EntryPoint\",\"urlTemplate\":\"https:\/\/devstage.fournell.de\/en\/?s={search_term_string}\"},\"query-input\":\"required name=search_term_string\"}],\"inLanguage\":\"en-US\"},{\"@type\":\"Organization\",\"@id\":\"https:\/\/devstage.fournell.de\/en\/#organization\",\"name\":\"fournell Showtechnik\",\"url\":\"https:\/\/devstage.fournell.de\/en\/\",\"logo\":{\"@type\":\"ImageObject\",\"inLanguage\":\"en-US\",\"@id\":\"https:\/\/devstage.fournell.de\/en\/#\/schema\/logo\/image\/\",\"url\":\"https:\/\/devstage.fournell.de\/wp-content\/uploads\/2021\/03\/bulb.png\",\"contentUrl\":\"https:\/\/devstage.fournell.de\/wp-content\/uploads\/2021\/03\/bulb.png\",\"width\":112,\"height\":103,\"caption\":\"fournell Showtechnik\"},\"image\":{\"@id\":\"https:\/\/devstage.fournell.de\/en\/#\/schema\/logo\/image\/\"},\"sameAs\":[\"https:\/\/de-de.facebook.com\/fournellshowtechnik\/\",\"https:\/\/www.instagram.com\/fournellshowtechnik\/?hl=de\",\"https:\/\/www.linkedin.com\/company\/fournell\/?originalSubdomain=de\"]}]}<\/script>\n<!-- \/ Yoast SEO plugin. -->","yoast_head_json":{"title":"DPA 6066-OC\/F CORE Kondensator-Nackenb\u00fcgelmikrofon (beige); Kugel; - fournell showtechnik","robots":{"index":"index","follow":"follow","max-snippet":"max-snippet:-1","max-image-preview":"max-image-preview:large","max-video-preview":"max-video-preview:-1"},"canonical":"https:\/\/devstage.fournell.de\/en\/produkt\/dpa-6066-oc-f-core-kondensator-nackenbuegelmikrofon-beige-kugel\/","og_locale":"en_US","og_type":"article","og_title":"DPA 6066-OC\/F CORE Kondensator-Nackenb\u00fcgelmikrofon (beige); Kugel; - fournell showtechnik","og_description":"Subminiatur-Mikrofon (3mm Kapsel); CORE-Technlogie; Refine-B\u00fcgel; inkl. Adapter f\u00fcr SHURE UHF-Taschensender (Bodypack)","og_url":"https:\/\/devstage.fournell.de\/en\/produkt\/dpa-6066-oc-f-core-kondensator-nackenbuegelmikrofon-beige-kugel\/","og_site_name":"fournell showtechnik","article_publisher":"https:\/\/de-de.facebook.com\/fournellshowtechnik\/","article_modified_time":"2024-04-23T00:08:45+00:00","og_image":[{"width":1024,"height":768,"url":"https:\/\/devstage.fournell.de\/wp-content\/uploads\/2022\/03\/dpa-dpa-6066.jpg","type":"image\/jpeg"}],"twitter_card":"summary_large_image","schema":{"@context":"https:\/\/schema.org","@graph":[{"@type":"WebPage","@id":"https:\/\/devstage.fournell.de\/en\/produkt\/dpa-6066-oc-f-core-kondensator-nackenbuegelmikrofon-beige-kugel\/","url":"https:\/\/devstage.fournell.de\/en\/produkt\/dpa-6066-oc-f-core-kondensator-nackenbuegelmikrofon-beige-kugel\/","name":"DPA 6066-OC\/F CORE Kondensator-Nackenb\u00fcgelmikrofon (beige); Kugel; - fournell showtechnik","isPartOf":{"@id":"https:\/\/devstage.fournell.de\/en\/#website"},"primaryImageOfPage":{"@id":"https:\/\/devstage.fournell.de\/en\/produkt\/dpa-6066-oc-f-core-kondensator-nackenbuegelmikrofon-beige-kugel\/#primaryimage"},"image":{"@id":"https:\/\/devstage.fournell.de\/en\/produkt\/dpa-6066-oc-f-core-kondensator-nackenbuegelmikrofon-beige-kugel\/#primaryimage"},"thumbnailUrl":"https:\/\/devstage.fournell.de\/wp-content\/uploads\/2022\/03\/dpa-dpa-6066-1.jpg","datePublished":"2022-03-01T03:24:16+00:00","dateModified":"2024-04-23T00:08:45+00:00","breadcrumb":{"@id":"https:\/\/devstage.fournell.de\/en\/produkt\/dpa-6066-oc-f-core-kondensator-nackenbuegelmikrofon-beige-kugel\/#breadcrumb"},"inLanguage":"en-US","potentialAction":[{"@type":"ReadAction","target":["https:\/\/devstage.fournell.de\/en\/produkt\/dpa-6066-oc-f-core-kondensator-nackenbuegelmikrofon-beige-kugel\/"]}]},{"@type":"ImageObject","inLanguage":"en-US","@id":"https:\/\/devstage.fournell.de\/en\/produkt\/dpa-6066-oc-f-core-kondensator-nackenbuegelmikrofon-beige-kugel\/#primaryimage","url":"https:\/\/devstage.fournell.de\/wp-content\/uploads\/2022\/03\/dpa-dpa-6066-1.jpg","contentUrl":"https:\/\/devstage.fournell.de\/wp-content\/uploads\/2022\/03\/dpa-dpa-6066-1.jpg","width":1024,"height":768},{"@type":"BreadcrumbList","@id":"https:\/\/devstage.fournell.de\/en\/produkt\/dpa-6066-oc-f-core-kondensator-nackenbuegelmikrofon-beige-kugel\/#breadcrumb","itemListElement":[{"@type":"ListItem","position":1,"name":"Home","item":"https:\/\/devstage.fournell.de\/en\/"},{"@type":"ListItem","position":2,"name":"Dry Hire","item":"https:\/\/devstage.fournell.de\/en\/dry-hire\/"},{"@type":"ListItem","position":3,"name":"DPA 6066-OC\/F CORE Kondensator-Nackenb\u00fcgelmikrofon (beige); Kugel;"}]},{"@type":"WebSite","@id":"https:\/\/devstage.fournell.de\/en\/#website","url":"https:\/\/devstage.fournell.de\/en\/","name":"fournell showtechnik","description":"","publisher":{"@id":"https:\/\/devstage.fournell.de\/en\/#organization"},"potentialAction":[{"@type":"SearchAction","target":{"@type":"EntryPoint","urlTemplate":"https:\/\/devstage.fournell.de\/en\/?s={search_term_string}"},"query-input":"required name=search_term_string"}],"inLanguage":"en-US"},{"@type":"Organization","@id":"https:\/\/devstage.fournell.de\/en\/#organization","name":"fournell Showtechnik","url":"https:\/\/devstage.fournell.de\/en\/","logo":{"@type":"ImageObject","inLanguage":"en-US","@id":"https:\/\/devstage.fournell.de\/en\/#\/schema\/logo\/image\/","url":"https:\/\/devstage.fournell.de\/wp-content\/uploads\/2021\/03\/bulb.png","contentUrl":"https:\/\/devstage.fournell.de\/wp-content\/uploads\/2021\/03\/bulb.png","width":112,"height":103,"caption":"fournell Showtechnik"},"image":{"@id":"https:\/\/devstage.fournell.de\/en\/#\/schema\/logo\/image\/"},"sameAs":["https:\/\/de-de.facebook.com\/fournellshowtechnik\/","https:\/\/www.instagram.com\/fournellshowtechnik\/?hl=de","https:\/\/www.linkedin.com\/company\/fournell\/?originalSubdomain=de"]}]}},"_links":{"self":[{"href":"https:\/\/devstage.fournell.de\/en\/wp-json\/wp\/v2\/product\/277703"}],"collection":[{"href":"https:\/\/devstage.fournell.de\/en\/wp-json\/wp\/v2\/product"}],"about":[{"href":"https:\/\/devstage.fournell.de\/en\/wp-json\/wp\/v2\/types\/product"}],"wp:featuredmedia":[{"embeddable":true,"href":"https:\/\/devstage.fournell.de\/en\/wp-json\/wp\/v2\/media\/1258539"}],"wp:attachment":[{"href":"https:\/\/devstage.fournell.de\/en\/wp-json\/wp\/v2\/media?parent=277703"}],"wp:term":[{"taxonomy":"product_cat","embeddable":true,"href":"https:\/\/devstage.fournell.de\/en\/wp-json\/wp\/v2\/product_cat?post=277703"},{"taxonomy":"product_tag","embeddable":true,"href":"https:\/\/devstage.fournell.de\/en\/wp-json\/wp\/v2\/product_tag?post=277703"}],"curies":[{"name":"wp","href":"https:\/\/api.w.org\/{rel}","templated":true}]}}