{"id":29334,"date":"2021-04-09T14:27:36","date_gmt":"2021-04-09T13:27:36","guid":{"rendered":"https:\/\/devstage.fournell.de\/product\/jb-lighting-p12-hp-wash-fresnel-led-movinghead-scheinwerfer-640w\/"},"modified":"2024-04-23T01:10:23","modified_gmt":"2024-04-23T00:10:23","slug":"jb-lighting-p12-hp-wash-fresnel-led-movinghead-scheinwerfer-640w","status":"publish","type":"product","link":"https:\/\/devstage.fournell.de\/en\/produkt\/jb-lighting-p12-hp-wash-fresnel-led-movinghead-scheinwerfer-640w\/","title":{"rendered":"JB-LIGHTING P12\/HP-Wash (Fresnel) LED Movinghead-Scheinwerfer 640W;"},"content":{"rendered":"<p>kopfbewegter Washlight-Scheinwerfer mit Wei\u00dflicht LED-Modul, Blendenschiebern und CMY-Farbmischsystem; 2x Farbrad; 1x Goborad; 4x Blendenschieber (Modul um 110\u00b0 drehbar); 2x Frostfilter (soft edge \/ flood frost) stufenlos; elektr. Dimmer; elektr. Shutter; Iris; Zoom; Focus mit Autofokus; lineare Farbtemperatur-Korrektur; High CRI-Filter (5.800K); L\u00fcftersteuerung f\u00fcr nahezu ger\u00e4uschlosen Einsatz (29dB); Abstrahlwinkel 11\u00b0-66\u00b0; DMX-512; Art-Net; RDM; integr. Wireless-DMX\/-RDM LumenRadio CRMX TiMo; WLAN; XLR 5pol; Tageslicht (6.800K); inkl. 2x Quick-Trigger-Clamp<\/p>\n","protected":false},"excerpt":{"rendered":"<p>kopfbewegter Washlight-Scheinwerfer mit Wei\u00dflicht LED-Modul, Blendenschiebern und CMY-Farbmischsystem; 2x Farbrad; 1x Goborad; 4x Blendenschieber (Modul um 110\u00b0 drehbar); 2x Frostfilter (soft edge \/ flood frost) stufenlos; elektr. Dimmer; elektr. Shutter; Iris; Zoom; Focus mit Autofokus; lineare Farbtemperatur-Korrektur; High CRI-Filter (5.800K); L\u00fcftersteuerung f\u00fcr nahezu ger\u00e4uschlosen Einsatz (29dB); Abstrahlwinkel 11\u00b0-66\u00b0; DMX-512; Art-Net; RDM; integr. Wireless-DMX\/-RDM LumenRadio CRMX [&hellip;]<\/p>\n","protected":false},"featured_media":1258601,"template":"","meta":{"_acf_changed":false},"product_cat":[521],"product_tag":[646,652,899],"acf":[],"yoast_head":"<!-- This site is optimized with the Yoast SEO plugin v22.5 - https:\/\/yoast.com\/wordpress\/plugins\/seo\/ -->\n<title>JB-LIGHTING P12\/HP-Wash (Fresnel) LED Movinghead-Scheinwerfer 640W; - fournell showtechnik<\/title>\n<meta name=\"robots\" content=\"index, follow, max-snippet:-1, max-image-preview:large, max-video-preview:-1\" \/>\n<link rel=\"canonical\" href=\"https:\/\/devstage.fournell.de\/en\/produkt\/jb-lighting-p12-hp-wash-fresnel-led-movinghead-scheinwerfer-640w\/\" \/>\n<meta property=\"og:locale\" content=\"en_US\" \/>\n<meta property=\"og:type\" content=\"article\" \/>\n<meta property=\"og:title\" content=\"JB-LIGHTING P12\/HP-Wash (Fresnel) LED Movinghead-Scheinwerfer 640W; - fournell showtechnik\" \/>\n<meta property=\"og:description\" content=\"kopfbewegter Washlight-Scheinwerfer mit Wei\u00dflicht LED-Modul, Blendenschiebern und CMY-Farbmischsystem; 2x Farbrad; 1x Goborad; 4x Blendenschieber (Modul um 110\u00b0 drehbar); 2x Frostfilter (soft edge \/ flood frost) stufenlos; elektr. Dimmer; elektr. Shutter; Iris; Zoom; Focus mit Autofokus; lineare Farbtemperatur-Korrektur; High CRI-Filter (5.800K); L\u00fcftersteuerung f\u00fcr nahezu ger\u00e4uschlosen Einsatz (29dB); Abstrahlwinkel 11\u00b0-66\u00b0; DMX-512; Art-Net; RDM; integr. Wireless-DMX\/-RDM LumenRadio CRMX [&hellip;]\" \/>\n<meta property=\"og:url\" content=\"https:\/\/devstage.fournell.de\/en\/produkt\/jb-lighting-p12-hp-wash-fresnel-led-movinghead-scheinwerfer-640w\/\" \/>\n<meta property=\"og:site_name\" content=\"fournell showtechnik\" \/>\n<meta property=\"article:publisher\" content=\"https:\/\/de-de.facebook.com\/fournellshowtechnik\/\" \/>\n<meta property=\"article:modified_time\" content=\"2024-04-23T00:10:23+00:00\" \/>\n<meta property=\"og:image\" content=\"https:\/\/devstage.fournell.de\/wp-content\/uploads\/2021\/04\/jb-lighting-p12-fresnel-1.jpg\" \/>\n\t<meta property=\"og:image:width\" content=\"1024\" \/>\n\t<meta property=\"og:image:height\" content=\"768\" \/>\n\t<meta property=\"og:image:type\" content=\"image\/jpeg\" \/>\n<meta name=\"twitter:card\" content=\"summary_large_image\" \/>\n<script type=\"application\/ld+json\" class=\"yoast-schema-graph\">{\"@context\":\"https:\/\/schema.org\",\"@graph\":[{\"@type\":\"WebPage\",\"@id\":\"https:\/\/devstage.fournell.de\/en\/produkt\/jb-lighting-p12-hp-wash-fresnel-led-movinghead-scheinwerfer-640w\/\",\"url\":\"https:\/\/devstage.fournell.de\/en\/produkt\/jb-lighting-p12-hp-wash-fresnel-led-movinghead-scheinwerfer-640w\/\",\"name\":\"JB-LIGHTING P12\/HP-Wash (Fresnel) LED Movinghead-Scheinwerfer 640W; - fournell showtechnik\",\"isPartOf\":{\"@id\":\"https:\/\/devstage.fournell.de\/en\/#website\"},\"primaryImageOfPage\":{\"@id\":\"https:\/\/devstage.fournell.de\/en\/produkt\/jb-lighting-p12-hp-wash-fresnel-led-movinghead-scheinwerfer-640w\/#primaryimage\"},\"image\":{\"@id\":\"https:\/\/devstage.fournell.de\/en\/produkt\/jb-lighting-p12-hp-wash-fresnel-led-movinghead-scheinwerfer-640w\/#primaryimage\"},\"thumbnailUrl\":\"https:\/\/devstage.fournell.de\/wp-content\/uploads\/2021\/04\/jb-lighting-p12-fresnel.jpg\",\"datePublished\":\"2021-04-09T13:27:36+00:00\",\"dateModified\":\"2024-04-23T00:10:23+00:00\",\"breadcrumb\":{\"@id\":\"https:\/\/devstage.fournell.de\/en\/produkt\/jb-lighting-p12-hp-wash-fresnel-led-movinghead-scheinwerfer-640w\/#breadcrumb\"},\"inLanguage\":\"en-US\",\"potentialAction\":[{\"@type\":\"ReadAction\",\"target\":[\"https:\/\/devstage.fournell.de\/en\/produkt\/jb-lighting-p12-hp-wash-fresnel-led-movinghead-scheinwerfer-640w\/\"]}]},{\"@type\":\"ImageObject\",\"inLanguage\":\"en-US\",\"@id\":\"https:\/\/devstage.fournell.de\/en\/produkt\/jb-lighting-p12-hp-wash-fresnel-led-movinghead-scheinwerfer-640w\/#primaryimage\",\"url\":\"https:\/\/devstage.fournell.de\/wp-content\/uploads\/2021\/04\/jb-lighting-p12-fresnel.jpg\",\"contentUrl\":\"https:\/\/devstage.fournell.de\/wp-content\/uploads\/2021\/04\/jb-lighting-p12-fresnel.jpg\",\"width\":1024,\"height\":768},{\"@type\":\"BreadcrumbList\",\"@id\":\"https:\/\/devstage.fournell.de\/en\/produkt\/jb-lighting-p12-hp-wash-fresnel-led-movinghead-scheinwerfer-640w\/#breadcrumb\",\"itemListElement\":[{\"@type\":\"ListItem\",\"position\":1,\"name\":\"Home\",\"item\":\"https:\/\/devstage.fournell.de\/en\/\"},{\"@type\":\"ListItem\",\"position\":2,\"name\":\"Dry Hire\",\"item\":\"https:\/\/devstage.fournell.de\/en\/dry-hire\/\"},{\"@type\":\"ListItem\",\"position\":3,\"name\":\"JB-LIGHTING P12\/HP-Wash (Fresnel) LED Movinghead-Scheinwerfer 640W;\"}]},{\"@type\":\"WebSite\",\"@id\":\"https:\/\/devstage.fournell.de\/en\/#website\",\"url\":\"https:\/\/devstage.fournell.de\/en\/\",\"name\":\"fournell showtechnik\",\"description\":\"\",\"publisher\":{\"@id\":\"https:\/\/devstage.fournell.de\/en\/#organization\"},\"potentialAction\":[{\"@type\":\"SearchAction\",\"target\":{\"@type\":\"EntryPoint\",\"urlTemplate\":\"https:\/\/devstage.fournell.de\/en\/?s={search_term_string}\"},\"query-input\":\"required name=search_term_string\"}],\"inLanguage\":\"en-US\"},{\"@type\":\"Organization\",\"@id\":\"https:\/\/devstage.fournell.de\/en\/#organization\",\"name\":\"fournell Showtechnik\",\"url\":\"https:\/\/devstage.fournell.de\/en\/\",\"logo\":{\"@type\":\"ImageObject\",\"inLanguage\":\"en-US\",\"@id\":\"https:\/\/devstage.fournell.de\/en\/#\/schema\/logo\/image\/\",\"url\":\"https:\/\/devstage.fournell.de\/wp-content\/uploads\/2021\/03\/bulb.png\",\"contentUrl\":\"https:\/\/devstage.fournell.de\/wp-content\/uploads\/2021\/03\/bulb.png\",\"width\":112,\"height\":103,\"caption\":\"fournell Showtechnik\"},\"image\":{\"@id\":\"https:\/\/devstage.fournell.de\/en\/#\/schema\/logo\/image\/\"},\"sameAs\":[\"https:\/\/de-de.facebook.com\/fournellshowtechnik\/\",\"https:\/\/www.instagram.com\/fournellshowtechnik\/?hl=de\",\"https:\/\/www.linkedin.com\/company\/fournell\/?originalSubdomain=de\"]}]}<\/script>\n<!-- \/ Yoast SEO plugin. -->","yoast_head_json":{"title":"JB-LIGHTING P12\/HP-Wash (Fresnel) LED Movinghead-Scheinwerfer 640W; - fournell showtechnik","robots":{"index":"index","follow":"follow","max-snippet":"max-snippet:-1","max-image-preview":"max-image-preview:large","max-video-preview":"max-video-preview:-1"},"canonical":"https:\/\/devstage.fournell.de\/en\/produkt\/jb-lighting-p12-hp-wash-fresnel-led-movinghead-scheinwerfer-640w\/","og_locale":"en_US","og_type":"article","og_title":"JB-LIGHTING P12\/HP-Wash (Fresnel) LED Movinghead-Scheinwerfer 640W; - fournell showtechnik","og_description":"kopfbewegter Washlight-Scheinwerfer mit Wei\u00dflicht LED-Modul, Blendenschiebern und CMY-Farbmischsystem; 2x Farbrad; 1x Goborad; 4x Blendenschieber (Modul um 110\u00b0 drehbar); 2x Frostfilter (soft edge \/ flood frost) stufenlos; elektr. Dimmer; elektr. Shutter; Iris; Zoom; Focus mit Autofokus; lineare Farbtemperatur-Korrektur; High CRI-Filter (5.800K); L\u00fcftersteuerung f\u00fcr nahezu ger\u00e4uschlosen Einsatz (29dB); Abstrahlwinkel 11\u00b0-66\u00b0; DMX-512; Art-Net; RDM; integr. Wireless-DMX\/-RDM LumenRadio CRMX [&hellip;]","og_url":"https:\/\/devstage.fournell.de\/en\/produkt\/jb-lighting-p12-hp-wash-fresnel-led-movinghead-scheinwerfer-640w\/","og_site_name":"fournell showtechnik","article_publisher":"https:\/\/de-de.facebook.com\/fournellshowtechnik\/","article_modified_time":"2024-04-23T00:10:23+00:00","og_image":[{"width":1024,"height":768,"url":"https:\/\/devstage.fournell.de\/wp-content\/uploads\/2021\/04\/jb-lighting-p12-fresnel-1.jpg","type":"image\/jpeg"}],"twitter_card":"summary_large_image","schema":{"@context":"https:\/\/schema.org","@graph":[{"@type":"WebPage","@id":"https:\/\/devstage.fournell.de\/en\/produkt\/jb-lighting-p12-hp-wash-fresnel-led-movinghead-scheinwerfer-640w\/","url":"https:\/\/devstage.fournell.de\/en\/produkt\/jb-lighting-p12-hp-wash-fresnel-led-movinghead-scheinwerfer-640w\/","name":"JB-LIGHTING P12\/HP-Wash (Fresnel) LED Movinghead-Scheinwerfer 640W; - fournell showtechnik","isPartOf":{"@id":"https:\/\/devstage.fournell.de\/en\/#website"},"primaryImageOfPage":{"@id":"https:\/\/devstage.fournell.de\/en\/produkt\/jb-lighting-p12-hp-wash-fresnel-led-movinghead-scheinwerfer-640w\/#primaryimage"},"image":{"@id":"https:\/\/devstage.fournell.de\/en\/produkt\/jb-lighting-p12-hp-wash-fresnel-led-movinghead-scheinwerfer-640w\/#primaryimage"},"thumbnailUrl":"https:\/\/devstage.fournell.de\/wp-content\/uploads\/2021\/04\/jb-lighting-p12-fresnel.jpg","datePublished":"2021-04-09T13:27:36+00:00","dateModified":"2024-04-23T00:10:23+00:00","breadcrumb":{"@id":"https:\/\/devstage.fournell.de\/en\/produkt\/jb-lighting-p12-hp-wash-fresnel-led-movinghead-scheinwerfer-640w\/#breadcrumb"},"inLanguage":"en-US","potentialAction":[{"@type":"ReadAction","target":["https:\/\/devstage.fournell.de\/en\/produkt\/jb-lighting-p12-hp-wash-fresnel-led-movinghead-scheinwerfer-640w\/"]}]},{"@type":"ImageObject","inLanguage":"en-US","@id":"https:\/\/devstage.fournell.de\/en\/produkt\/jb-lighting-p12-hp-wash-fresnel-led-movinghead-scheinwerfer-640w\/#primaryimage","url":"https:\/\/devstage.fournell.de\/wp-content\/uploads\/2021\/04\/jb-lighting-p12-fresnel.jpg","contentUrl":"https:\/\/devstage.fournell.de\/wp-content\/uploads\/2021\/04\/jb-lighting-p12-fresnel.jpg","width":1024,"height":768},{"@type":"BreadcrumbList","@id":"https:\/\/devstage.fournell.de\/en\/produkt\/jb-lighting-p12-hp-wash-fresnel-led-movinghead-scheinwerfer-640w\/#breadcrumb","itemListElement":[{"@type":"ListItem","position":1,"name":"Home","item":"https:\/\/devstage.fournell.de\/en\/"},{"@type":"ListItem","position":2,"name":"Dry Hire","item":"https:\/\/devstage.fournell.de\/en\/dry-hire\/"},{"@type":"ListItem","position":3,"name":"JB-LIGHTING P12\/HP-Wash (Fresnel) LED Movinghead-Scheinwerfer 640W;"}]},{"@type":"WebSite","@id":"https:\/\/devstage.fournell.de\/en\/#website","url":"https:\/\/devstage.fournell.de\/en\/","name":"fournell showtechnik","description":"","publisher":{"@id":"https:\/\/devstage.fournell.de\/en\/#organization"},"potentialAction":[{"@type":"SearchAction","target":{"@type":"EntryPoint","urlTemplate":"https:\/\/devstage.fournell.de\/en\/?s={search_term_string}"},"query-input":"required name=search_term_string"}],"inLanguage":"en-US"},{"@type":"Organization","@id":"https:\/\/devstage.fournell.de\/en\/#organization","name":"fournell Showtechnik","url":"https:\/\/devstage.fournell.de\/en\/","logo":{"@type":"ImageObject","inLanguage":"en-US","@id":"https:\/\/devstage.fournell.de\/en\/#\/schema\/logo\/image\/","url":"https:\/\/devstage.fournell.de\/wp-content\/uploads\/2021\/03\/bulb.png","contentUrl":"https:\/\/devstage.fournell.de\/wp-content\/uploads\/2021\/03\/bulb.png","width":112,"height":103,"caption":"fournell Showtechnik"},"image":{"@id":"https:\/\/devstage.fournell.de\/en\/#\/schema\/logo\/image\/"},"sameAs":["https:\/\/de-de.facebook.com\/fournellshowtechnik\/","https:\/\/www.instagram.com\/fournellshowtechnik\/?hl=de","https:\/\/www.linkedin.com\/company\/fournell\/?originalSubdomain=de"]}]}},"_links":{"self":[{"href":"https:\/\/devstage.fournell.de\/en\/wp-json\/wp\/v2\/product\/29334"}],"collection":[{"href":"https:\/\/devstage.fournell.de\/en\/wp-json\/wp\/v2\/product"}],"about":[{"href":"https:\/\/devstage.fournell.de\/en\/wp-json\/wp\/v2\/types\/product"}],"wp:featuredmedia":[{"embeddable":true,"href":"https:\/\/devstage.fournell.de\/en\/wp-json\/wp\/v2\/media\/1258601"}],"wp:attachment":[{"href":"https:\/\/devstage.fournell.de\/en\/wp-json\/wp\/v2\/media?parent=29334"}],"wp:term":[{"taxonomy":"product_cat","embeddable":true,"href":"https:\/\/devstage.fournell.de\/en\/wp-json\/wp\/v2\/product_cat?post=29334"},{"taxonomy":"product_tag","embeddable":true,"href":"https:\/\/devstage.fournell.de\/en\/wp-json\/wp\/v2\/product_tag?post=29334"}],"curies":[{"name":"wp","href":"https:\/\/api.w.org\/{rel}","templated":true}]}}