{"id":29585,"date":"2021-04-09T14:29:06","date_gmt":"2021-04-09T13:29:06","guid":{"rendered":"https:\/\/devstage.fournell.de\/product\/chainmaster-bgv-d8plus-0160-motor-kettenzug-hublast-160kg\/"},"modified":"2024-04-23T01:14:56","modified_gmt":"2024-04-23T00:14:56","slug":"chainmaster-bgv-d8plus-0160-motor-kettenzug-hublast-160kg","status":"publish","type":"product","link":"https:\/\/devstage.fournell.de\/en\/produkt\/chainmaster-bgv-d8plus-0160-motor-kettenzug-hublast-160kg\/","title":{"rendered":"CHAINMASTER RiggingLift D8plus\/0160 Motor-Kettenzug (Hublast 160kg);"},"content":{"rendered":"<p>H\u00e4ngen von Lasten ohne zus\u00e4tzliche Absicherung m\u00f6glich; Kletter- oder Station\u00e4rzug; 2 Gleichstrombremsen; \u00dcberlastschutz; 1 Kettenstrang; 4m\/min.; 18m Kettenl\u00e4nge; Kette mit Haken; Aufh\u00e4nge\u00f6se am Motorgeh\u00e4use; Direktsteuerung (CEE-16 4pol); nicht f\u00fcr die Verwendung im Outdoor-Bereich<\/p>\n","protected":false},"excerpt":{"rendered":"<p>H\u00e4ngen von Lasten ohne zus\u00e4tzliche Absicherung m\u00f6glich; Kletter- oder Station\u00e4rzug; 2 Gleichstrombremsen; \u00dcberlastschutz; 1 Kettenstrang; 4m\/min.; 18m Kettenl\u00e4nge; Kette mit Haken; Aufh\u00e4nge\u00f6se am Motorgeh\u00e4use; Direktsteuerung (CEE-16 4pol); nicht f\u00fcr die Verwendung im Outdoor-Bereich<\/p>\n","protected":false},"featured_media":1258729,"template":"","meta":{"_acf_changed":false},"product_cat":[517],"product_tag":[957,956,632],"acf":[],"yoast_head":"<!-- This site is optimized with the Yoast SEO plugin v22.5 - https:\/\/yoast.com\/wordpress\/plugins\/seo\/ -->\n<title>CHAINMASTER RiggingLift D8plus\/0160 Motor-Kettenzug (Hublast 160kg); - fournell showtechnik<\/title>\n<meta name=\"robots\" content=\"index, follow, max-snippet:-1, max-image-preview:large, max-video-preview:-1\" \/>\n<link rel=\"canonical\" href=\"https:\/\/devstage.fournell.de\/en\/produkt\/chainmaster-bgv-d8plus-0160-motor-kettenzug-hublast-160kg\/\" \/>\n<meta property=\"og:locale\" content=\"en_US\" \/>\n<meta property=\"og:type\" content=\"article\" \/>\n<meta property=\"og:title\" content=\"CHAINMASTER RiggingLift D8plus\/0160 Motor-Kettenzug (Hublast 160kg); - fournell showtechnik\" \/>\n<meta property=\"og:description\" content=\"H\u00e4ngen von Lasten ohne zus\u00e4tzliche Absicherung m\u00f6glich; Kletter- oder Station\u00e4rzug; 2 Gleichstrombremsen; \u00dcberlastschutz; 1 Kettenstrang; 4m\/min.; 18m Kettenl\u00e4nge; Kette mit Haken; Aufh\u00e4nge\u00f6se am Motorgeh\u00e4use; Direktsteuerung (CEE-16 4pol); nicht f\u00fcr die Verwendung im Outdoor-Bereich\" \/>\n<meta property=\"og:url\" content=\"https:\/\/devstage.fournell.de\/en\/produkt\/chainmaster-bgv-d8plus-0160-motor-kettenzug-hublast-160kg\/\" \/>\n<meta property=\"og:site_name\" content=\"fournell showtechnik\" \/>\n<meta property=\"article:publisher\" content=\"https:\/\/de-de.facebook.com\/fournellshowtechnik\/\" \/>\n<meta property=\"article:modified_time\" content=\"2024-04-23T00:14:56+00:00\" \/>\n<meta property=\"og:image\" content=\"https:\/\/devstage.fournell.de\/wp-content\/uploads\/2021\/04\/chainmaster-bgv-d8-plus_neu-2.jpg\" \/>\n\t<meta property=\"og:image:width\" content=\"1024\" \/>\n\t<meta property=\"og:image:height\" content=\"768\" \/>\n\t<meta property=\"og:image:type\" content=\"image\/jpeg\" \/>\n<meta name=\"twitter:card\" content=\"summary_large_image\" \/>\n<script type=\"application\/ld+json\" class=\"yoast-schema-graph\">{\"@context\":\"https:\/\/schema.org\",\"@graph\":[{\"@type\":\"WebPage\",\"@id\":\"https:\/\/devstage.fournell.de\/en\/produkt\/chainmaster-bgv-d8plus-0160-motor-kettenzug-hublast-160kg\/\",\"url\":\"https:\/\/devstage.fournell.de\/en\/produkt\/chainmaster-bgv-d8plus-0160-motor-kettenzug-hublast-160kg\/\",\"name\":\"CHAINMASTER RiggingLift D8plus\/0160 Motor-Kettenzug (Hublast 160kg); - fournell showtechnik\",\"isPartOf\":{\"@id\":\"https:\/\/devstage.fournell.de\/en\/#website\"},\"primaryImageOfPage\":{\"@id\":\"https:\/\/devstage.fournell.de\/en\/produkt\/chainmaster-bgv-d8plus-0160-motor-kettenzug-hublast-160kg\/#primaryimage\"},\"image\":{\"@id\":\"https:\/\/devstage.fournell.de\/en\/produkt\/chainmaster-bgv-d8plus-0160-motor-kettenzug-hublast-160kg\/#primaryimage\"},\"thumbnailUrl\":\"https:\/\/devstage.fournell.de\/wp-content\/uploads\/2021\/04\/chainmaster-bgv-d8-plus_neu-1.jpg\",\"datePublished\":\"2021-04-09T13:29:06+00:00\",\"dateModified\":\"2024-04-23T00:14:56+00:00\",\"breadcrumb\":{\"@id\":\"https:\/\/devstage.fournell.de\/en\/produkt\/chainmaster-bgv-d8plus-0160-motor-kettenzug-hublast-160kg\/#breadcrumb\"},\"inLanguage\":\"en-US\",\"potentialAction\":[{\"@type\":\"ReadAction\",\"target\":[\"https:\/\/devstage.fournell.de\/en\/produkt\/chainmaster-bgv-d8plus-0160-motor-kettenzug-hublast-160kg\/\"]}]},{\"@type\":\"ImageObject\",\"inLanguage\":\"en-US\",\"@id\":\"https:\/\/devstage.fournell.de\/en\/produkt\/chainmaster-bgv-d8plus-0160-motor-kettenzug-hublast-160kg\/#primaryimage\",\"url\":\"https:\/\/devstage.fournell.de\/wp-content\/uploads\/2021\/04\/chainmaster-bgv-d8-plus_neu-1.jpg\",\"contentUrl\":\"https:\/\/devstage.fournell.de\/wp-content\/uploads\/2021\/04\/chainmaster-bgv-d8-plus_neu-1.jpg\",\"width\":1024,\"height\":768},{\"@type\":\"BreadcrumbList\",\"@id\":\"https:\/\/devstage.fournell.de\/en\/produkt\/chainmaster-bgv-d8plus-0160-motor-kettenzug-hublast-160kg\/#breadcrumb\",\"itemListElement\":[{\"@type\":\"ListItem\",\"position\":1,\"name\":\"Home\",\"item\":\"https:\/\/devstage.fournell.de\/en\/\"},{\"@type\":\"ListItem\",\"position\":2,\"name\":\"Dry Hire\",\"item\":\"https:\/\/devstage.fournell.de\/en\/dry-hire\/\"},{\"@type\":\"ListItem\",\"position\":3,\"name\":\"CHAINMASTER RiggingLift D8plus\/0160 Motor-Kettenzug (Hublast 160kg);\"}]},{\"@type\":\"WebSite\",\"@id\":\"https:\/\/devstage.fournell.de\/en\/#website\",\"url\":\"https:\/\/devstage.fournell.de\/en\/\",\"name\":\"fournell showtechnik\",\"description\":\"\",\"publisher\":{\"@id\":\"https:\/\/devstage.fournell.de\/en\/#organization\"},\"potentialAction\":[{\"@type\":\"SearchAction\",\"target\":{\"@type\":\"EntryPoint\",\"urlTemplate\":\"https:\/\/devstage.fournell.de\/en\/?s={search_term_string}\"},\"query-input\":\"required name=search_term_string\"}],\"inLanguage\":\"en-US\"},{\"@type\":\"Organization\",\"@id\":\"https:\/\/devstage.fournell.de\/en\/#organization\",\"name\":\"fournell Showtechnik\",\"url\":\"https:\/\/devstage.fournell.de\/en\/\",\"logo\":{\"@type\":\"ImageObject\",\"inLanguage\":\"en-US\",\"@id\":\"https:\/\/devstage.fournell.de\/en\/#\/schema\/logo\/image\/\",\"url\":\"https:\/\/devstage.fournell.de\/wp-content\/uploads\/2021\/03\/bulb.png\",\"contentUrl\":\"https:\/\/devstage.fournell.de\/wp-content\/uploads\/2021\/03\/bulb.png\",\"width\":112,\"height\":103,\"caption\":\"fournell Showtechnik\"},\"image\":{\"@id\":\"https:\/\/devstage.fournell.de\/en\/#\/schema\/logo\/image\/\"},\"sameAs\":[\"https:\/\/de-de.facebook.com\/fournellshowtechnik\/\",\"https:\/\/www.instagram.com\/fournellshowtechnik\/?hl=de\",\"https:\/\/www.linkedin.com\/company\/fournell\/?originalSubdomain=de\"]}]}<\/script>\n<!-- \/ Yoast SEO plugin. -->","yoast_head_json":{"title":"CHAINMASTER RiggingLift D8plus\/0160 Motor-Kettenzug (Hublast 160kg); - fournell showtechnik","robots":{"index":"index","follow":"follow","max-snippet":"max-snippet:-1","max-image-preview":"max-image-preview:large","max-video-preview":"max-video-preview:-1"},"canonical":"https:\/\/devstage.fournell.de\/en\/produkt\/chainmaster-bgv-d8plus-0160-motor-kettenzug-hublast-160kg\/","og_locale":"en_US","og_type":"article","og_title":"CHAINMASTER RiggingLift D8plus\/0160 Motor-Kettenzug (Hublast 160kg); - fournell showtechnik","og_description":"H\u00e4ngen von Lasten ohne zus\u00e4tzliche Absicherung m\u00f6glich; Kletter- oder Station\u00e4rzug; 2 Gleichstrombremsen; \u00dcberlastschutz; 1 Kettenstrang; 4m\/min.; 18m Kettenl\u00e4nge; Kette mit Haken; Aufh\u00e4nge\u00f6se am Motorgeh\u00e4use; Direktsteuerung (CEE-16 4pol); nicht f\u00fcr die Verwendung im Outdoor-Bereich","og_url":"https:\/\/devstage.fournell.de\/en\/produkt\/chainmaster-bgv-d8plus-0160-motor-kettenzug-hublast-160kg\/","og_site_name":"fournell showtechnik","article_publisher":"https:\/\/de-de.facebook.com\/fournellshowtechnik\/","article_modified_time":"2024-04-23T00:14:56+00:00","og_image":[{"width":1024,"height":768,"url":"https:\/\/devstage.fournell.de\/wp-content\/uploads\/2021\/04\/chainmaster-bgv-d8-plus_neu-2.jpg","type":"image\/jpeg"}],"twitter_card":"summary_large_image","schema":{"@context":"https:\/\/schema.org","@graph":[{"@type":"WebPage","@id":"https:\/\/devstage.fournell.de\/en\/produkt\/chainmaster-bgv-d8plus-0160-motor-kettenzug-hublast-160kg\/","url":"https:\/\/devstage.fournell.de\/en\/produkt\/chainmaster-bgv-d8plus-0160-motor-kettenzug-hublast-160kg\/","name":"CHAINMASTER RiggingLift D8plus\/0160 Motor-Kettenzug (Hublast 160kg); - fournell showtechnik","isPartOf":{"@id":"https:\/\/devstage.fournell.de\/en\/#website"},"primaryImageOfPage":{"@id":"https:\/\/devstage.fournell.de\/en\/produkt\/chainmaster-bgv-d8plus-0160-motor-kettenzug-hublast-160kg\/#primaryimage"},"image":{"@id":"https:\/\/devstage.fournell.de\/en\/produkt\/chainmaster-bgv-d8plus-0160-motor-kettenzug-hublast-160kg\/#primaryimage"},"thumbnailUrl":"https:\/\/devstage.fournell.de\/wp-content\/uploads\/2021\/04\/chainmaster-bgv-d8-plus_neu-1.jpg","datePublished":"2021-04-09T13:29:06+00:00","dateModified":"2024-04-23T00:14:56+00:00","breadcrumb":{"@id":"https:\/\/devstage.fournell.de\/en\/produkt\/chainmaster-bgv-d8plus-0160-motor-kettenzug-hublast-160kg\/#breadcrumb"},"inLanguage":"en-US","potentialAction":[{"@type":"ReadAction","target":["https:\/\/devstage.fournell.de\/en\/produkt\/chainmaster-bgv-d8plus-0160-motor-kettenzug-hublast-160kg\/"]}]},{"@type":"ImageObject","inLanguage":"en-US","@id":"https:\/\/devstage.fournell.de\/en\/produkt\/chainmaster-bgv-d8plus-0160-motor-kettenzug-hublast-160kg\/#primaryimage","url":"https:\/\/devstage.fournell.de\/wp-content\/uploads\/2021\/04\/chainmaster-bgv-d8-plus_neu-1.jpg","contentUrl":"https:\/\/devstage.fournell.de\/wp-content\/uploads\/2021\/04\/chainmaster-bgv-d8-plus_neu-1.jpg","width":1024,"height":768},{"@type":"BreadcrumbList","@id":"https:\/\/devstage.fournell.de\/en\/produkt\/chainmaster-bgv-d8plus-0160-motor-kettenzug-hublast-160kg\/#breadcrumb","itemListElement":[{"@type":"ListItem","position":1,"name":"Home","item":"https:\/\/devstage.fournell.de\/en\/"},{"@type":"ListItem","position":2,"name":"Dry Hire","item":"https:\/\/devstage.fournell.de\/en\/dry-hire\/"},{"@type":"ListItem","position":3,"name":"CHAINMASTER RiggingLift D8plus\/0160 Motor-Kettenzug (Hublast 160kg);"}]},{"@type":"WebSite","@id":"https:\/\/devstage.fournell.de\/en\/#website","url":"https:\/\/devstage.fournell.de\/en\/","name":"fournell showtechnik","description":"","publisher":{"@id":"https:\/\/devstage.fournell.de\/en\/#organization"},"potentialAction":[{"@type":"SearchAction","target":{"@type":"EntryPoint","urlTemplate":"https:\/\/devstage.fournell.de\/en\/?s={search_term_string}"},"query-input":"required name=search_term_string"}],"inLanguage":"en-US"},{"@type":"Organization","@id":"https:\/\/devstage.fournell.de\/en\/#organization","name":"fournell Showtechnik","url":"https:\/\/devstage.fournell.de\/en\/","logo":{"@type":"ImageObject","inLanguage":"en-US","@id":"https:\/\/devstage.fournell.de\/en\/#\/schema\/logo\/image\/","url":"https:\/\/devstage.fournell.de\/wp-content\/uploads\/2021\/03\/bulb.png","contentUrl":"https:\/\/devstage.fournell.de\/wp-content\/uploads\/2021\/03\/bulb.png","width":112,"height":103,"caption":"fournell Showtechnik"},"image":{"@id":"https:\/\/devstage.fournell.de\/en\/#\/schema\/logo\/image\/"},"sameAs":["https:\/\/de-de.facebook.com\/fournellshowtechnik\/","https:\/\/www.instagram.com\/fournellshowtechnik\/?hl=de","https:\/\/www.linkedin.com\/company\/fournell\/?originalSubdomain=de"]}]}},"_links":{"self":[{"href":"https:\/\/devstage.fournell.de\/en\/wp-json\/wp\/v2\/product\/29585"}],"collection":[{"href":"https:\/\/devstage.fournell.de\/en\/wp-json\/wp\/v2\/product"}],"about":[{"href":"https:\/\/devstage.fournell.de\/en\/wp-json\/wp\/v2\/types\/product"}],"wp:featuredmedia":[{"embeddable":true,"href":"https:\/\/devstage.fournell.de\/en\/wp-json\/wp\/v2\/media\/1258729"}],"wp:attachment":[{"href":"https:\/\/devstage.fournell.de\/en\/wp-json\/wp\/v2\/media?parent=29585"}],"wp:term":[{"taxonomy":"product_cat","embeddable":true,"href":"https:\/\/devstage.fournell.de\/en\/wp-json\/wp\/v2\/product_cat?post=29585"},{"taxonomy":"product_tag","embeddable":true,"href":"https:\/\/devstage.fournell.de\/en\/wp-json\/wp\/v2\/product_tag?post=29585"}],"curies":[{"name":"wp","href":"https:\/\/api.w.org\/{rel}","templated":true}]}}