{"id":309001,"date":"2022-05-28T03:07:47","date_gmt":"2022-05-28T02:07:47","guid":{"rendered":"https:\/\/devstage.fournell.de\/product\/roe-meg-helios-std-license-system-controller-fuer-led-video-display\/"},"modified":"2024-04-23T01:00:49","modified_gmt":"2024-04-23T00:00:49","slug":"roe-meg-helios-std-license-system-controller-fuer-led-video-display","status":"publish","type":"product","link":"https:\/\/devstage.fournell.de\/en\/produkt\/roe-meg-helios-std-license-system-controller-fuer-led-video-display\/","title":{"rendered":"ROE MEG-Helios 2x4K System-Controller f\u00fcr LED-Video-Display (2x HDMI);"},"content":{"rendered":"<p>High-End LED-Controller (Megapixel-VR) mit integr. Scaler und LCD-Display; Anbindung von bis zu 4x Fiber Distribution-Box zur Signal\u00fcbertragung \u00fcber gro\u00dfe Entfernungen; HDR; bis zu 12Bit Farbtiefe; integr. Prozessorredundanz; Videoformat-Wandlung; Input: 2x HDMI 2.0 (weitere Inputs optional); 2x 4K\/60Hz (12Bit), 2x 1.920&#215;1.080\/120Hz (12Bit); Input-Aufl\u00f6sung: 2x bis je 4.096&#215;2.160 (60Hz); Output-Aufl\u00f6sung: 18 Millionen Pixel mit 36 Ports (je 510.000 Pixel bei 60Hz\/10Bit); Output: 4x OpticalCon-Duo (Single-Mode); Sync, LAN; ben\u00f6tigt mind. 1x MEG-Helios\/EOS Fiber Distribution-Box zur Ansteuerung von LED-Modulen<\/p>\n","protected":false},"excerpt":{"rendered":"<p>High-End LED-Controller (Megapixel-VR) mit integr. Scaler und LCD-Display; Anbindung von bis zu 4x Fiber Distribution-Box zur Signal\u00fcbertragung \u00fcber gro\u00dfe Entfernungen; HDR; bis zu 12Bit Farbtiefe; integr. Prozessorredundanz; Videoformat-Wandlung; Input: 2x HDMI 2.0 (weitere Inputs optional); 2x 4K\/60Hz (12Bit), 2x 1.920&#215;1.080\/120Hz (12Bit); Input-Aufl\u00f6sung: 2x bis je 4.096&#215;2.160 (60Hz); Output-Aufl\u00f6sung: 18 Millionen Pixel mit 36 Ports (je [&hellip;]<\/p>\n","protected":false},"featured_media":1258308,"template":"","meta":{"_acf_changed":false},"product_cat":[599],"product_tag":[622,603,629],"acf":[],"yoast_head":"<!-- This site is optimized with the Yoast SEO plugin v22.5 - https:\/\/yoast.com\/wordpress\/plugins\/seo\/ -->\n<title>ROE MEG-Helios 2x4K System-Controller f\u00fcr LED-Video-Display (2x HDMI); - fournell showtechnik<\/title>\n<meta name=\"robots\" content=\"index, follow, max-snippet:-1, max-image-preview:large, max-video-preview:-1\" \/>\n<link rel=\"canonical\" href=\"https:\/\/devstage.fournell.de\/en\/produkt\/roe-meg-helios-std-license-system-controller-fuer-led-video-display\/\" \/>\n<meta property=\"og:locale\" content=\"en_US\" \/>\n<meta property=\"og:type\" content=\"article\" \/>\n<meta property=\"og:title\" content=\"ROE MEG-Helios 2x4K System-Controller f\u00fcr LED-Video-Display (2x HDMI); - fournell showtechnik\" \/>\n<meta property=\"og:description\" content=\"High-End LED-Controller (Megapixel-VR) mit integr. Scaler und LCD-Display; Anbindung von bis zu 4x Fiber Distribution-Box zur Signal\u00fcbertragung \u00fcber gro\u00dfe Entfernungen; HDR; bis zu 12Bit Farbtiefe; integr. Prozessorredundanz; Videoformat-Wandlung; Input: 2x HDMI 2.0 (weitere Inputs optional); 2x 4K\/60Hz (12Bit), 2x 1.920&#215;1.080\/120Hz (12Bit); Input-Aufl\u00f6sung: 2x bis je 4.096&#215;2.160 (60Hz); Output-Aufl\u00f6sung: 18 Millionen Pixel mit 36 Ports (je [&hellip;]\" \/>\n<meta property=\"og:url\" content=\"https:\/\/devstage.fournell.de\/en\/produkt\/roe-meg-helios-std-license-system-controller-fuer-led-video-display\/\" \/>\n<meta property=\"og:site_name\" content=\"fournell showtechnik\" \/>\n<meta property=\"article:publisher\" content=\"https:\/\/de-de.facebook.com\/fournellshowtechnik\/\" \/>\n<meta property=\"article:modified_time\" content=\"2024-04-23T00:00:49+00:00\" \/>\n<meta property=\"og:image\" content=\"https:\/\/devstage.fournell.de\/wp-content\/uploads\/2022\/05\/ROEMegapixelHelio-1.jpg\" \/>\n\t<meta property=\"og:image:width\" content=\"1024\" \/>\n\t<meta property=\"og:image:height\" content=\"768\" \/>\n\t<meta property=\"og:image:type\" content=\"image\/jpeg\" \/>\n<meta name=\"twitter:card\" content=\"summary_large_image\" \/>\n<script type=\"application\/ld+json\" class=\"yoast-schema-graph\">{\"@context\":\"https:\/\/schema.org\",\"@graph\":[{\"@type\":\"WebPage\",\"@id\":\"https:\/\/devstage.fournell.de\/en\/produkt\/roe-meg-helios-std-license-system-controller-fuer-led-video-display\/\",\"url\":\"https:\/\/devstage.fournell.de\/en\/produkt\/roe-meg-helios-std-license-system-controller-fuer-led-video-display\/\",\"name\":\"ROE MEG-Helios 2x4K System-Controller f\u00fcr LED-Video-Display (2x HDMI); - fournell showtechnik\",\"isPartOf\":{\"@id\":\"https:\/\/devstage.fournell.de\/en\/#website\"},\"primaryImageOfPage\":{\"@id\":\"https:\/\/devstage.fournell.de\/en\/produkt\/roe-meg-helios-std-license-system-controller-fuer-led-video-display\/#primaryimage\"},\"image\":{\"@id\":\"https:\/\/devstage.fournell.de\/en\/produkt\/roe-meg-helios-std-license-system-controller-fuer-led-video-display\/#primaryimage\"},\"thumbnailUrl\":\"https:\/\/devstage.fournell.de\/wp-content\/uploads\/2022\/05\/ROEMegapixelHelio.jpg\",\"datePublished\":\"2022-05-28T02:07:47+00:00\",\"dateModified\":\"2024-04-23T00:00:49+00:00\",\"breadcrumb\":{\"@id\":\"https:\/\/devstage.fournell.de\/en\/produkt\/roe-meg-helios-std-license-system-controller-fuer-led-video-display\/#breadcrumb\"},\"inLanguage\":\"en-US\",\"potentialAction\":[{\"@type\":\"ReadAction\",\"target\":[\"https:\/\/devstage.fournell.de\/en\/produkt\/roe-meg-helios-std-license-system-controller-fuer-led-video-display\/\"]}]},{\"@type\":\"ImageObject\",\"inLanguage\":\"en-US\",\"@id\":\"https:\/\/devstage.fournell.de\/en\/produkt\/roe-meg-helios-std-license-system-controller-fuer-led-video-display\/#primaryimage\",\"url\":\"https:\/\/devstage.fournell.de\/wp-content\/uploads\/2022\/05\/ROEMegapixelHelio.jpg\",\"contentUrl\":\"https:\/\/devstage.fournell.de\/wp-content\/uploads\/2022\/05\/ROEMegapixelHelio.jpg\",\"width\":1024,\"height\":768},{\"@type\":\"BreadcrumbList\",\"@id\":\"https:\/\/devstage.fournell.de\/en\/produkt\/roe-meg-helios-std-license-system-controller-fuer-led-video-display\/#breadcrumb\",\"itemListElement\":[{\"@type\":\"ListItem\",\"position\":1,\"name\":\"Home\",\"item\":\"https:\/\/devstage.fournell.de\/en\/\"},{\"@type\":\"ListItem\",\"position\":2,\"name\":\"Dry Hire\",\"item\":\"https:\/\/devstage.fournell.de\/en\/dry-hire\/\"},{\"@type\":\"ListItem\",\"position\":3,\"name\":\"ROE MEG-Helios 2x4K System-Controller f\u00fcr LED-Video-Display (2x HDMI);\"}]},{\"@type\":\"WebSite\",\"@id\":\"https:\/\/devstage.fournell.de\/en\/#website\",\"url\":\"https:\/\/devstage.fournell.de\/en\/\",\"name\":\"fournell showtechnik\",\"description\":\"\",\"publisher\":{\"@id\":\"https:\/\/devstage.fournell.de\/en\/#organization\"},\"potentialAction\":[{\"@type\":\"SearchAction\",\"target\":{\"@type\":\"EntryPoint\",\"urlTemplate\":\"https:\/\/devstage.fournell.de\/en\/?s={search_term_string}\"},\"query-input\":\"required name=search_term_string\"}],\"inLanguage\":\"en-US\"},{\"@type\":\"Organization\",\"@id\":\"https:\/\/devstage.fournell.de\/en\/#organization\",\"name\":\"fournell Showtechnik\",\"url\":\"https:\/\/devstage.fournell.de\/en\/\",\"logo\":{\"@type\":\"ImageObject\",\"inLanguage\":\"en-US\",\"@id\":\"https:\/\/devstage.fournell.de\/en\/#\/schema\/logo\/image\/\",\"url\":\"https:\/\/devstage.fournell.de\/wp-content\/uploads\/2021\/03\/bulb.png\",\"contentUrl\":\"https:\/\/devstage.fournell.de\/wp-content\/uploads\/2021\/03\/bulb.png\",\"width\":112,\"height\":103,\"caption\":\"fournell Showtechnik\"},\"image\":{\"@id\":\"https:\/\/devstage.fournell.de\/en\/#\/schema\/logo\/image\/\"},\"sameAs\":[\"https:\/\/de-de.facebook.com\/fournellshowtechnik\/\",\"https:\/\/www.instagram.com\/fournellshowtechnik\/?hl=de\",\"https:\/\/www.linkedin.com\/company\/fournell\/?originalSubdomain=de\"]}]}<\/script>\n<!-- \/ Yoast SEO plugin. -->","yoast_head_json":{"title":"ROE MEG-Helios 2x4K System-Controller f\u00fcr LED-Video-Display (2x HDMI); - fournell showtechnik","robots":{"index":"index","follow":"follow","max-snippet":"max-snippet:-1","max-image-preview":"max-image-preview:large","max-video-preview":"max-video-preview:-1"},"canonical":"https:\/\/devstage.fournell.de\/en\/produkt\/roe-meg-helios-std-license-system-controller-fuer-led-video-display\/","og_locale":"en_US","og_type":"article","og_title":"ROE MEG-Helios 2x4K System-Controller f\u00fcr LED-Video-Display (2x HDMI); - fournell showtechnik","og_description":"High-End LED-Controller (Megapixel-VR) mit integr. Scaler und LCD-Display; Anbindung von bis zu 4x Fiber Distribution-Box zur Signal\u00fcbertragung \u00fcber gro\u00dfe Entfernungen; HDR; bis zu 12Bit Farbtiefe; integr. Prozessorredundanz; Videoformat-Wandlung; Input: 2x HDMI 2.0 (weitere Inputs optional); 2x 4K\/60Hz (12Bit), 2x 1.920&#215;1.080\/120Hz (12Bit); Input-Aufl\u00f6sung: 2x bis je 4.096&#215;2.160 (60Hz); Output-Aufl\u00f6sung: 18 Millionen Pixel mit 36 Ports (je [&hellip;]","og_url":"https:\/\/devstage.fournell.de\/en\/produkt\/roe-meg-helios-std-license-system-controller-fuer-led-video-display\/","og_site_name":"fournell showtechnik","article_publisher":"https:\/\/de-de.facebook.com\/fournellshowtechnik\/","article_modified_time":"2024-04-23T00:00:49+00:00","og_image":[{"width":1024,"height":768,"url":"https:\/\/devstage.fournell.de\/wp-content\/uploads\/2022\/05\/ROEMegapixelHelio-1.jpg","type":"image\/jpeg"}],"twitter_card":"summary_large_image","schema":{"@context":"https:\/\/schema.org","@graph":[{"@type":"WebPage","@id":"https:\/\/devstage.fournell.de\/en\/produkt\/roe-meg-helios-std-license-system-controller-fuer-led-video-display\/","url":"https:\/\/devstage.fournell.de\/en\/produkt\/roe-meg-helios-std-license-system-controller-fuer-led-video-display\/","name":"ROE MEG-Helios 2x4K System-Controller f\u00fcr LED-Video-Display (2x HDMI); - fournell showtechnik","isPartOf":{"@id":"https:\/\/devstage.fournell.de\/en\/#website"},"primaryImageOfPage":{"@id":"https:\/\/devstage.fournell.de\/en\/produkt\/roe-meg-helios-std-license-system-controller-fuer-led-video-display\/#primaryimage"},"image":{"@id":"https:\/\/devstage.fournell.de\/en\/produkt\/roe-meg-helios-std-license-system-controller-fuer-led-video-display\/#primaryimage"},"thumbnailUrl":"https:\/\/devstage.fournell.de\/wp-content\/uploads\/2022\/05\/ROEMegapixelHelio.jpg","datePublished":"2022-05-28T02:07:47+00:00","dateModified":"2024-04-23T00:00:49+00:00","breadcrumb":{"@id":"https:\/\/devstage.fournell.de\/en\/produkt\/roe-meg-helios-std-license-system-controller-fuer-led-video-display\/#breadcrumb"},"inLanguage":"en-US","potentialAction":[{"@type":"ReadAction","target":["https:\/\/devstage.fournell.de\/en\/produkt\/roe-meg-helios-std-license-system-controller-fuer-led-video-display\/"]}]},{"@type":"ImageObject","inLanguage":"en-US","@id":"https:\/\/devstage.fournell.de\/en\/produkt\/roe-meg-helios-std-license-system-controller-fuer-led-video-display\/#primaryimage","url":"https:\/\/devstage.fournell.de\/wp-content\/uploads\/2022\/05\/ROEMegapixelHelio.jpg","contentUrl":"https:\/\/devstage.fournell.de\/wp-content\/uploads\/2022\/05\/ROEMegapixelHelio.jpg","width":1024,"height":768},{"@type":"BreadcrumbList","@id":"https:\/\/devstage.fournell.de\/en\/produkt\/roe-meg-helios-std-license-system-controller-fuer-led-video-display\/#breadcrumb","itemListElement":[{"@type":"ListItem","position":1,"name":"Home","item":"https:\/\/devstage.fournell.de\/en\/"},{"@type":"ListItem","position":2,"name":"Dry Hire","item":"https:\/\/devstage.fournell.de\/en\/dry-hire\/"},{"@type":"ListItem","position":3,"name":"ROE MEG-Helios 2x4K System-Controller f\u00fcr LED-Video-Display (2x HDMI);"}]},{"@type":"WebSite","@id":"https:\/\/devstage.fournell.de\/en\/#website","url":"https:\/\/devstage.fournell.de\/en\/","name":"fournell showtechnik","description":"","publisher":{"@id":"https:\/\/devstage.fournell.de\/en\/#organization"},"potentialAction":[{"@type":"SearchAction","target":{"@type":"EntryPoint","urlTemplate":"https:\/\/devstage.fournell.de\/en\/?s={search_term_string}"},"query-input":"required name=search_term_string"}],"inLanguage":"en-US"},{"@type":"Organization","@id":"https:\/\/devstage.fournell.de\/en\/#organization","name":"fournell Showtechnik","url":"https:\/\/devstage.fournell.de\/en\/","logo":{"@type":"ImageObject","inLanguage":"en-US","@id":"https:\/\/devstage.fournell.de\/en\/#\/schema\/logo\/image\/","url":"https:\/\/devstage.fournell.de\/wp-content\/uploads\/2021\/03\/bulb.png","contentUrl":"https:\/\/devstage.fournell.de\/wp-content\/uploads\/2021\/03\/bulb.png","width":112,"height":103,"caption":"fournell Showtechnik"},"image":{"@id":"https:\/\/devstage.fournell.de\/en\/#\/schema\/logo\/image\/"},"sameAs":["https:\/\/de-de.facebook.com\/fournellshowtechnik\/","https:\/\/www.instagram.com\/fournellshowtechnik\/?hl=de","https:\/\/www.linkedin.com\/company\/fournell\/?originalSubdomain=de"]}]}},"_links":{"self":[{"href":"https:\/\/devstage.fournell.de\/en\/wp-json\/wp\/v2\/product\/309001"}],"collection":[{"href":"https:\/\/devstage.fournell.de\/en\/wp-json\/wp\/v2\/product"}],"about":[{"href":"https:\/\/devstage.fournell.de\/en\/wp-json\/wp\/v2\/types\/product"}],"wp:featuredmedia":[{"embeddable":true,"href":"https:\/\/devstage.fournell.de\/en\/wp-json\/wp\/v2\/media\/1258308"}],"wp:attachment":[{"href":"https:\/\/devstage.fournell.de\/en\/wp-json\/wp\/v2\/media?parent=309001"}],"wp:term":[{"taxonomy":"product_cat","embeddable":true,"href":"https:\/\/devstage.fournell.de\/en\/wp-json\/wp\/v2\/product_cat?post=309001"},{"taxonomy":"product_tag","embeddable":true,"href":"https:\/\/devstage.fournell.de\/en\/wp-json\/wp\/v2\/product_tag?post=309001"}],"curies":[{"name":"wp","href":"https:\/\/api.w.org\/{rel}","templated":true}]}}