{"id":4992,"date":"2021-03-29T13:10:54","date_gmt":"2021-03-29T13:10:54","guid":{"rendered":"https:\/\/devstage.fournell.de\/product\/analog-way-vio-4k-v701-digitaler-multiformatwandler\/"},"modified":"2024-04-23T01:01:47","modified_gmt":"2024-04-23T00:01:47","slug":"analog-way-vio-4k-v701-digitaler-multiformatwandler","status":"publish","type":"product","link":"https:\/\/devstage.fournell.de\/en\/produkt\/analog-way-vio-4k-v701-digitaler-multiformatwandler\/","title":{"rendered":"ANALOG-WAY VIO-4K\/V701 Digitaler Multiformatwandler (OPT-4K60P);"},"content":{"rendered":"<p>Video-Scaler, Scan-Konverter, Switcher und Transcoder; All-in-One-L\u00f6sung f\u00fcr jede Konvertierung; erweiterte Funktionen f\u00fcr LED-W\u00e4nde; 10Bit-Verarbeitung 4:4:4; Eing\u00e4nge: DisplayPort, HDMI, 6G-SDI, Universal-analog, DVI; Ausg\u00e4nge: DisplayPort, HDMI, 6G-SDI, Universal-analog, DVI; Genlock + Loop Through: Tri-Level-Sync. (HD), Black Burst (SD); USB; inkl. 4K\/60Hz-Erweiterung (OPT-4K60P) + Audio-Erweiterung (OPT-AUDIOXLR)<\/p>\n","protected":false},"excerpt":{"rendered":"<p>Video-Scaler, Scan-Konverter, Switcher und Transcoder; All-in-One-L\u00f6sung f\u00fcr jede Konvertierung; erweiterte Funktionen f\u00fcr LED-W\u00e4nde; 10Bit-Verarbeitung 4:4:4; Eing\u00e4nge: DisplayPort, HDMI, 6G-SDI, Universal-analog, DVI; Ausg\u00e4nge: DisplayPort, HDMI, 6G-SDI, Universal-analog, DVI; Genlock + Loop Through: Tri-Level-Sync. (HD), Black Burst (SD); USB; inkl. 4K\/60Hz-Erweiterung (OPT-4K60P) + Audio-Erweiterung (OPT-AUDIOXLR)<\/p>\n","protected":false},"featured_media":1258384,"template":"","meta":{"_acf_changed":false},"product_cat":[484],"product_tag":[763,701,702,762,625,614],"acf":[],"yoast_head":"<!-- This site is optimized with the Yoast SEO plugin v22.5 - https:\/\/yoast.com\/wordpress\/plugins\/seo\/ -->\n<title>ANALOG-WAY VIO-4K\/V701 Digitaler Multiformatwandler (OPT-4K60P); - fournell showtechnik<\/title>\n<meta name=\"robots\" content=\"index, follow, max-snippet:-1, max-image-preview:large, max-video-preview:-1\" \/>\n<link rel=\"canonical\" href=\"https:\/\/devstage.fournell.de\/en\/produkt\/analog-way-vio-4k-v701-digitaler-multiformatwandler\/\" \/>\n<meta property=\"og:locale\" content=\"en_US\" \/>\n<meta property=\"og:type\" content=\"article\" \/>\n<meta property=\"og:title\" content=\"ANALOG-WAY VIO-4K\/V701 Digitaler Multiformatwandler (OPT-4K60P); - fournell showtechnik\" \/>\n<meta property=\"og:description\" content=\"Video-Scaler, Scan-Konverter, Switcher und Transcoder; All-in-One-L\u00f6sung f\u00fcr jede Konvertierung; erweiterte Funktionen f\u00fcr LED-W\u00e4nde; 10Bit-Verarbeitung 4:4:4; Eing\u00e4nge: DisplayPort, HDMI, 6G-SDI, Universal-analog, DVI; Ausg\u00e4nge: DisplayPort, HDMI, 6G-SDI, Universal-analog, DVI; Genlock + Loop Through: Tri-Level-Sync. (HD), Black Burst (SD); USB; inkl. 4K\/60Hz-Erweiterung (OPT-4K60P) + Audio-Erweiterung (OPT-AUDIOXLR)\" \/>\n<meta property=\"og:url\" content=\"https:\/\/devstage.fournell.de\/en\/produkt\/analog-way-vio-4k-v701-digitaler-multiformatwandler\/\" \/>\n<meta property=\"og:site_name\" content=\"fournell showtechnik\" \/>\n<meta property=\"article:publisher\" content=\"https:\/\/de-de.facebook.com\/fournellshowtechnik\/\" \/>\n<meta property=\"article:modified_time\" content=\"2024-04-23T00:01:47+00:00\" \/>\n<meta property=\"og:image\" content=\"https:\/\/devstage.fournell.de\/wp-content\/uploads\/2021\/03\/analog-way-vio-4k_neu-1.jpg\" \/>\n\t<meta property=\"og:image:width\" content=\"1024\" \/>\n\t<meta property=\"og:image:height\" content=\"768\" \/>\n\t<meta property=\"og:image:type\" content=\"image\/jpeg\" \/>\n<meta name=\"twitter:card\" content=\"summary_large_image\" \/>\n<script type=\"application\/ld+json\" class=\"yoast-schema-graph\">{\"@context\":\"https:\/\/schema.org\",\"@graph\":[{\"@type\":\"WebPage\",\"@id\":\"https:\/\/devstage.fournell.de\/en\/produkt\/analog-way-vio-4k-v701-digitaler-multiformatwandler\/\",\"url\":\"https:\/\/devstage.fournell.de\/en\/produkt\/analog-way-vio-4k-v701-digitaler-multiformatwandler\/\",\"name\":\"ANALOG-WAY VIO-4K\/V701 Digitaler Multiformatwandler (OPT-4K60P); - fournell showtechnik\",\"isPartOf\":{\"@id\":\"https:\/\/devstage.fournell.de\/en\/#website\"},\"primaryImageOfPage\":{\"@id\":\"https:\/\/devstage.fournell.de\/en\/produkt\/analog-way-vio-4k-v701-digitaler-multiformatwandler\/#primaryimage\"},\"image\":{\"@id\":\"https:\/\/devstage.fournell.de\/en\/produkt\/analog-way-vio-4k-v701-digitaler-multiformatwandler\/#primaryimage\"},\"thumbnailUrl\":\"https:\/\/devstage.fournell.de\/wp-content\/uploads\/2021\/03\/analog-way-vio-4k_neu.jpg\",\"datePublished\":\"2021-03-29T13:10:54+00:00\",\"dateModified\":\"2024-04-23T00:01:47+00:00\",\"breadcrumb\":{\"@id\":\"https:\/\/devstage.fournell.de\/en\/produkt\/analog-way-vio-4k-v701-digitaler-multiformatwandler\/#breadcrumb\"},\"inLanguage\":\"en-US\",\"potentialAction\":[{\"@type\":\"ReadAction\",\"target\":[\"https:\/\/devstage.fournell.de\/en\/produkt\/analog-way-vio-4k-v701-digitaler-multiformatwandler\/\"]}]},{\"@type\":\"ImageObject\",\"inLanguage\":\"en-US\",\"@id\":\"https:\/\/devstage.fournell.de\/en\/produkt\/analog-way-vio-4k-v701-digitaler-multiformatwandler\/#primaryimage\",\"url\":\"https:\/\/devstage.fournell.de\/wp-content\/uploads\/2021\/03\/analog-way-vio-4k_neu.jpg\",\"contentUrl\":\"https:\/\/devstage.fournell.de\/wp-content\/uploads\/2021\/03\/analog-way-vio-4k_neu.jpg\",\"width\":1024,\"height\":768},{\"@type\":\"BreadcrumbList\",\"@id\":\"https:\/\/devstage.fournell.de\/en\/produkt\/analog-way-vio-4k-v701-digitaler-multiformatwandler\/#breadcrumb\",\"itemListElement\":[{\"@type\":\"ListItem\",\"position\":1,\"name\":\"Home\",\"item\":\"https:\/\/devstage.fournell.de\/en\/\"},{\"@type\":\"ListItem\",\"position\":2,\"name\":\"Dry Hire\",\"item\":\"https:\/\/devstage.fournell.de\/en\/dry-hire\/\"},{\"@type\":\"ListItem\",\"position\":3,\"name\":\"ANALOG-WAY VIO-4K\/V701 Digitaler Multiformatwandler (OPT-4K60P);\"}]},{\"@type\":\"WebSite\",\"@id\":\"https:\/\/devstage.fournell.de\/en\/#website\",\"url\":\"https:\/\/devstage.fournell.de\/en\/\",\"name\":\"fournell showtechnik\",\"description\":\"\",\"publisher\":{\"@id\":\"https:\/\/devstage.fournell.de\/en\/#organization\"},\"potentialAction\":[{\"@type\":\"SearchAction\",\"target\":{\"@type\":\"EntryPoint\",\"urlTemplate\":\"https:\/\/devstage.fournell.de\/en\/?s={search_term_string}\"},\"query-input\":\"required name=search_term_string\"}],\"inLanguage\":\"en-US\"},{\"@type\":\"Organization\",\"@id\":\"https:\/\/devstage.fournell.de\/en\/#organization\",\"name\":\"fournell Showtechnik\",\"url\":\"https:\/\/devstage.fournell.de\/en\/\",\"logo\":{\"@type\":\"ImageObject\",\"inLanguage\":\"en-US\",\"@id\":\"https:\/\/devstage.fournell.de\/en\/#\/schema\/logo\/image\/\",\"url\":\"https:\/\/devstage.fournell.de\/wp-content\/uploads\/2021\/03\/bulb.png\",\"contentUrl\":\"https:\/\/devstage.fournell.de\/wp-content\/uploads\/2021\/03\/bulb.png\",\"width\":112,\"height\":103,\"caption\":\"fournell Showtechnik\"},\"image\":{\"@id\":\"https:\/\/devstage.fournell.de\/en\/#\/schema\/logo\/image\/\"},\"sameAs\":[\"https:\/\/de-de.facebook.com\/fournellshowtechnik\/\",\"https:\/\/www.instagram.com\/fournellshowtechnik\/?hl=de\",\"https:\/\/www.linkedin.com\/company\/fournell\/?originalSubdomain=de\"]}]}<\/script>\n<!-- \/ Yoast SEO plugin. -->","yoast_head_json":{"title":"ANALOG-WAY VIO-4K\/V701 Digitaler Multiformatwandler (OPT-4K60P); - fournell showtechnik","robots":{"index":"index","follow":"follow","max-snippet":"max-snippet:-1","max-image-preview":"max-image-preview:large","max-video-preview":"max-video-preview:-1"},"canonical":"https:\/\/devstage.fournell.de\/en\/produkt\/analog-way-vio-4k-v701-digitaler-multiformatwandler\/","og_locale":"en_US","og_type":"article","og_title":"ANALOG-WAY VIO-4K\/V701 Digitaler Multiformatwandler (OPT-4K60P); - fournell showtechnik","og_description":"Video-Scaler, Scan-Konverter, Switcher und Transcoder; All-in-One-L\u00f6sung f\u00fcr jede Konvertierung; erweiterte Funktionen f\u00fcr LED-W\u00e4nde; 10Bit-Verarbeitung 4:4:4; Eing\u00e4nge: DisplayPort, HDMI, 6G-SDI, Universal-analog, DVI; Ausg\u00e4nge: DisplayPort, HDMI, 6G-SDI, Universal-analog, DVI; Genlock + Loop Through: Tri-Level-Sync. (HD), Black Burst (SD); USB; inkl. 4K\/60Hz-Erweiterung (OPT-4K60P) + Audio-Erweiterung (OPT-AUDIOXLR)","og_url":"https:\/\/devstage.fournell.de\/en\/produkt\/analog-way-vio-4k-v701-digitaler-multiformatwandler\/","og_site_name":"fournell showtechnik","article_publisher":"https:\/\/de-de.facebook.com\/fournellshowtechnik\/","article_modified_time":"2024-04-23T00:01:47+00:00","og_image":[{"width":1024,"height":768,"url":"https:\/\/devstage.fournell.de\/wp-content\/uploads\/2021\/03\/analog-way-vio-4k_neu-1.jpg","type":"image\/jpeg"}],"twitter_card":"summary_large_image","schema":{"@context":"https:\/\/schema.org","@graph":[{"@type":"WebPage","@id":"https:\/\/devstage.fournell.de\/en\/produkt\/analog-way-vio-4k-v701-digitaler-multiformatwandler\/","url":"https:\/\/devstage.fournell.de\/en\/produkt\/analog-way-vio-4k-v701-digitaler-multiformatwandler\/","name":"ANALOG-WAY VIO-4K\/V701 Digitaler Multiformatwandler (OPT-4K60P); - fournell showtechnik","isPartOf":{"@id":"https:\/\/devstage.fournell.de\/en\/#website"},"primaryImageOfPage":{"@id":"https:\/\/devstage.fournell.de\/en\/produkt\/analog-way-vio-4k-v701-digitaler-multiformatwandler\/#primaryimage"},"image":{"@id":"https:\/\/devstage.fournell.de\/en\/produkt\/analog-way-vio-4k-v701-digitaler-multiformatwandler\/#primaryimage"},"thumbnailUrl":"https:\/\/devstage.fournell.de\/wp-content\/uploads\/2021\/03\/analog-way-vio-4k_neu.jpg","datePublished":"2021-03-29T13:10:54+00:00","dateModified":"2024-04-23T00:01:47+00:00","breadcrumb":{"@id":"https:\/\/devstage.fournell.de\/en\/produkt\/analog-way-vio-4k-v701-digitaler-multiformatwandler\/#breadcrumb"},"inLanguage":"en-US","potentialAction":[{"@type":"ReadAction","target":["https:\/\/devstage.fournell.de\/en\/produkt\/analog-way-vio-4k-v701-digitaler-multiformatwandler\/"]}]},{"@type":"ImageObject","inLanguage":"en-US","@id":"https:\/\/devstage.fournell.de\/en\/produkt\/analog-way-vio-4k-v701-digitaler-multiformatwandler\/#primaryimage","url":"https:\/\/devstage.fournell.de\/wp-content\/uploads\/2021\/03\/analog-way-vio-4k_neu.jpg","contentUrl":"https:\/\/devstage.fournell.de\/wp-content\/uploads\/2021\/03\/analog-way-vio-4k_neu.jpg","width":1024,"height":768},{"@type":"BreadcrumbList","@id":"https:\/\/devstage.fournell.de\/en\/produkt\/analog-way-vio-4k-v701-digitaler-multiformatwandler\/#breadcrumb","itemListElement":[{"@type":"ListItem","position":1,"name":"Home","item":"https:\/\/devstage.fournell.de\/en\/"},{"@type":"ListItem","position":2,"name":"Dry Hire","item":"https:\/\/devstage.fournell.de\/en\/dry-hire\/"},{"@type":"ListItem","position":3,"name":"ANALOG-WAY VIO-4K\/V701 Digitaler Multiformatwandler (OPT-4K60P);"}]},{"@type":"WebSite","@id":"https:\/\/devstage.fournell.de\/en\/#website","url":"https:\/\/devstage.fournell.de\/en\/","name":"fournell showtechnik","description":"","publisher":{"@id":"https:\/\/devstage.fournell.de\/en\/#organization"},"potentialAction":[{"@type":"SearchAction","target":{"@type":"EntryPoint","urlTemplate":"https:\/\/devstage.fournell.de\/en\/?s={search_term_string}"},"query-input":"required name=search_term_string"}],"inLanguage":"en-US"},{"@type":"Organization","@id":"https:\/\/devstage.fournell.de\/en\/#organization","name":"fournell Showtechnik","url":"https:\/\/devstage.fournell.de\/en\/","logo":{"@type":"ImageObject","inLanguage":"en-US","@id":"https:\/\/devstage.fournell.de\/en\/#\/schema\/logo\/image\/","url":"https:\/\/devstage.fournell.de\/wp-content\/uploads\/2021\/03\/bulb.png","contentUrl":"https:\/\/devstage.fournell.de\/wp-content\/uploads\/2021\/03\/bulb.png","width":112,"height":103,"caption":"fournell Showtechnik"},"image":{"@id":"https:\/\/devstage.fournell.de\/en\/#\/schema\/logo\/image\/"},"sameAs":["https:\/\/de-de.facebook.com\/fournellshowtechnik\/","https:\/\/www.instagram.com\/fournellshowtechnik\/?hl=de","https:\/\/www.linkedin.com\/company\/fournell\/?originalSubdomain=de"]}]}},"_links":{"self":[{"href":"https:\/\/devstage.fournell.de\/en\/wp-json\/wp\/v2\/product\/4992"}],"collection":[{"href":"https:\/\/devstage.fournell.de\/en\/wp-json\/wp\/v2\/product"}],"about":[{"href":"https:\/\/devstage.fournell.de\/en\/wp-json\/wp\/v2\/types\/product"}],"wp:featuredmedia":[{"embeddable":true,"href":"https:\/\/devstage.fournell.de\/en\/wp-json\/wp\/v2\/media\/1258384"}],"wp:attachment":[{"href":"https:\/\/devstage.fournell.de\/en\/wp-json\/wp\/v2\/media?parent=4992"}],"wp:term":[{"taxonomy":"product_cat","embeddable":true,"href":"https:\/\/devstage.fournell.de\/en\/wp-json\/wp\/v2\/product_cat?post=4992"},{"taxonomy":"product_tag","embeddable":true,"href":"https:\/\/devstage.fournell.de\/en\/wp-json\/wp\/v2\/product_tag?post=4992"}],"curies":[{"name":"wp","href":"https:\/\/api.w.org\/{rel}","templated":true}]}}