{"id":523,"date":"2021-03-17T15:57:48","date_gmt":"2021-03-17T15:57:48","guid":{"rendered":"https:\/\/devstage.fournell.de\/?product=litecraft-powerbar-x15-led-outdoorstick-mit-rgbw-farbmischung-150w"},"modified":"2024-04-23T01:10:24","modified_gmt":"2024-04-23T00:10:24","slug":"litecraft-powerbar-x15-led-outdoorstick-mit-rgbw-farbmischung-150w","status":"publish","type":"product","link":"https:\/\/devstage.fournell.de\/en\/produkt\/litecraft-powerbar-x15-led-outdoorstick-mit-rgbw-farbmischung-150w\/","title":{"rendered":"LITECRAFT PowerBar-X15 LED-Outdoorstick mit RGBW-Farbmischung 150W;"},"content":{"rendered":"<p>15x 10W (4in1) LED`s auf 1,00m Breite; jede LED einzeln ansteuerbar; integr. Effekte; Standf\u00fc\u00dfe und schnell zu montierender H\u00e4ngeb\u00fcgel; DMX-512; XLR 5pol (in\/out); PC\/True1 (in\/out); IP65; Abstrahlwinkel 15\u00b0 (mit beiliegendem Streulichtfilter 20\u00b0)<\/p>\n","protected":false},"excerpt":{"rendered":"<p>15x 10W (4in1) LED`s auf 1,00m Breite; jede LED einzeln ansteuerbar; integr. Effekte; Standf\u00fc\u00dfe und schnell zu montierender H\u00e4ngeb\u00fcgel; DMX-512; XLR 5pol (in\/out); PC\/True1 (in\/out); IP65; Abstrahlwinkel 15\u00b0 (mit beiliegendem Streulichtfilter 20\u00b0)<\/p>\n","protected":false},"featured_media":1258613,"template":"","meta":{"_acf_changed":false},"product_cat":[522],"product_tag":[654,901,643,644,632],"acf":[],"yoast_head":"<!-- This site is optimized with the Yoast SEO plugin v22.5 - https:\/\/yoast.com\/wordpress\/plugins\/seo\/ -->\n<title>LITECRAFT PowerBar-X15 LED-Outdoorstick mit RGBW-Farbmischung 150W; - fournell showtechnik<\/title>\n<meta name=\"robots\" content=\"index, follow, max-snippet:-1, max-image-preview:large, max-video-preview:-1\" \/>\n<link rel=\"canonical\" href=\"https:\/\/devstage.fournell.de\/en\/produkt\/litecraft-powerbar-x15-led-outdoorstick-mit-rgbw-farbmischung-150w\/\" \/>\n<meta property=\"og:locale\" content=\"en_US\" \/>\n<meta property=\"og:type\" content=\"article\" \/>\n<meta property=\"og:title\" content=\"LITECRAFT PowerBar-X15 LED-Outdoorstick mit RGBW-Farbmischung 150W; - fournell showtechnik\" \/>\n<meta property=\"og:description\" content=\"15x 10W (4in1) LED`s auf 1,00m Breite; jede LED einzeln ansteuerbar; integr. Effekte; Standf\u00fc\u00dfe und schnell zu montierender H\u00e4ngeb\u00fcgel; DMX-512; XLR 5pol (in\/out); PC\/True1 (in\/out); IP65; Abstrahlwinkel 15\u00b0 (mit beiliegendem Streulichtfilter 20\u00b0)\" \/>\n<meta property=\"og:url\" content=\"https:\/\/devstage.fournell.de\/en\/produkt\/litecraft-powerbar-x15-led-outdoorstick-mit-rgbw-farbmischung-150w\/\" \/>\n<meta property=\"og:site_name\" content=\"fournell showtechnik\" \/>\n<meta property=\"article:publisher\" content=\"https:\/\/de-de.facebook.com\/fournellshowtechnik\/\" \/>\n<meta property=\"article:modified_time\" content=\"2024-04-23T00:10:24+00:00\" \/>\n<meta property=\"og:image\" content=\"https:\/\/devstage.fournell.de\/wp-content\/uploads\/2021\/03\/litecraft-powerbar-x15_neu.jpg\" \/>\n\t<meta property=\"og:image:width\" content=\"1024\" \/>\n\t<meta property=\"og:image:height\" content=\"768\" \/>\n\t<meta property=\"og:image:type\" content=\"image\/jpeg\" \/>\n<meta name=\"twitter:card\" content=\"summary_large_image\" \/>\n<script type=\"application\/ld+json\" class=\"yoast-schema-graph\">{\"@context\":\"https:\/\/schema.org\",\"@graph\":[{\"@type\":\"WebPage\",\"@id\":\"https:\/\/devstage.fournell.de\/en\/produkt\/litecraft-powerbar-x15-led-outdoorstick-mit-rgbw-farbmischung-150w\/\",\"url\":\"https:\/\/devstage.fournell.de\/en\/produkt\/litecraft-powerbar-x15-led-outdoorstick-mit-rgbw-farbmischung-150w\/\",\"name\":\"LITECRAFT PowerBar-X15 LED-Outdoorstick mit RGBW-Farbmischung 150W; - fournell showtechnik\",\"isPartOf\":{\"@id\":\"https:\/\/devstage.fournell.de\/en\/#website\"},\"primaryImageOfPage\":{\"@id\":\"https:\/\/devstage.fournell.de\/en\/produkt\/litecraft-powerbar-x15-led-outdoorstick-mit-rgbw-farbmischung-150w\/#primaryimage\"},\"image\":{\"@id\":\"https:\/\/devstage.fournell.de\/en\/produkt\/litecraft-powerbar-x15-led-outdoorstick-mit-rgbw-farbmischung-150w\/#primaryimage\"},\"thumbnailUrl\":\"https:\/\/devstage.fournell.de\/wp-content\/uploads\/2021\/03\/litecraft-powerbar-x15_neu-1.jpg\",\"datePublished\":\"2021-03-17T15:57:48+00:00\",\"dateModified\":\"2024-04-23T00:10:24+00:00\",\"breadcrumb\":{\"@id\":\"https:\/\/devstage.fournell.de\/en\/produkt\/litecraft-powerbar-x15-led-outdoorstick-mit-rgbw-farbmischung-150w\/#breadcrumb\"},\"inLanguage\":\"en-US\",\"potentialAction\":[{\"@type\":\"ReadAction\",\"target\":[\"https:\/\/devstage.fournell.de\/en\/produkt\/litecraft-powerbar-x15-led-outdoorstick-mit-rgbw-farbmischung-150w\/\"]}]},{\"@type\":\"ImageObject\",\"inLanguage\":\"en-US\",\"@id\":\"https:\/\/devstage.fournell.de\/en\/produkt\/litecraft-powerbar-x15-led-outdoorstick-mit-rgbw-farbmischung-150w\/#primaryimage\",\"url\":\"https:\/\/devstage.fournell.de\/wp-content\/uploads\/2021\/03\/litecraft-powerbar-x15_neu-1.jpg\",\"contentUrl\":\"https:\/\/devstage.fournell.de\/wp-content\/uploads\/2021\/03\/litecraft-powerbar-x15_neu-1.jpg\",\"width\":1024,\"height\":768},{\"@type\":\"BreadcrumbList\",\"@id\":\"https:\/\/devstage.fournell.de\/en\/produkt\/litecraft-powerbar-x15-led-outdoorstick-mit-rgbw-farbmischung-150w\/#breadcrumb\",\"itemListElement\":[{\"@type\":\"ListItem\",\"position\":1,\"name\":\"Home\",\"item\":\"https:\/\/devstage.fournell.de\/en\/\"},{\"@type\":\"ListItem\",\"position\":2,\"name\":\"Dry Hire\",\"item\":\"https:\/\/devstage.fournell.de\/en\/dry-hire\/\"},{\"@type\":\"ListItem\",\"position\":3,\"name\":\"LITECRAFT PowerBar-X15 LED-Outdoorstick mit RGBW-Farbmischung 150W;\"}]},{\"@type\":\"WebSite\",\"@id\":\"https:\/\/devstage.fournell.de\/en\/#website\",\"url\":\"https:\/\/devstage.fournell.de\/en\/\",\"name\":\"fournell showtechnik\",\"description\":\"\",\"publisher\":{\"@id\":\"https:\/\/devstage.fournell.de\/en\/#organization\"},\"potentialAction\":[{\"@type\":\"SearchAction\",\"target\":{\"@type\":\"EntryPoint\",\"urlTemplate\":\"https:\/\/devstage.fournell.de\/en\/?s={search_term_string}\"},\"query-input\":\"required name=search_term_string\"}],\"inLanguage\":\"en-US\"},{\"@type\":\"Organization\",\"@id\":\"https:\/\/devstage.fournell.de\/en\/#organization\",\"name\":\"fournell Showtechnik\",\"url\":\"https:\/\/devstage.fournell.de\/en\/\",\"logo\":{\"@type\":\"ImageObject\",\"inLanguage\":\"en-US\",\"@id\":\"https:\/\/devstage.fournell.de\/en\/#\/schema\/logo\/image\/\",\"url\":\"https:\/\/devstage.fournell.de\/wp-content\/uploads\/2021\/03\/bulb.png\",\"contentUrl\":\"https:\/\/devstage.fournell.de\/wp-content\/uploads\/2021\/03\/bulb.png\",\"width\":112,\"height\":103,\"caption\":\"fournell Showtechnik\"},\"image\":{\"@id\":\"https:\/\/devstage.fournell.de\/en\/#\/schema\/logo\/image\/\"},\"sameAs\":[\"https:\/\/de-de.facebook.com\/fournellshowtechnik\/\",\"https:\/\/www.instagram.com\/fournellshowtechnik\/?hl=de\",\"https:\/\/www.linkedin.com\/company\/fournell\/?originalSubdomain=de\"]}]}<\/script>\n<!-- \/ Yoast SEO plugin. -->","yoast_head_json":{"title":"LITECRAFT PowerBar-X15 LED-Outdoorstick mit RGBW-Farbmischung 150W; - fournell showtechnik","robots":{"index":"index","follow":"follow","max-snippet":"max-snippet:-1","max-image-preview":"max-image-preview:large","max-video-preview":"max-video-preview:-1"},"canonical":"https:\/\/devstage.fournell.de\/en\/produkt\/litecraft-powerbar-x15-led-outdoorstick-mit-rgbw-farbmischung-150w\/","og_locale":"en_US","og_type":"article","og_title":"LITECRAFT PowerBar-X15 LED-Outdoorstick mit RGBW-Farbmischung 150W; - fournell showtechnik","og_description":"15x 10W (4in1) LED`s auf 1,00m Breite; jede LED einzeln ansteuerbar; integr. Effekte; Standf\u00fc\u00dfe und schnell zu montierender H\u00e4ngeb\u00fcgel; DMX-512; XLR 5pol (in\/out); PC\/True1 (in\/out); IP65; Abstrahlwinkel 15\u00b0 (mit beiliegendem Streulichtfilter 20\u00b0)","og_url":"https:\/\/devstage.fournell.de\/en\/produkt\/litecraft-powerbar-x15-led-outdoorstick-mit-rgbw-farbmischung-150w\/","og_site_name":"fournell showtechnik","article_publisher":"https:\/\/de-de.facebook.com\/fournellshowtechnik\/","article_modified_time":"2024-04-23T00:10:24+00:00","og_image":[{"width":1024,"height":768,"url":"https:\/\/devstage.fournell.de\/wp-content\/uploads\/2021\/03\/litecraft-powerbar-x15_neu.jpg","type":"image\/jpeg"}],"twitter_card":"summary_large_image","schema":{"@context":"https:\/\/schema.org","@graph":[{"@type":"WebPage","@id":"https:\/\/devstage.fournell.de\/en\/produkt\/litecraft-powerbar-x15-led-outdoorstick-mit-rgbw-farbmischung-150w\/","url":"https:\/\/devstage.fournell.de\/en\/produkt\/litecraft-powerbar-x15-led-outdoorstick-mit-rgbw-farbmischung-150w\/","name":"LITECRAFT PowerBar-X15 LED-Outdoorstick mit RGBW-Farbmischung 150W; - fournell showtechnik","isPartOf":{"@id":"https:\/\/devstage.fournell.de\/en\/#website"},"primaryImageOfPage":{"@id":"https:\/\/devstage.fournell.de\/en\/produkt\/litecraft-powerbar-x15-led-outdoorstick-mit-rgbw-farbmischung-150w\/#primaryimage"},"image":{"@id":"https:\/\/devstage.fournell.de\/en\/produkt\/litecraft-powerbar-x15-led-outdoorstick-mit-rgbw-farbmischung-150w\/#primaryimage"},"thumbnailUrl":"https:\/\/devstage.fournell.de\/wp-content\/uploads\/2021\/03\/litecraft-powerbar-x15_neu-1.jpg","datePublished":"2021-03-17T15:57:48+00:00","dateModified":"2024-04-23T00:10:24+00:00","breadcrumb":{"@id":"https:\/\/devstage.fournell.de\/en\/produkt\/litecraft-powerbar-x15-led-outdoorstick-mit-rgbw-farbmischung-150w\/#breadcrumb"},"inLanguage":"en-US","potentialAction":[{"@type":"ReadAction","target":["https:\/\/devstage.fournell.de\/en\/produkt\/litecraft-powerbar-x15-led-outdoorstick-mit-rgbw-farbmischung-150w\/"]}]},{"@type":"ImageObject","inLanguage":"en-US","@id":"https:\/\/devstage.fournell.de\/en\/produkt\/litecraft-powerbar-x15-led-outdoorstick-mit-rgbw-farbmischung-150w\/#primaryimage","url":"https:\/\/devstage.fournell.de\/wp-content\/uploads\/2021\/03\/litecraft-powerbar-x15_neu-1.jpg","contentUrl":"https:\/\/devstage.fournell.de\/wp-content\/uploads\/2021\/03\/litecraft-powerbar-x15_neu-1.jpg","width":1024,"height":768},{"@type":"BreadcrumbList","@id":"https:\/\/devstage.fournell.de\/en\/produkt\/litecraft-powerbar-x15-led-outdoorstick-mit-rgbw-farbmischung-150w\/#breadcrumb","itemListElement":[{"@type":"ListItem","position":1,"name":"Home","item":"https:\/\/devstage.fournell.de\/en\/"},{"@type":"ListItem","position":2,"name":"Dry Hire","item":"https:\/\/devstage.fournell.de\/en\/dry-hire\/"},{"@type":"ListItem","position":3,"name":"LITECRAFT PowerBar-X15 LED-Outdoorstick mit RGBW-Farbmischung 150W;"}]},{"@type":"WebSite","@id":"https:\/\/devstage.fournell.de\/en\/#website","url":"https:\/\/devstage.fournell.de\/en\/","name":"fournell showtechnik","description":"","publisher":{"@id":"https:\/\/devstage.fournell.de\/en\/#organization"},"potentialAction":[{"@type":"SearchAction","target":{"@type":"EntryPoint","urlTemplate":"https:\/\/devstage.fournell.de\/en\/?s={search_term_string}"},"query-input":"required name=search_term_string"}],"inLanguage":"en-US"},{"@type":"Organization","@id":"https:\/\/devstage.fournell.de\/en\/#organization","name":"fournell Showtechnik","url":"https:\/\/devstage.fournell.de\/en\/","logo":{"@type":"ImageObject","inLanguage":"en-US","@id":"https:\/\/devstage.fournell.de\/en\/#\/schema\/logo\/image\/","url":"https:\/\/devstage.fournell.de\/wp-content\/uploads\/2021\/03\/bulb.png","contentUrl":"https:\/\/devstage.fournell.de\/wp-content\/uploads\/2021\/03\/bulb.png","width":112,"height":103,"caption":"fournell Showtechnik"},"image":{"@id":"https:\/\/devstage.fournell.de\/en\/#\/schema\/logo\/image\/"},"sameAs":["https:\/\/de-de.facebook.com\/fournellshowtechnik\/","https:\/\/www.instagram.com\/fournellshowtechnik\/?hl=de","https:\/\/www.linkedin.com\/company\/fournell\/?originalSubdomain=de"]}]}},"_links":{"self":[{"href":"https:\/\/devstage.fournell.de\/en\/wp-json\/wp\/v2\/product\/523"}],"collection":[{"href":"https:\/\/devstage.fournell.de\/en\/wp-json\/wp\/v2\/product"}],"about":[{"href":"https:\/\/devstage.fournell.de\/en\/wp-json\/wp\/v2\/types\/product"}],"wp:featuredmedia":[{"embeddable":true,"href":"https:\/\/devstage.fournell.de\/en\/wp-json\/wp\/v2\/media\/1258613"}],"wp:attachment":[{"href":"https:\/\/devstage.fournell.de\/en\/wp-json\/wp\/v2\/media?parent=523"}],"wp:term":[{"taxonomy":"product_cat","embeddable":true,"href":"https:\/\/devstage.fournell.de\/en\/wp-json\/wp\/v2\/product_cat?post=523"},{"taxonomy":"product_tag","embeddable":true,"href":"https:\/\/devstage.fournell.de\/en\/wp-json\/wp\/v2\/product_tag?post=523"}],"curies":[{"name":"wp","href":"https:\/\/api.w.org\/{rel}","templated":true}]}}