{"id":757601,"date":"2023-05-26T20:59:49","date_gmt":"2023-05-26T19:59:49","guid":{"rendered":"https:\/\/devstage.fournell.de\/product\/ma-lighting-grandma3-2port-node-onpc-2k-dmx-ethernet-wandler\/"},"modified":"2024-04-23T01:13:48","modified_gmt":"2024-04-23T00:13:48","slug":"ma-lighting-grandma3-2port-node-onpc-2k-dmx-ethernet-wandler","status":"publish","type":"product","link":"https:\/\/devstage.fournell.de\/en\/produkt\/ma-lighting-grandma3-2port-node-onpc-2k-dmx-ethernet-wandler\/","title":{"rendered":"MA-LIGHTING GrandMA3\/2Port-Node\/onPC-2K DMX-\/Ethernet-Wandler;"},"content":{"rendered":"<p>MA-Net3, MA-Net2, Art-Net und sACN mit 1Gbit\/s; RDM kompatibel; einfache und schnelle Konfiguration; 3,9&#8243; TFT-Display; Men\u00fc-Encoder; Status-LEDs; l\u00e4sst sich vollst\u00e4ndig \u00fcber GrandMA3\/onPC-Software konfigurieren; 2x DMX-512 out (XLR 5pol.); 1x USB; 1x EtherCON<\/p>\n","protected":false},"excerpt":{"rendered":"<p>MA-Net3, MA-Net2, Art-Net und sACN mit 1Gbit\/s; RDM kompatibel; einfache und schnelle Konfiguration; 3,9&#8243; TFT-Display; Men\u00fc-Encoder; Status-LEDs; l\u00e4sst sich vollst\u00e4ndig \u00fcber GrandMA3\/onPC-Software konfigurieren; 2x DMX-512 out (XLR 5pol.); 1x USB; 1x EtherCON<\/p>\n","protected":false},"featured_media":1258697,"template":"","meta":{"_acf_changed":false},"product_cat":[529],"product_tag":[932,936,605,614],"acf":[],"yoast_head":"<!-- This site is optimized with the Yoast SEO plugin v22.5 - https:\/\/yoast.com\/wordpress\/plugins\/seo\/ -->\n<title>MA-LIGHTING GrandMA3\/2Port-Node\/onPC-2K DMX-\/Ethernet-Wandler; - fournell showtechnik<\/title>\n<meta name=\"robots\" content=\"index, follow, max-snippet:-1, max-image-preview:large, max-video-preview:-1\" \/>\n<link rel=\"canonical\" href=\"https:\/\/devstage.fournell.de\/en\/produkt\/ma-lighting-grandma3-2port-node-onpc-2k-dmx-ethernet-wandler\/\" \/>\n<meta property=\"og:locale\" content=\"en_US\" \/>\n<meta property=\"og:type\" content=\"article\" \/>\n<meta property=\"og:title\" content=\"MA-LIGHTING GrandMA3\/2Port-Node\/onPC-2K DMX-\/Ethernet-Wandler; - fournell showtechnik\" \/>\n<meta property=\"og:description\" content=\"MA-Net3, MA-Net2, Art-Net und sACN mit 1Gbit\/s; RDM kompatibel; einfache und schnelle Konfiguration; 3,9&#8243; TFT-Display; Men\u00fc-Encoder; Status-LEDs; l\u00e4sst sich vollst\u00e4ndig \u00fcber GrandMA3\/onPC-Software konfigurieren; 2x DMX-512 out (XLR 5pol.); 1x USB; 1x EtherCON\" \/>\n<meta property=\"og:url\" content=\"https:\/\/devstage.fournell.de\/en\/produkt\/ma-lighting-grandma3-2port-node-onpc-2k-dmx-ethernet-wandler\/\" \/>\n<meta property=\"og:site_name\" content=\"fournell showtechnik\" \/>\n<meta property=\"article:publisher\" content=\"https:\/\/de-de.facebook.com\/fournellshowtechnik\/\" \/>\n<meta property=\"article:modified_time\" content=\"2024-04-23T00:13:48+00:00\" \/>\n<meta property=\"og:image\" content=\"https:\/\/devstage.fournell.de\/wp-content\/uploads\/2023\/05\/grandMA2nodeonPC-1.jpg\" \/>\n\t<meta property=\"og:image:width\" content=\"1024\" \/>\n\t<meta property=\"og:image:height\" content=\"768\" \/>\n\t<meta property=\"og:image:type\" content=\"image\/jpeg\" \/>\n<meta name=\"twitter:card\" content=\"summary_large_image\" \/>\n<script type=\"application\/ld+json\" class=\"yoast-schema-graph\">{\"@context\":\"https:\/\/schema.org\",\"@graph\":[{\"@type\":\"WebPage\",\"@id\":\"https:\/\/devstage.fournell.de\/en\/produkt\/ma-lighting-grandma3-2port-node-onpc-2k-dmx-ethernet-wandler\/\",\"url\":\"https:\/\/devstage.fournell.de\/en\/produkt\/ma-lighting-grandma3-2port-node-onpc-2k-dmx-ethernet-wandler\/\",\"name\":\"MA-LIGHTING GrandMA3\/2Port-Node\/onPC-2K DMX-\/Ethernet-Wandler; - fournell showtechnik\",\"isPartOf\":{\"@id\":\"https:\/\/devstage.fournell.de\/en\/#website\"},\"primaryImageOfPage\":{\"@id\":\"https:\/\/devstage.fournell.de\/en\/produkt\/ma-lighting-grandma3-2port-node-onpc-2k-dmx-ethernet-wandler\/#primaryimage\"},\"image\":{\"@id\":\"https:\/\/devstage.fournell.de\/en\/produkt\/ma-lighting-grandma3-2port-node-onpc-2k-dmx-ethernet-wandler\/#primaryimage\"},\"thumbnailUrl\":\"https:\/\/devstage.fournell.de\/wp-content\/uploads\/2023\/05\/grandMA2nodeonPC.jpg\",\"datePublished\":\"2023-05-26T19:59:49+00:00\",\"dateModified\":\"2024-04-23T00:13:48+00:00\",\"breadcrumb\":{\"@id\":\"https:\/\/devstage.fournell.de\/en\/produkt\/ma-lighting-grandma3-2port-node-onpc-2k-dmx-ethernet-wandler\/#breadcrumb\"},\"inLanguage\":\"en-US\",\"potentialAction\":[{\"@type\":\"ReadAction\",\"target\":[\"https:\/\/devstage.fournell.de\/en\/produkt\/ma-lighting-grandma3-2port-node-onpc-2k-dmx-ethernet-wandler\/\"]}]},{\"@type\":\"ImageObject\",\"inLanguage\":\"en-US\",\"@id\":\"https:\/\/devstage.fournell.de\/en\/produkt\/ma-lighting-grandma3-2port-node-onpc-2k-dmx-ethernet-wandler\/#primaryimage\",\"url\":\"https:\/\/devstage.fournell.de\/wp-content\/uploads\/2023\/05\/grandMA2nodeonPC.jpg\",\"contentUrl\":\"https:\/\/devstage.fournell.de\/wp-content\/uploads\/2023\/05\/grandMA2nodeonPC.jpg\",\"width\":1024,\"height\":768},{\"@type\":\"BreadcrumbList\",\"@id\":\"https:\/\/devstage.fournell.de\/en\/produkt\/ma-lighting-grandma3-2port-node-onpc-2k-dmx-ethernet-wandler\/#breadcrumb\",\"itemListElement\":[{\"@type\":\"ListItem\",\"position\":1,\"name\":\"Home\",\"item\":\"https:\/\/devstage.fournell.de\/en\/\"},{\"@type\":\"ListItem\",\"position\":2,\"name\":\"Dry Hire\",\"item\":\"https:\/\/devstage.fournell.de\/en\/dry-hire\/\"},{\"@type\":\"ListItem\",\"position\":3,\"name\":\"MA-LIGHTING GrandMA3\/2Port-Node\/onPC-2K DMX-\/Ethernet-Wandler;\"}]},{\"@type\":\"WebSite\",\"@id\":\"https:\/\/devstage.fournell.de\/en\/#website\",\"url\":\"https:\/\/devstage.fournell.de\/en\/\",\"name\":\"fournell showtechnik\",\"description\":\"\",\"publisher\":{\"@id\":\"https:\/\/devstage.fournell.de\/en\/#organization\"},\"potentialAction\":[{\"@type\":\"SearchAction\",\"target\":{\"@type\":\"EntryPoint\",\"urlTemplate\":\"https:\/\/devstage.fournell.de\/en\/?s={search_term_string}\"},\"query-input\":\"required name=search_term_string\"}],\"inLanguage\":\"en-US\"},{\"@type\":\"Organization\",\"@id\":\"https:\/\/devstage.fournell.de\/en\/#organization\",\"name\":\"fournell Showtechnik\",\"url\":\"https:\/\/devstage.fournell.de\/en\/\",\"logo\":{\"@type\":\"ImageObject\",\"inLanguage\":\"en-US\",\"@id\":\"https:\/\/devstage.fournell.de\/en\/#\/schema\/logo\/image\/\",\"url\":\"https:\/\/devstage.fournell.de\/wp-content\/uploads\/2021\/03\/bulb.png\",\"contentUrl\":\"https:\/\/devstage.fournell.de\/wp-content\/uploads\/2021\/03\/bulb.png\",\"width\":112,\"height\":103,\"caption\":\"fournell Showtechnik\"},\"image\":{\"@id\":\"https:\/\/devstage.fournell.de\/en\/#\/schema\/logo\/image\/\"},\"sameAs\":[\"https:\/\/de-de.facebook.com\/fournellshowtechnik\/\",\"https:\/\/www.instagram.com\/fournellshowtechnik\/?hl=de\",\"https:\/\/www.linkedin.com\/company\/fournell\/?originalSubdomain=de\"]}]}<\/script>\n<!-- \/ Yoast SEO plugin. -->","yoast_head_json":{"title":"MA-LIGHTING GrandMA3\/2Port-Node\/onPC-2K DMX-\/Ethernet-Wandler; - fournell showtechnik","robots":{"index":"index","follow":"follow","max-snippet":"max-snippet:-1","max-image-preview":"max-image-preview:large","max-video-preview":"max-video-preview:-1"},"canonical":"https:\/\/devstage.fournell.de\/en\/produkt\/ma-lighting-grandma3-2port-node-onpc-2k-dmx-ethernet-wandler\/","og_locale":"en_US","og_type":"article","og_title":"MA-LIGHTING GrandMA3\/2Port-Node\/onPC-2K DMX-\/Ethernet-Wandler; - fournell showtechnik","og_description":"MA-Net3, MA-Net2, Art-Net und sACN mit 1Gbit\/s; RDM kompatibel; einfache und schnelle Konfiguration; 3,9&#8243; TFT-Display; Men\u00fc-Encoder; Status-LEDs; l\u00e4sst sich vollst\u00e4ndig \u00fcber GrandMA3\/onPC-Software konfigurieren; 2x DMX-512 out (XLR 5pol.); 1x USB; 1x EtherCON","og_url":"https:\/\/devstage.fournell.de\/en\/produkt\/ma-lighting-grandma3-2port-node-onpc-2k-dmx-ethernet-wandler\/","og_site_name":"fournell showtechnik","article_publisher":"https:\/\/de-de.facebook.com\/fournellshowtechnik\/","article_modified_time":"2024-04-23T00:13:48+00:00","og_image":[{"width":1024,"height":768,"url":"https:\/\/devstage.fournell.de\/wp-content\/uploads\/2023\/05\/grandMA2nodeonPC-1.jpg","type":"image\/jpeg"}],"twitter_card":"summary_large_image","schema":{"@context":"https:\/\/schema.org","@graph":[{"@type":"WebPage","@id":"https:\/\/devstage.fournell.de\/en\/produkt\/ma-lighting-grandma3-2port-node-onpc-2k-dmx-ethernet-wandler\/","url":"https:\/\/devstage.fournell.de\/en\/produkt\/ma-lighting-grandma3-2port-node-onpc-2k-dmx-ethernet-wandler\/","name":"MA-LIGHTING GrandMA3\/2Port-Node\/onPC-2K DMX-\/Ethernet-Wandler; - fournell showtechnik","isPartOf":{"@id":"https:\/\/devstage.fournell.de\/en\/#website"},"primaryImageOfPage":{"@id":"https:\/\/devstage.fournell.de\/en\/produkt\/ma-lighting-grandma3-2port-node-onpc-2k-dmx-ethernet-wandler\/#primaryimage"},"image":{"@id":"https:\/\/devstage.fournell.de\/en\/produkt\/ma-lighting-grandma3-2port-node-onpc-2k-dmx-ethernet-wandler\/#primaryimage"},"thumbnailUrl":"https:\/\/devstage.fournell.de\/wp-content\/uploads\/2023\/05\/grandMA2nodeonPC.jpg","datePublished":"2023-05-26T19:59:49+00:00","dateModified":"2024-04-23T00:13:48+00:00","breadcrumb":{"@id":"https:\/\/devstage.fournell.de\/en\/produkt\/ma-lighting-grandma3-2port-node-onpc-2k-dmx-ethernet-wandler\/#breadcrumb"},"inLanguage":"en-US","potentialAction":[{"@type":"ReadAction","target":["https:\/\/devstage.fournell.de\/en\/produkt\/ma-lighting-grandma3-2port-node-onpc-2k-dmx-ethernet-wandler\/"]}]},{"@type":"ImageObject","inLanguage":"en-US","@id":"https:\/\/devstage.fournell.de\/en\/produkt\/ma-lighting-grandma3-2port-node-onpc-2k-dmx-ethernet-wandler\/#primaryimage","url":"https:\/\/devstage.fournell.de\/wp-content\/uploads\/2023\/05\/grandMA2nodeonPC.jpg","contentUrl":"https:\/\/devstage.fournell.de\/wp-content\/uploads\/2023\/05\/grandMA2nodeonPC.jpg","width":1024,"height":768},{"@type":"BreadcrumbList","@id":"https:\/\/devstage.fournell.de\/en\/produkt\/ma-lighting-grandma3-2port-node-onpc-2k-dmx-ethernet-wandler\/#breadcrumb","itemListElement":[{"@type":"ListItem","position":1,"name":"Home","item":"https:\/\/devstage.fournell.de\/en\/"},{"@type":"ListItem","position":2,"name":"Dry Hire","item":"https:\/\/devstage.fournell.de\/en\/dry-hire\/"},{"@type":"ListItem","position":3,"name":"MA-LIGHTING GrandMA3\/2Port-Node\/onPC-2K DMX-\/Ethernet-Wandler;"}]},{"@type":"WebSite","@id":"https:\/\/devstage.fournell.de\/en\/#website","url":"https:\/\/devstage.fournell.de\/en\/","name":"fournell showtechnik","description":"","publisher":{"@id":"https:\/\/devstage.fournell.de\/en\/#organization"},"potentialAction":[{"@type":"SearchAction","target":{"@type":"EntryPoint","urlTemplate":"https:\/\/devstage.fournell.de\/en\/?s={search_term_string}"},"query-input":"required name=search_term_string"}],"inLanguage":"en-US"},{"@type":"Organization","@id":"https:\/\/devstage.fournell.de\/en\/#organization","name":"fournell Showtechnik","url":"https:\/\/devstage.fournell.de\/en\/","logo":{"@type":"ImageObject","inLanguage":"en-US","@id":"https:\/\/devstage.fournell.de\/en\/#\/schema\/logo\/image\/","url":"https:\/\/devstage.fournell.de\/wp-content\/uploads\/2021\/03\/bulb.png","contentUrl":"https:\/\/devstage.fournell.de\/wp-content\/uploads\/2021\/03\/bulb.png","width":112,"height":103,"caption":"fournell Showtechnik"},"image":{"@id":"https:\/\/devstage.fournell.de\/en\/#\/schema\/logo\/image\/"},"sameAs":["https:\/\/de-de.facebook.com\/fournellshowtechnik\/","https:\/\/www.instagram.com\/fournellshowtechnik\/?hl=de","https:\/\/www.linkedin.com\/company\/fournell\/?originalSubdomain=de"]}]}},"_links":{"self":[{"href":"https:\/\/devstage.fournell.de\/en\/wp-json\/wp\/v2\/product\/757601"}],"collection":[{"href":"https:\/\/devstage.fournell.de\/en\/wp-json\/wp\/v2\/product"}],"about":[{"href":"https:\/\/devstage.fournell.de\/en\/wp-json\/wp\/v2\/types\/product"}],"wp:featuredmedia":[{"embeddable":true,"href":"https:\/\/devstage.fournell.de\/en\/wp-json\/wp\/v2\/media\/1258697"}],"wp:attachment":[{"href":"https:\/\/devstage.fournell.de\/en\/wp-json\/wp\/v2\/media?parent=757601"}],"wp:term":[{"taxonomy":"product_cat","embeddable":true,"href":"https:\/\/devstage.fournell.de\/en\/wp-json\/wp\/v2\/product_cat?post=757601"},{"taxonomy":"product_tag","embeddable":true,"href":"https:\/\/devstage.fournell.de\/en\/wp-json\/wp\/v2\/product_tag?post=757601"}],"curies":[{"name":"wp","href":"https:\/\/api.w.org\/{rel}","templated":true}]}}